{"id":626,"date":"2014-11-14T17:30:49","date_gmt":"2014-11-14T16:30:49","guid":{"rendered":"http:\/\/lausitzer-museenland.de\/?page_id=626"},"modified":"2014-12-17T17:19:24","modified_gmt":"2014-12-17T16:19:24","slug":"flugplatzgeschichte-von-welzow","status":"publish","type":"page","link":"https:\/\/www.lausitzer-museenland.de\/dsb\/service\/kobi\/flugplatzgeschichte-von-welzow\/","title":{"rendered":"Flugplatzgeschichte von Welzow"},"content":{"rendered":"<p>Darstellung der Flugplatzgeschichte von 1927 bis zur Gegenwart unter Einbeziehung der Luftfahrttechnik. Bestaunt werden k\u00f6nnen originale Ausstellungsst\u00fccke, vorrangig aus der Zeit des 2. Weltkrieges und der Zeit der Nutzung durch die Sowjetarmee. Die gesamte Historie des Flugplatzes ist in acht zeit- und themenbezogenen R\u00e4umen zu erleben.<\/p>\n<p>Das Angebot findet indoor statt und richtet sich an Sch\u00fcler<br \/>\nder Klassen 5 bis 12.<br \/>\nTermine: nach Absprache<br \/>\nVoranmeldung: mindestens 1 Woche vorher<br \/>\nDauer: ca. 2 Stunden<br \/>\nGruppengr\u00f6\u00dfe: 10 bis 30 Personen<br \/>\nEintritt pro Person: 2,00 \u20ac<\/p>\n<p><a title=\"Flugplatzmuseum Welzow \/ L\u011btani\u0161\u0107owy muzej Wjelcej\" href=\"\/museen\/flugplatzmuseum-welzow\/\">Flugplatzmuseum Welzow<\/a><\/p>","protected":false},"excerpt":{"rendered":"<p>Darstellung der Flugplatzgeschichte von 1927 bis zur Gegenwart unter Einbeziehung der Luftfahrttechnik. Bestaunt werden k\u00f6nnen originale Ausstellungsst\u00fccke, vorrangig aus der Zeit des 2. Weltkrieges und der Zeit der Nutzung durch die Sowjetarmee. Die gesamte Historie des Flugplatzes ist in acht zeit- und themenbezogenen R\u00e4umen zu erleben. Das Angebot findet indoor statt und richtet sich an<\/p>","protected":false},"author":13,"featured_media":0,"parent":380,"menu_order":0,"comment_status":"closed","ping_status":"closed","template":"","meta":[],"_links":{"self":[{"href":"https:\/\/www.lausitzer-museenland.de\/dsb\/wp-json\/wp\/v2\/pages\/626"}],"collection":[{"href":"https:\/\/www.lausitzer-museenland.de\/dsb\/wp-json\/wp\/v2\/pages"}],"about":[{"href":"https:\/\/www.lausitzer-museenland.de\/dsb\/wp-json\/wp\/v2\/types\/page"}],"author":[{"embeddable":true,"href":"https:\/\/www.lausitzer-museenland.de\/dsb\/wp-json\/wp\/v2\/users\/13"}],"replies":[{"embeddable":true,"href":"https:\/\/www.lausitzer-museenland.de\/dsb\/wp-json\/wp\/v2\/comments?post=626"}],"version-history":[{"count":3,"href":"https:\/\/www.lausitzer-museenland.de\/dsb\/wp-json\/wp\/v2\/pages\/626\/revisions"}],"predecessor-version":[{"id":3617,"href":"https:\/\/www.lausitzer-museenland.de\/dsb\/wp-json\/wp\/v2\/pages\/626\/revisions\/3617"}],"up":[{"embeddable":true,"href":"https:\/\/www.lausitzer-museenland.de\/dsb\/wp-json\/wp\/v2\/pages\/380"}],"wp:attachment":[{"href":"https:\/\/www.lausitzer-museenland.de\/dsb\/wp-json\/wp\/v2\/media?parent=626"}],"curies":[{"name":"wp","href":"https:\/\/api.w.org\/{rel}","templated":true}]}}