{"id":628,"date":"2014-11-14T17:32:43","date_gmt":"2014-11-14T16:32:43","guid":{"rendered":"http:\/\/lausitzer-museenland.de\/?page_id=628"},"modified":"2022-06-01T12:02:19","modified_gmt":"2022-06-01T10:02:19","slug":"landwirtschaft-gestern-und-heute","status":"publish","type":"page","link":"https:\/\/www.lausitzer-museenland.de\/dsb\/service\/kobi\/landwirtschaft-gestern-und-heute\/","title":{"rendered":"Landwirtschaft gestern und heute in der Museumsscheune Bloischdorf"},"content":{"rendered":"<p>Um den Kindern zu veranschaulichen, wie m\u00fchsam das Brotbacken in fr\u00fcherer Zeit war, formen die Kinder selbst aus vorgefertigtem Teig die Brotlaibe, die dann anschlie\u00dfend im Museumsbackofen gebacken werden. W\u00e4hrend der Backzeit findet eine F\u00fchrung durch den ehemaligen Schweinestall statt, in dem landwirtschaftliche Maschinen wie z. B. M\u00e4hdrescher, M\u00e4hbinder und Kartoffelklappern ausgestellt sind. Nach R\u00fcckkehr vom Schweinestall schneiden die Kinder die Kr\u00e4uter klein und verarbeiten diese mit Butter und Quark. Die Kinder verzehren das frisch gebackene Brot mit den Brotaufstrichen. Am Ende des Projekttages l\u00f6sen die Kinder ein Quiz bzw. Kreuzwortr\u00e4tsel.<\/p>\n<p>Das Angebot findet indoor und outdoor statt und richtet sich an Sch\u00fcler<br \/>\nder Klassen 1 bis 8.<br \/>\nTermine: nach Absprache<br \/>\nVoranmeldung: mindestens 3 Wochen vorher<br \/>\nDauer: ca. 3 Stunden<br \/>\nGruppengr\u00f6\u00dfe: 10 bis 30 Personen<br \/>\nUnkostenbeitrag pro Person: 7,00 \u20ac<\/p>\n<p><a title=\"Niederlausitzer Sorbisches Dorfmuseum Bloischdorf\/ B\u0142obo\u0161ojce\" href=\"\/museen\/niederlausitzer-sorbisches-dorfmuseum-bloischdorf\/\">Museumsscheune Bloischdorf<\/a><\/p>","protected":false},"excerpt":{"rendered":"<p>Um den Kindern zu veranschaulichen, wie m\u00fchsam das Brotbacken in fr\u00fcherer Zeit war, formen die Kinder selbst aus vorgefertigtem Teig die Brotlaibe, die dann anschlie\u00dfend im Museumsbackofen gebacken werden. W\u00e4hrend der Backzeit findet eine F\u00fchrung durch den ehemaligen Schweinestall statt, in dem landwirtschaftliche Maschinen wie z. B. M\u00e4hdrescher, M\u00e4hbinder und Kartoffelklappern ausgestellt sind. Nach R\u00fcckkehr<\/p>","protected":false},"author":13,"featured_media":0,"parent":380,"menu_order":0,"comment_status":"closed","ping_status":"closed","template":"","meta":[],"_links":{"self":[{"href":"https:\/\/www.lausitzer-museenland.de\/dsb\/wp-json\/wp\/v2\/pages\/628"}],"collection":[{"href":"https:\/\/www.lausitzer-museenland.de\/dsb\/wp-json\/wp\/v2\/pages"}],"about":[{"href":"https:\/\/www.lausitzer-museenland.de\/dsb\/wp-json\/wp\/v2\/types\/page"}],"author":[{"embeddable":true,"href":"https:\/\/www.lausitzer-museenland.de\/dsb\/wp-json\/wp\/v2\/users\/13"}],"replies":[{"embeddable":true,"href":"https:\/\/www.lausitzer-museenland.de\/dsb\/wp-json\/wp\/v2\/comments?post=628"}],"version-history":[{"count":5,"href":"https:\/\/www.lausitzer-museenland.de\/dsb\/wp-json\/wp\/v2\/pages\/628\/revisions"}],"predecessor-version":[{"id":53990,"href":"https:\/\/www.lausitzer-museenland.de\/dsb\/wp-json\/wp\/v2\/pages\/628\/revisions\/53990"}],"up":[{"embeddable":true,"href":"https:\/\/www.lausitzer-museenland.de\/dsb\/wp-json\/wp\/v2\/pages\/380"}],"wp:attachment":[{"href":"https:\/\/www.lausitzer-museenland.de\/dsb\/wp-json\/wp\/v2\/media?parent=628"}],"curies":[{"name":"wp","href":"https:\/\/api.w.org\/{rel}","templated":true}]}}