{"id":631,"date":"2014-11-14T17:34:22","date_gmt":"2014-11-14T16:34:22","guid":{"rendered":"http:\/\/lausitzer-museenland.de\/?page_id=631"},"modified":"2023-11-14T11:34:06","modified_gmt":"2023-11-14T10:34:06","slug":"vom-korn-zum-brot","status":"publish","type":"page","link":"https:\/\/www.lausitzer-museenland.de\/dsb\/service\/kobi\/vom-korn-zum-brot\/","title":{"rendered":"Vom Korn zum Brot in der Museumsscheune Bloischdorf"},"content":{"rendered":"<p>Um den Kindern zu zeigen, wie m\u00fchsam das Brotbacken fr\u00fcher war, formen sie aus vorgefertigtem Teig selbst Brotlaibe, die anschlie\u00dfend im Museumsbackofen gebacken werden.<br \/>\nIn einer Lehrstunde wird viel Wissenswertes \u00fcber Getreide vermittelt. Au\u00dferdem k\u00f6nnen die Kinder aus Sahne Butter herstellen. Anschlie\u00dfend werden Kr\u00e4uter aus dem museumseigenen Kr\u00e4utergarten gesammelt und zu Kr\u00e4uterbutter und Kr\u00e4uterquark verarbeitet. Das Brot wird aus dem Ofen geholt und gek\u00fchlt. W\u00e4hrenddessen l\u00f6sen die Sch\u00fclerinnen und Sch\u00fcler ein Quiz oder ein Kreuzwortr\u00e4tsel. Zum Schluss essen die Kinder das Brot mit Kr\u00e4uterquark und Kr\u00e4uterbutter.<\/p>\n<p>Das Angebot findet indoor und outdoor statt und richtet sich an Kindertagesst\u00e4tten und Sch\u00fcler<br \/>\nder Klassen 1 bis 8.<br \/>\nTermine: nach Absprache<br \/>\nVoranmeldung: mindestens 3 Wochen vorher<br \/>\nDauer: ca. 3 Stunden<br \/>\nGruppengr\u00f6\u00dfe: 10 bis 30 Personen<br \/>\nUnkostenbeitrag pro Person: 7,00 \u20ac<br \/>\n2 Betreuer der Gruppe haben kostenlosen Eintritt<br \/>\n<a title=\"Niederlausitzer Sorbisches Dorfmuseum Bloischdorf\/ B\u0142obo\u0161ojce\" href=\"\/museen\/niederlausitzer-sorbisches-dorfmuseum-bloischdorf\/\">Museumsscheune Bloischdorf<\/a><\/p>","protected":false},"excerpt":{"rendered":"<p>Um den Kindern zu zeigen, wie m\u00fchsam das Brotbacken fr\u00fcher war, formen sie aus vorgefertigtem Teig selbst Brotlaibe, die anschlie\u00dfend im Museumsbackofen gebacken werden. In einer Lehrstunde wird viel Wissenswertes \u00fcber Getreide vermittelt. Au\u00dferdem k\u00f6nnen die Kinder aus Sahne Butter herstellen. Anschlie\u00dfend werden Kr\u00e4uter aus dem museumseigenen Kr\u00e4utergarten gesammelt und zu Kr\u00e4uterbutter und Kr\u00e4uterquark verarbeitet.<\/p>","protected":false},"author":13,"featured_media":0,"parent":380,"menu_order":0,"comment_status":"closed","ping_status":"closed","template":"","meta":[],"_links":{"self":[{"href":"https:\/\/www.lausitzer-museenland.de\/dsb\/wp-json\/wp\/v2\/pages\/631"}],"collection":[{"href":"https:\/\/www.lausitzer-museenland.de\/dsb\/wp-json\/wp\/v2\/pages"}],"about":[{"href":"https:\/\/www.lausitzer-museenland.de\/dsb\/wp-json\/wp\/v2\/types\/page"}],"author":[{"embeddable":true,"href":"https:\/\/www.lausitzer-museenland.de\/dsb\/wp-json\/wp\/v2\/users\/13"}],"replies":[{"embeddable":true,"href":"https:\/\/www.lausitzer-museenland.de\/dsb\/wp-json\/wp\/v2\/comments?post=631"}],"version-history":[{"count":7,"href":"https:\/\/www.lausitzer-museenland.de\/dsb\/wp-json\/wp\/v2\/pages\/631\/revisions"}],"predecessor-version":[{"id":54886,"href":"https:\/\/www.lausitzer-museenland.de\/dsb\/wp-json\/wp\/v2\/pages\/631\/revisions\/54886"}],"up":[{"embeddable":true,"href":"https:\/\/www.lausitzer-museenland.de\/dsb\/wp-json\/wp\/v2\/pages\/380"}],"wp:attachment":[{"href":"https:\/\/www.lausitzer-museenland.de\/dsb\/wp-json\/wp\/v2\/media?parent=631"}],"curies":[{"name":"wp","href":"https:\/\/api.w.org\/{rel}","templated":true}]}}