{"id":636,"date":"2014-11-14T17:36:36","date_gmt":"2014-11-14T16:36:36","guid":{"rendered":"http:\/\/lausitzer-museenland.de\/?page_id=636"},"modified":"2017-04-05T12:55:07","modified_gmt":"2017-04-05T11:55:07","slug":"aus-duennen-faeden-wird-eine-feste-schnur","status":"publish","type":"page","link":"https:\/\/www.lausitzer-museenland.de\/dsb\/service\/kobi\/aus-duennen-faeden-wird-eine-feste-schnur\/","title":{"rendered":"Aus d\u00fcnnen F\u00e4den wird eine feste Schnur im Brandenburgischen Textilmuseum Forst"},"content":{"rendered":"<p>Die Sch\u00fcler erhalten in der Tuchmacherschauwerkstatt eine Sondervorf\u00fchrung an der Flechtmaschine. Sie beobachten, wie diese Maschine durch schnell drehende Bewegungen um die eigene Achse und durch gespannte, ziehende Bewegungen eine feste, geflochtene Schnur entstehen l\u00e4sst. Mit diesen angefertigten Schn\u00fcren k\u00f6nnen die Sch\u00fcler einfache oder anspruchsvollere Schmuckelemente herstellen. Alte Handarbeitstechniken, wie Flechten mit B\u00e4ndern oder Kn\u00fcpfen in einfachen Schritten, werden als praktische Arbeit angeboten.<\/p>\n<p>Das Angebot findet indoor statt und richtet sich an Sch\u00fcler<br \/>\nder Klassen 3 bis 6.<br \/>\nTermine: nach Absprache<br \/>\nVoranmeldung: mindestens 1 Woche vorher<br \/>\nDauer: ca. 1-1,5 Stunden<br \/>\nGruppengr\u00f6\u00dfe: 5 bis 30 Personen<br \/>\nEintritt pro Person: 3,50 \u20ac<\/p>\n<p><a title=\"Brandenburgisches Textilmuseum Forst (Lausitz) \/ Bramborski tekstilny muzej Bar\u0161\u0107 (\u0141u\u017eyca)\" href=\"\/museen\/brandenburgisches-textilmuseum-forst\/\">Brandenburgisches Textilmuseum Forst<\/a><\/p>","protected":false},"excerpt":{"rendered":"<p>Die Sch\u00fcler erhalten in der Tuchmacherschauwerkstatt eine Sondervorf\u00fchrung an der Flechtmaschine. Sie beobachten, wie diese Maschine durch schnell drehende Bewegungen um die eigene Achse und durch gespannte, ziehende Bewegungen eine feste, geflochtene Schnur entstehen l\u00e4sst. Mit diesen angefertigten Schn\u00fcren k\u00f6nnen die Sch\u00fcler einfache oder anspruchsvollere Schmuckelemente herstellen. Alte Handarbeitstechniken, wie Flechten mit B\u00e4ndern oder Kn\u00fcpfen<\/p>","protected":false},"author":13,"featured_media":0,"parent":380,"menu_order":0,"comment_status":"closed","ping_status":"closed","template":"","meta":[],"_links":{"self":[{"href":"https:\/\/www.lausitzer-museenland.de\/dsb\/wp-json\/wp\/v2\/pages\/636"}],"collection":[{"href":"https:\/\/www.lausitzer-museenland.de\/dsb\/wp-json\/wp\/v2\/pages"}],"about":[{"href":"https:\/\/www.lausitzer-museenland.de\/dsb\/wp-json\/wp\/v2\/types\/page"}],"author":[{"embeddable":true,"href":"https:\/\/www.lausitzer-museenland.de\/dsb\/wp-json\/wp\/v2\/users\/13"}],"replies":[{"embeddable":true,"href":"https:\/\/www.lausitzer-museenland.de\/dsb\/wp-json\/wp\/v2\/comments?post=636"}],"version-history":[{"count":5,"href":"https:\/\/www.lausitzer-museenland.de\/dsb\/wp-json\/wp\/v2\/pages\/636\/revisions"}],"predecessor-version":[{"id":9357,"href":"https:\/\/www.lausitzer-museenland.de\/dsb\/wp-json\/wp\/v2\/pages\/636\/revisions\/9357"}],"up":[{"embeddable":true,"href":"https:\/\/www.lausitzer-museenland.de\/dsb\/wp-json\/wp\/v2\/pages\/380"}],"wp:attachment":[{"href":"https:\/\/www.lausitzer-museenland.de\/dsb\/wp-json\/wp\/v2\/media?parent=636"}],"curies":[{"name":"wp","href":"https:\/\/api.w.org\/{rel}","templated":true}]}}