{"id":647,"date":"2014-11-14T17:44:10","date_gmt":"2014-11-14T16:44:10","guid":{"rendered":"http:\/\/lausitzer-museenland.de\/?page_id=647"},"modified":"2017-04-05T12:58:58","modified_gmt":"2017-04-05T11:58:58","slug":"patchworkkissen-selbst-naehen","status":"publish","type":"page","link":"https:\/\/www.lausitzer-museenland.de\/dsb\/service\/kobi\/patchworkkissen-selbst-naehen\/","title":{"rendered":"Ein kuscheliges Patchworkkissen selbst n\u00e4hen im Brandenburgischen Textilmuseum Forst"},"content":{"rendered":"<p>Patchwork \u2013 diese k\u00fcnstlerisch ansprechende Textilarbeit hei\u00dft w\u00f6rtlich \u00fcbersetzt \u201eFlickenarbeit\u201c. Im alten \u00c4gypten, also vor \u00fcber 2000 Jahren, fand diese gestalterische Technik ihre Anwendung. Seit Jahrtausenden haben Menschen in aller Welt aus Not oder aus Spa\u00df Stoffst\u00fccke aneinander gepuzzelt und dann zusammengen\u00e4ht, um wieder einen \u201eneuen Stoff\u201c herzustellen. Durch Erfindungsreichtum, verschiedene Materialien und kulturelle Unterschiede sind eine Vielzahl verschiedener Muster und Patchworktechniken entstanden.<\/p>\n<p>Aktion: N\u00e4hen eines Patchworkkissens<\/p>\n<p>Das Angebot findet indoor statt und richtet sich an Sch\u00fcler<br \/>\nder Klassen 6 bis 10.<br \/>\nTermine: nach Absprache<br \/>\nVoranmeldung: mindestens 1 Woche vorher<br \/>\nDauer: ca. 1 bis 1,5 Stunden<br \/>\nGruppengr\u00f6\u00dfe: 5 bis 30 Personen<br \/>\nEintritt pro Person: 3,50 \u20ac<\/p>\n<p><a title=\"Brandenburgisches Textilmuseum Forst (Lausitz) \/ Bramborski tekstilny muzej Bar\u0161\u0107 (\u0141u\u017eyca)\" href=\"\/museen\/brandenburgisches-textilmuseum-forst\/\">Brandenburgisches Textilmuseum Forst<\/a><\/p>","protected":false},"excerpt":{"rendered":"<p>Patchwork \u2013 diese k\u00fcnstlerisch ansprechende Textilarbeit hei\u00dft w\u00f6rtlich \u00fcbersetzt \u201eFlickenarbeit\u201c. Im alten \u00c4gypten, also vor \u00fcber 2000 Jahren, fand diese gestalterische Technik ihre Anwendung. Seit Jahrtausenden haben Menschen in aller Welt aus Not oder aus Spa\u00df Stoffst\u00fccke aneinander gepuzzelt und dann zusammengen\u00e4ht, um wieder einen \u201eneuen Stoff\u201c herzustellen. Durch Erfindungsreichtum, verschiedene Materialien und kulturelle Unterschiede<\/p>","protected":false},"author":13,"featured_media":0,"parent":380,"menu_order":0,"comment_status":"closed","ping_status":"closed","template":"","meta":[],"_links":{"self":[{"href":"https:\/\/www.lausitzer-museenland.de\/dsb\/wp-json\/wp\/v2\/pages\/647"}],"collection":[{"href":"https:\/\/www.lausitzer-museenland.de\/dsb\/wp-json\/wp\/v2\/pages"}],"about":[{"href":"https:\/\/www.lausitzer-museenland.de\/dsb\/wp-json\/wp\/v2\/types\/page"}],"author":[{"embeddable":true,"href":"https:\/\/www.lausitzer-museenland.de\/dsb\/wp-json\/wp\/v2\/users\/13"}],"replies":[{"embeddable":true,"href":"https:\/\/www.lausitzer-museenland.de\/dsb\/wp-json\/wp\/v2\/comments?post=647"}],"version-history":[{"count":4,"href":"https:\/\/www.lausitzer-museenland.de\/dsb\/wp-json\/wp\/v2\/pages\/647\/revisions"}],"predecessor-version":[{"id":9852,"href":"https:\/\/www.lausitzer-museenland.de\/dsb\/wp-json\/wp\/v2\/pages\/647\/revisions\/9852"}],"up":[{"embeddable":true,"href":"https:\/\/www.lausitzer-museenland.de\/dsb\/wp-json\/wp\/v2\/pages\/380"}],"wp:attachment":[{"href":"https:\/\/www.lausitzer-museenland.de\/dsb\/wp-json\/wp\/v2\/media?parent=647"}],"curies":[{"name":"wp","href":"https:\/\/api.w.org\/{rel}","templated":true}]}}