{"id":650,"date":"2014-11-14T17:45:50","date_gmt":"2014-11-14T16:45:50","guid":{"rendered":"http:\/\/lausitzer-museenland.de\/?page_id=650"},"modified":"2017-04-05T13:00:42","modified_gmt":"2017-04-05T12:00:42","slug":"fadenbilder","status":"publish","type":"page","link":"https:\/\/www.lausitzer-museenland.de\/dsb\/service\/kobi\/fadenbilder\/","title":{"rendered":"Fadenbilder im Brandenburgischen Textilmuseum Forst"},"content":{"rendered":"<p>In der Tuchmacherschauwerkstatt erleben die Sch\u00fcler die Arbeitsschritte, die zur Herstellung eines Fadens notwendig sind. Die Vorf\u00fchrungen werden an den historischen Handger\u00e4ten und den Maschinen aus dem 20. Jahrhundert demonstriert. Die handbetriebenen und maschinellen Arbeitsg\u00e4nge werden am Spinnrad, Spulrad, Musterkrempel, Selfaktor und an der Ringspinnmaschine vorgef\u00fchrt und vom Fachpersonal erl\u00e4utert. In einer anschlie\u00dfenden, praktischen Arbeit fertigen die Besucher aus vielen, farbenpr\u00e4chtigen F\u00e4den auf einem Spannrahmen ein Faden- Kunstwerk an.<\/p>\n<p>Das Angebot findet indoor statt und richtet sich an Sch\u00fcler<br \/>\nder Klassen 3 bis 6.<br \/>\nTermine: nach Absprache<br \/>\nVoranmeldung: mindestens 1 Woche vorher<br \/>\nDauer: ca. 1,5 Stunden<br \/>\nGruppengr\u00f6\u00dfe: 5 bis 30 Personen<br \/>\nEintritt pro Person: 3,50 \u20ac<\/p>\n<p><a title=\"Brandenburgisches Textilmuseum Forst (Lausitz) \/ Bramborski tekstilny muzej Bar\u0161\u0107 (\u0141u\u017eyca)\" href=\"\/museen\/brandenburgisches-textilmuseum-forst\/\">Brandenburgisches Textilmuseum Forst<\/a><\/p>","protected":false},"excerpt":{"rendered":"<p>In der Tuchmacherschauwerkstatt erleben die Sch\u00fcler die Arbeitsschritte, die zur Herstellung eines Fadens notwendig sind. Die Vorf\u00fchrungen werden an den historischen Handger\u00e4ten und den Maschinen aus dem 20. Jahrhundert demonstriert. Die handbetriebenen und maschinellen Arbeitsg\u00e4nge werden am Spinnrad, Spulrad, Musterkrempel, Selfaktor und an der Ringspinnmaschine vorgef\u00fchrt und vom Fachpersonal erl\u00e4utert. In einer anschlie\u00dfenden, praktischen Arbeit<\/p>","protected":false},"author":13,"featured_media":0,"parent":380,"menu_order":0,"comment_status":"closed","ping_status":"closed","template":"","meta":[],"_links":{"self":[{"href":"https:\/\/www.lausitzer-museenland.de\/dsb\/wp-json\/wp\/v2\/pages\/650"}],"collection":[{"href":"https:\/\/www.lausitzer-museenland.de\/dsb\/wp-json\/wp\/v2\/pages"}],"about":[{"href":"https:\/\/www.lausitzer-museenland.de\/dsb\/wp-json\/wp\/v2\/types\/page"}],"author":[{"embeddable":true,"href":"https:\/\/www.lausitzer-museenland.de\/dsb\/wp-json\/wp\/v2\/users\/13"}],"replies":[{"embeddable":true,"href":"https:\/\/www.lausitzer-museenland.de\/dsb\/wp-json\/wp\/v2\/comments?post=650"}],"version-history":[{"count":4,"href":"https:\/\/www.lausitzer-museenland.de\/dsb\/wp-json\/wp\/v2\/pages\/650\/revisions"}],"predecessor-version":[{"id":10017,"href":"https:\/\/www.lausitzer-museenland.de\/dsb\/wp-json\/wp\/v2\/pages\/650\/revisions\/10017"}],"up":[{"embeddable":true,"href":"https:\/\/www.lausitzer-museenland.de\/dsb\/wp-json\/wp\/v2\/pages\/380"}],"wp:attachment":[{"href":"https:\/\/www.lausitzer-museenland.de\/dsb\/wp-json\/wp\/v2\/media?parent=650"}],"curies":[{"name":"wp","href":"https:\/\/api.w.org\/{rel}","templated":true}]}}