{"id":652,"date":"2014-11-14T17:47:01","date_gmt":"2014-11-14T16:47:01","guid":{"rendered":"http:\/\/lausitzer-museenland.de\/?page_id=652"},"modified":"2017-04-05T13:01:58","modified_gmt":"2017-04-05T12:01:58","slug":"filzen-mit-schafwolle","status":"publish","type":"page","link":"https:\/\/www.lausitzer-museenland.de\/dsb\/service\/kobi\/filzen-mit-schafwolle\/","title":{"rendered":"Filzen mit Schafwolle im Brandenburgischen Textilmuseum Forst"},"content":{"rendered":"<p>Bei einem Rundgang durch die Tuchmacherschauwerkstatt erfahren die Sch\u00fcler, wie Schafwolle verarbeitet wird. Die Sch\u00fcler k\u00f6nnen das Nass- bzw. das Trockenfilzen ausprobieren und so Accessoires f\u00fcr die Wohnung selbst herstellen.<\/p>\n<p>Das Angebot findet indoor statt und richtet sich an Sch\u00fcler<br \/>\nder Klassen 3 bis 6.<br \/>\nTermine: nach Absprache<br \/>\nVoranmeldung: mindestens 1 Woche vorher<br \/>\nDauer: ca. 2 Stunden<br \/>\nGruppengr\u00f6\u00dfe: 5 bis 30 Personen<br \/>\nEintritt pro Person: 3,50 \u20ac<\/p>\n<p><a title=\"Brandenburgisches Textilmuseum Forst (Lausitz) \/ Bramborski tekstilny muzej Bar\u0161\u0107 (\u0141u\u017eyca)\" href=\"\/museen\/brandenburgisches-textilmuseum-forst\/\">Brandenburgisches Textilmuseum Forst<\/a><\/p>","protected":false},"excerpt":{"rendered":"<p>Bei einem Rundgang durch die Tuchmacherschauwerkstatt erfahren die Sch\u00fcler, wie Schafwolle verarbeitet wird. Die Sch\u00fcler k\u00f6nnen das Nass- bzw. das Trockenfilzen ausprobieren und so Accessoires f\u00fcr die Wohnung selbst herstellen. Das Angebot findet indoor statt und richtet sich an Sch\u00fcler der Klassen 3 bis 6. Termine: nach Absprache Voranmeldung: mindestens 1 Woche vorher Dauer: ca.<\/p>","protected":false},"author":13,"featured_media":0,"parent":380,"menu_order":0,"comment_status":"closed","ping_status":"closed","template":"","meta":[],"_links":{"self":[{"href":"https:\/\/www.lausitzer-museenland.de\/dsb\/wp-json\/wp\/v2\/pages\/652"}],"collection":[{"href":"https:\/\/www.lausitzer-museenland.de\/dsb\/wp-json\/wp\/v2\/pages"}],"about":[{"href":"https:\/\/www.lausitzer-museenland.de\/dsb\/wp-json\/wp\/v2\/types\/page"}],"author":[{"embeddable":true,"href":"https:\/\/www.lausitzer-museenland.de\/dsb\/wp-json\/wp\/v2\/users\/13"}],"replies":[{"embeddable":true,"href":"https:\/\/www.lausitzer-museenland.de\/dsb\/wp-json\/wp\/v2\/comments?post=652"}],"version-history":[{"count":4,"href":"https:\/\/www.lausitzer-museenland.de\/dsb\/wp-json\/wp\/v2\/pages\/652\/revisions"}],"predecessor-version":[{"id":10182,"href":"https:\/\/www.lausitzer-museenland.de\/dsb\/wp-json\/wp\/v2\/pages\/652\/revisions\/10182"}],"up":[{"embeddable":true,"href":"https:\/\/www.lausitzer-museenland.de\/dsb\/wp-json\/wp\/v2\/pages\/380"}],"wp:attachment":[{"href":"https:\/\/www.lausitzer-museenland.de\/dsb\/wp-json\/wp\/v2\/media?parent=652"}],"curies":[{"name":"wp","href":"https:\/\/api.w.org\/{rel}","templated":true}]}}