{"id":657,"date":"2014-11-14T17:49:16","date_gmt":"2014-11-14T16:49:16","guid":{"rendered":"http:\/\/lausitzer-museenland.de\/?page_id=657"},"modified":"2017-04-05T13:03:54","modified_gmt":"2017-04-05T12:03:54","slug":"hochwasser-und-seine-folgen","status":"publish","type":"page","link":"https:\/\/www.lausitzer-museenland.de\/dsb\/service\/kobi\/hochwasser-und-seine-folgen\/","title":{"rendered":"Hochwasser und seine Folgen im Brandenburgischen Textilmuseum Forst"},"content":{"rendered":"<p>Die Sch\u00fcler erfahren Wissenswertes \u00fcber die Hochwasserkatastrophen in der Stadt und Umgebung von Forst in Wort und Bild. In einem Begleitheft werden verschiedene Begriffe rund um das Hochwasser erkl\u00e4rt. Aus historischen Zeitungsberichten h\u00f6ren die Sch\u00fcler von der Katastrophennacht aus dem Jahr 1897. An einem Modell, das im Querschnitt die Erdoberfl\u00e4che zeigt, werden die Wirkungen der Flutwellen eines Hochwassers simuliert.<\/p>\n<p>Aktion: Arbeit mit dem Begleitheft, Beobachtung des Vorgangs im \u00dcberflutungsmodell, Bauen einer Sandsackmauer<\/p>\n<p>Das Angebot findet indoor und outdoor statt und richtet sich an Sch\u00fcler<br \/>\nder Klassen 3 bis 6.<br \/>\nTermine: nach Absprache<br \/>\nVoranmeldung: mindestens 1 Woche vorher<br \/>\nDauer: ca. 2 Stunden<br \/>\nGruppengr\u00f6\u00dfe: 5 bis 30 Personen<br \/>\nEintritt pro Person: 3,50 \u20ac<\/p>\n<p><a title=\"Brandenburgisches Textilmuseum Forst (Lausitz) \/ Bramborski tekstilny muzej Bar\u0161\u0107 (\u0141u\u017eyca)\" href=\"\/museen\/brandenburgisches-textilmuseum-forst\/\">Brandenburgisches Textilmuseum Forst<\/a><\/p>","protected":false},"excerpt":{"rendered":"<p>Die Sch\u00fcler erfahren Wissenswertes \u00fcber die Hochwasserkatastrophen in der Stadt und Umgebung von Forst in Wort und Bild. In einem Begleitheft werden verschiedene Begriffe rund um das Hochwasser erkl\u00e4rt. Aus historischen Zeitungsberichten h\u00f6ren die Sch\u00fcler von der Katastrophennacht aus dem Jahr 1897. An einem Modell, das im Querschnitt die Erdoberfl\u00e4che zeigt, werden die Wirkungen der<\/p>","protected":false},"author":13,"featured_media":0,"parent":380,"menu_order":0,"comment_status":"closed","ping_status":"closed","template":"","meta":[],"_links":{"self":[{"href":"https:\/\/www.lausitzer-museenland.de\/dsb\/wp-json\/wp\/v2\/pages\/657"}],"collection":[{"href":"https:\/\/www.lausitzer-museenland.de\/dsb\/wp-json\/wp\/v2\/pages"}],"about":[{"href":"https:\/\/www.lausitzer-museenland.de\/dsb\/wp-json\/wp\/v2\/types\/page"}],"author":[{"embeddable":true,"href":"https:\/\/www.lausitzer-museenland.de\/dsb\/wp-json\/wp\/v2\/users\/13"}],"replies":[{"embeddable":true,"href":"https:\/\/www.lausitzer-museenland.de\/dsb\/wp-json\/wp\/v2\/comments?post=657"}],"version-history":[{"count":5,"href":"https:\/\/www.lausitzer-museenland.de\/dsb\/wp-json\/wp\/v2\/pages\/657\/revisions"}],"predecessor-version":[{"id":10347,"href":"https:\/\/www.lausitzer-museenland.de\/dsb\/wp-json\/wp\/v2\/pages\/657\/revisions\/10347"}],"up":[{"embeddable":true,"href":"https:\/\/www.lausitzer-museenland.de\/dsb\/wp-json\/wp\/v2\/pages\/380"}],"wp:attachment":[{"href":"https:\/\/www.lausitzer-museenland.de\/dsb\/wp-json\/wp\/v2\/media?parent=657"}],"curies":[{"name":"wp","href":"https:\/\/api.w.org\/{rel}","templated":true}]}}