{"id":660,"date":"2014-11-14T17:50:25","date_gmt":"2014-11-14T16:50:25","guid":{"rendered":"http:\/\/lausitzer-museenland.de\/?page_id=660"},"modified":"2017-04-05T13:04:43","modified_gmt":"2017-04-05T12:04:43","slug":"industrialisierung","status":"publish","type":"page","link":"https:\/\/www.lausitzer-museenland.de\/dsb\/service\/kobi\/industrialisierung\/","title":{"rendered":"Industrialisierung im Brandenburgischen Textilmuseum Forst"},"content":{"rendered":"<p>Viele leerstehende Fabriken sowie die Bahnschienen der \u201eSchwarzen Jule\u201c erz\u00e4hlen von dem einst so pulsierenden \u201eDeutschen Manchester\u201c. Es wird von Pers\u00f6nlichkeiten berichtet , die Forst zum industriellen Aufschwung und Ansehen verholfen haben. Welche Voraussetzungen waren f\u00fcr den Betrieb mechanischer Maschinen n\u00f6tig? Welcher Zusammenhang besteht zwischen der industriellen Entwicklung in Forst und den Lebensumst\u00e4nden der Arbeitnehmer und Arbeitgeber? Wie werden heute Garn und Tuch hergestellt? Vielen Fragen werden wir hier gemeinsam nachgehen und Antworten finden.<\/p>\n<p>Aktion: Arbeit mit Video &#8211; Ausschnitten, alten Adressb\u00fcchern und Chroniken, Erfassen technischer Daten der Maschinen in der Tuchmacherschauwerkstatt und Stadtrundgang<\/p>\n<p>Das Angebot findet indoor und outdoor statt und richtet sich an Sch\u00fcler<br \/>\nder Klassen 8 bis 10.<br \/>\nTermine: nach Absprache<br \/>\nVoranmeldung: mindestens 1 Woche vorher<br \/>\nDauer: ca. 3 Stunden<br \/>\nGruppengr\u00f6\u00dfe: 5 bis 30 Personen<br \/>\nEintritt pro Person: 3,50 \u20ac<\/p>\n<p><a title=\"Brandenburgisches Textilmuseum Forst (Lausitz) \/ Bramborski tekstilny muzej Bar\u0161\u0107 (\u0141u\u017eyca)\" href=\"\/museen\/brandenburgisches-textilmuseum-forst\/\">Brandenburgisches Textilmuseum Forst<\/a><\/p>","protected":false},"excerpt":{"rendered":"<p>Viele leerstehende Fabriken sowie die Bahnschienen der \u201eSchwarzen Jule\u201c erz\u00e4hlen von dem einst so pulsierenden \u201eDeutschen Manchester\u201c. Es wird von Pers\u00f6nlichkeiten berichtet , die Forst zum industriellen Aufschwung und Ansehen verholfen haben. Welche Voraussetzungen waren f\u00fcr den Betrieb mechanischer Maschinen n\u00f6tig? Welcher Zusammenhang besteht zwischen der industriellen Entwicklung in Forst und den Lebensumst\u00e4nden der Arbeitnehmer<\/p>","protected":false},"author":13,"featured_media":0,"parent":380,"menu_order":0,"comment_status":"closed","ping_status":"closed","template":"","meta":[],"_links":{"self":[{"href":"https:\/\/www.lausitzer-museenland.de\/dsb\/wp-json\/wp\/v2\/pages\/660"}],"collection":[{"href":"https:\/\/www.lausitzer-museenland.de\/dsb\/wp-json\/wp\/v2\/pages"}],"about":[{"href":"https:\/\/www.lausitzer-museenland.de\/dsb\/wp-json\/wp\/v2\/types\/page"}],"author":[{"embeddable":true,"href":"https:\/\/www.lausitzer-museenland.de\/dsb\/wp-json\/wp\/v2\/users\/13"}],"replies":[{"embeddable":true,"href":"https:\/\/www.lausitzer-museenland.de\/dsb\/wp-json\/wp\/v2\/comments?post=660"}],"version-history":[{"count":4,"href":"https:\/\/www.lausitzer-museenland.de\/dsb\/wp-json\/wp\/v2\/pages\/660\/revisions"}],"predecessor-version":[{"id":10512,"href":"https:\/\/www.lausitzer-museenland.de\/dsb\/wp-json\/wp\/v2\/pages\/660\/revisions\/10512"}],"up":[{"embeddable":true,"href":"https:\/\/www.lausitzer-museenland.de\/dsb\/wp-json\/wp\/v2\/pages\/380"}],"wp:attachment":[{"href":"https:\/\/www.lausitzer-museenland.de\/dsb\/wp-json\/wp\/v2\/media?parent=660"}],"curies":[{"name":"wp","href":"https:\/\/api.w.org\/{rel}","templated":true}]}}