{"id":663,"date":"2014-11-14T17:51:43","date_gmt":"2014-11-14T16:51:43","guid":{"rendered":"http:\/\/lausitzer-museenland.de\/?page_id=663"},"modified":"2017-04-05T13:05:23","modified_gmt":"2017-04-05T12:05:23","slug":"raubritter-nickel-von-rothe","status":"publish","type":"page","link":"https:\/\/www.lausitzer-museenland.de\/dsb\/service\/kobi\/raubritter-nickel-von-rothe\/","title":{"rendered":"Raubritter Nickel von Rothe &#8211; im Brandenburgischen Textilmuseum Forst"},"content":{"rendered":"<p>Nickel von Rothe, ein Ritter f\u00fcr die armen Bauersleute? Oder ein Raubritter, der verfolgt und dem das Handwerk gelegt wurde? Der sagenumwobene Nickel von Rothe lebte im ausgehenden Mittelalter in M\u00fcckenhain bei Forst und trieb in der Umgebung sein Unwesen. Diese Geschichte k\u00f6nnen Interessierte im Museum sehen und h\u00f6ren.<\/p>\n<p>Aktion: Dia &#8211; Vortrag mit historischer Sage, Ritter als Hampelmann basteln<\/p>\n<p>Das Angebot findet indoor statt und richtet sich an Sch\u00fcler<br \/>\nder Klassen 1 bis 3.<br \/>\nTermine: nach Absprache<br \/>\nVoranmeldung: mindestens 1 Woche vorher<br \/>\nDauer: ca. 1,5 Stunden<br \/>\nGruppengr\u00f6\u00dfe: 5 bis 30 Personen<br \/>\nEintritt pro Person: 3,50 \u20ac<\/p>\n<p><a title=\"Brandenburgisches Textilmuseum Forst (Lausitz) \/ Bramborski tekstilny muzej Bar\u0161\u0107 (\u0141u\u017eyca)\" href=\"\/museen\/brandenburgisches-textilmuseum-forst\/\">Brandenburgisches Textilmuseum Forst<\/a><\/p>","protected":false},"excerpt":{"rendered":"<p>Nickel von Rothe, ein Ritter f\u00fcr die armen Bauersleute? Oder ein Raubritter, der verfolgt und dem das Handwerk gelegt wurde? Der sagenumwobene Nickel von Rothe lebte im ausgehenden Mittelalter in M\u00fcckenhain bei Forst und trieb in der Umgebung sein Unwesen. Diese Geschichte k\u00f6nnen Interessierte im Museum sehen und h\u00f6ren. Aktion: Dia &#8211; Vortrag mit historischer<\/p>","protected":false},"author":13,"featured_media":0,"parent":380,"menu_order":0,"comment_status":"closed","ping_status":"closed","template":"","meta":[],"_links":{"self":[{"href":"https:\/\/www.lausitzer-museenland.de\/dsb\/wp-json\/wp\/v2\/pages\/663"}],"collection":[{"href":"https:\/\/www.lausitzer-museenland.de\/dsb\/wp-json\/wp\/v2\/pages"}],"about":[{"href":"https:\/\/www.lausitzer-museenland.de\/dsb\/wp-json\/wp\/v2\/types\/page"}],"author":[{"embeddable":true,"href":"https:\/\/www.lausitzer-museenland.de\/dsb\/wp-json\/wp\/v2\/users\/13"}],"replies":[{"embeddable":true,"href":"https:\/\/www.lausitzer-museenland.de\/dsb\/wp-json\/wp\/v2\/comments?post=663"}],"version-history":[{"count":4,"href":"https:\/\/www.lausitzer-museenland.de\/dsb\/wp-json\/wp\/v2\/pages\/663\/revisions"}],"predecessor-version":[{"id":10677,"href":"https:\/\/www.lausitzer-museenland.de\/dsb\/wp-json\/wp\/v2\/pages\/663\/revisions\/10677"}],"up":[{"embeddable":true,"href":"https:\/\/www.lausitzer-museenland.de\/dsb\/wp-json\/wp\/v2\/pages\/380"}],"wp:attachment":[{"href":"https:\/\/www.lausitzer-museenland.de\/dsb\/wp-json\/wp\/v2\/media?parent=663"}],"curies":[{"name":"wp","href":"https:\/\/api.w.org\/{rel}","templated":true}]}}