{"id":678,"date":"2014-11-14T17:58:19","date_gmt":"2014-11-14T16:58:19","guid":{"rendered":"http:\/\/lausitzer-museenland.de\/?page_id=678"},"modified":"2014-12-17T17:53:02","modified_gmt":"2014-12-17T16:53:02","slug":"ausgraben-wie-die-archaeologen","status":"publish","type":"page","link":"https:\/\/www.lausitzer-museenland.de\/dsb\/service\/kobi\/ausgraben-wie-die-archaeologen\/","title":{"rendered":"Einmal ausgraben wie die Arch\u00e4ologen im Arch\u00e4otechnischen Zentrum Welzow"},"content":{"rendered":"<p>Die Besucher lernen eine Ausgrabung kennen: was ist ein arch\u00e4ologischer Befund und wie geht man vor, um alle sch\u00f6nen Dinge, die er in sich versteckt, freizulegen? Schaufel, Kelle und Kratze, aber auch Papier und Bleistift sind n\u00f6tig, um die Arbeitsschritte des Arch\u00e4ologen nachzuvollziehen, bis ein Gef\u00e4\u00df der Steinzeit, der Bronzezeit oder der Eisenzeit endlich aus der Erde genommen werden kann und jeder es bestaunen kann.<\/p>\n<p>Im Arch\u00e4otechnischen Zentrum wird mit Repliken gearbeitet. Das hei\u00dft, wenn ein Gef\u00e4\u00df bei der Ausgrabung besch\u00e4digt wird &#8211; macht nichts, der Arbeitskreis arch\u00e4ologische Keramik macht dann neue. Die Feuersteine, die in den steinzeitlichen Befunden liegen, sind frisch geschlagen und daher auch scharf!<\/p>\n<p>Das Angebot findet outdoor statt und richtet sich an Sch\u00fcler der<br \/>\nKlassen 1 bis 10.<br \/>\nTermine: nach Absprache<br \/>\nVoranmeldung unbedingt erforderlich: mindestens 2 Wochen vorher<br \/>\nDauer: mindestens 4 Stunden (und l\u00e4nger)<br \/>\nGruppengr\u00f6\u00dfe: 10 bis 25 Personen<br \/>\nEintritt pro Person: 8,00 \u20ac<br \/>\nZur Dokumentation k\u00f6nnen Kameras oder Fotohandys mitgebracht werden.<\/p>\n<p><a title=\"Arch\u00e4otechnisches Zentrum Welzow\" href=\"\/museen\/archaeotechnisches-zentrum-welzow\/\">Arch\u00e4otechnisches Zentrum Welzow<\/a><\/p>","protected":false},"excerpt":{"rendered":"<p>Die Besucher lernen eine Ausgrabung kennen: was ist ein arch\u00e4ologischer Befund und wie geht man vor, um alle sch\u00f6nen Dinge, die er in sich versteckt, freizulegen? Schaufel, Kelle und Kratze, aber auch Papier und Bleistift sind n\u00f6tig, um die Arbeitsschritte des Arch\u00e4ologen nachzuvollziehen, bis ein Gef\u00e4\u00df der Steinzeit, der Bronzezeit oder der Eisenzeit endlich aus<\/p>","protected":false},"author":13,"featured_media":0,"parent":380,"menu_order":0,"comment_status":"closed","ping_status":"closed","template":"","meta":[],"_links":{"self":[{"href":"https:\/\/www.lausitzer-museenland.de\/dsb\/wp-json\/wp\/v2\/pages\/678"}],"collection":[{"href":"https:\/\/www.lausitzer-museenland.de\/dsb\/wp-json\/wp\/v2\/pages"}],"about":[{"href":"https:\/\/www.lausitzer-museenland.de\/dsb\/wp-json\/wp\/v2\/types\/page"}],"author":[{"embeddable":true,"href":"https:\/\/www.lausitzer-museenland.de\/dsb\/wp-json\/wp\/v2\/users\/13"}],"replies":[{"embeddable":true,"href":"https:\/\/www.lausitzer-museenland.de\/dsb\/wp-json\/wp\/v2\/comments?post=678"}],"version-history":[{"count":5,"href":"https:\/\/www.lausitzer-museenland.de\/dsb\/wp-json\/wp\/v2\/pages\/678\/revisions"}],"predecessor-version":[{"id":3658,"href":"https:\/\/www.lausitzer-museenland.de\/dsb\/wp-json\/wp\/v2\/pages\/678\/revisions\/3658"}],"up":[{"embeddable":true,"href":"https:\/\/www.lausitzer-museenland.de\/dsb\/wp-json\/wp\/v2\/pages\/380"}],"wp:attachment":[{"href":"https:\/\/www.lausitzer-museenland.de\/dsb\/wp-json\/wp\/v2\/media?parent=678"}],"curies":[{"name":"wp","href":"https:\/\/api.w.org\/{rel}","templated":true}]}}