{"id":680,"date":"2014-11-14T17:59:43","date_gmt":"2014-11-14T16:59:43","guid":{"rendered":"http:\/\/lausitzer-museenland.de\/?page_id=680"},"modified":"2014-12-17T17:53:29","modified_gmt":"2014-12-17T16:53:29","slug":"eine-muetze-voll-archaeologie","status":"publish","type":"page","link":"https:\/\/www.lausitzer-museenland.de\/dsb\/service\/kobi\/eine-muetze-voll-archaeologie\/","title":{"rendered":"Eine M\u00fctze voll Arch\u00e4ologie im Arch\u00e4otechnischen Zentrum Welzow"},"content":{"rendered":"<p>Die Besucher lernen das Arch\u00e4otechnische Zentrum mit seiner Ausstellung, seinem Epochengarten, dem Clarasee und der Freiluftinstallation Klein G\u00f6rigk kennen. Nach einer Einf\u00fchrung in die Arch\u00e4ologie geht es durch die Ausstellung Mensch &#8211; Holz &#8211; Arch\u00e4ologie; garantiert vitrinenfrei und alles zum Anfassen und Ausprobieren. Anschlie\u00dfend gibt es einen Spaziergang zum Clarasee, in dem die arch\u00e4ologischen H\u00f6lzer des Landes Brandenburg wie in einem Magazin eingelagert werden &#8211; nur unter Wasser! Als Abschluss besuchen wir echte arch\u00e4ologische Befunde des Mittelalters aus dem Tagebau Welzow-S\u00fcd, die in einer Freiluftinstallation wieder aufgebaut worden sind. Hier steht auch die einzige mittelalterzeitliche Scheune aus Brandenburg, die anhand von Grabungsbefunden rekonstruiert werden konnte.<\/p>\n<p>Das Angebot findet outdoor statt und richtet sich an Sch\u00fcler der<br \/>\nKlassen 1 bis 10.<br \/>\nTermine: nach Absprache<br \/>\nVoranmeldung: mindestens 2 Wochen vorher, Voranmeldung ist unbedingt erforderlich!<br \/>\nDauer: mindestens 3 Stunden (und l\u00e4nger)<br \/>\nGruppengr\u00f6\u00dfe: 10 bis 25 Personen<br \/>\nEintritt pro Person: 10,00 \u20ac<\/p>\n<p>Zur Dokumentation k\u00f6nnen Kameras oder Fotohandys mitgebracht werden.<\/p>\n<p><a title=\"Arch\u00e4otechnisches Zentrum Welzow\" href=\"\/museen\/archaeotechnisches-zentrum-welzow\/\">Arch\u00e4otechnisches Zentrum Welzow<\/a><\/p>","protected":false},"excerpt":{"rendered":"<p>Die Besucher lernen das Arch\u00e4otechnische Zentrum mit seiner Ausstellung, seinem Epochengarten, dem Clarasee und der Freiluftinstallation Klein G\u00f6rigk kennen. Nach einer Einf\u00fchrung in die Arch\u00e4ologie geht es durch die Ausstellung Mensch &#8211; Holz &#8211; Arch\u00e4ologie; garantiert vitrinenfrei und alles zum Anfassen und Ausprobieren. Anschlie\u00dfend gibt es einen Spaziergang zum Clarasee, in dem die arch\u00e4ologischen H\u00f6lzer<\/p>","protected":false},"author":13,"featured_media":0,"parent":380,"menu_order":0,"comment_status":"closed","ping_status":"closed","template":"","meta":[],"_links":{"self":[{"href":"https:\/\/www.lausitzer-museenland.de\/dsb\/wp-json\/wp\/v2\/pages\/680"}],"collection":[{"href":"https:\/\/www.lausitzer-museenland.de\/dsb\/wp-json\/wp\/v2\/pages"}],"about":[{"href":"https:\/\/www.lausitzer-museenland.de\/dsb\/wp-json\/wp\/v2\/types\/page"}],"author":[{"embeddable":true,"href":"https:\/\/www.lausitzer-museenland.de\/dsb\/wp-json\/wp\/v2\/users\/13"}],"replies":[{"embeddable":true,"href":"https:\/\/www.lausitzer-museenland.de\/dsb\/wp-json\/wp\/v2\/comments?post=680"}],"version-history":[{"count":5,"href":"https:\/\/www.lausitzer-museenland.de\/dsb\/wp-json\/wp\/v2\/pages\/680\/revisions"}],"predecessor-version":[{"id":3659,"href":"https:\/\/www.lausitzer-museenland.de\/dsb\/wp-json\/wp\/v2\/pages\/680\/revisions\/3659"}],"up":[{"embeddable":true,"href":"https:\/\/www.lausitzer-museenland.de\/dsb\/wp-json\/wp\/v2\/pages\/380"}],"wp:attachment":[{"href":"https:\/\/www.lausitzer-museenland.de\/dsb\/wp-json\/wp\/v2\/media?parent=680"}],"curies":[{"name":"wp","href":"https:\/\/api.w.org\/{rel}","templated":true}]}}