{"id":682,"date":"2014-11-14T18:00:39","date_gmt":"2014-11-14T17:00:39","guid":{"rendered":"http:\/\/lausitzer-museenland.de\/?page_id=682"},"modified":"2014-12-17T17:55:25","modified_gmt":"2014-12-17T16:55:25","slug":"spaziergang-durch-mittelalter","status":"publish","type":"page","link":"https:\/\/www.lausitzer-museenland.de\/dsb\/service\/kobi\/spaziergang-durch-mittelalter\/","title":{"rendered":"Spaziergang durch das Mittelalter im Arch\u00e4otechnischen Zentrum Welzow"},"content":{"rendered":"<p>Die Besucher lernen das Arch\u00e4otechnische Zentrum mit seiner Ausstellung und seinem Epochengarten kennen. Nach einer Einf\u00fchrung in die Arch\u00e4ologie des Mittelalters mit dem Zentrumskoffer voller Werkzeuge und Ger\u00e4ten aus dem Mittelalter geht es durch die Ausstellung Mensch &#8211; Holz &#8211; Arch\u00e4ologie auf den Spuren der mittelalterzeitlichen Besiedlung der Niederlausitz. Im Epochengarten werden Handwerkstechniken des Mittelalters erprobt und mit Feuerstein und Schlageisen Feuer gemacht. Nach dem Besuch echter mittelalterzeitlicher Befunde in der Freilichtinstallation Klein G\u00f6rigk endet der Projekttag mit Spielen und einem z\u00fcnftigen Essen aus dem Mittelaltertopf und selbst gebackenem Brot aus dem Lehmofen.<\/p>\n<p>Das Angebot findet outdoor statt und richtet sich an Sch\u00fcler der<br \/>\nKlassen 1 bis 10.<br \/>\nTermine: nach Absprache<br \/>\nVoranmeldung: mindestens 2 Wochen vorher, Voranmeldung ist unbedingt erforderlich!<br \/>\nDauer: mindestens 4 Stunden (und l\u00e4nger)<br \/>\nGruppengr\u00f6\u00dfe: 10 bis 25 Personen<br \/>\nEintritt pro Person: 10,00 \u20ac<\/p>\n<p>Zur Dokumentation k\u00f6nnen Kameras oder Fotohandys mitgebracht werden.<\/p>\n<p><a title=\"Arch\u00e4otechnisches Zentrum Welzow\" href=\"\/museen\/archaeotechnisches-zentrum-welzow\/\">Arch\u00e4otechnisches Zentrum Welzow<\/a><\/p>","protected":false},"excerpt":{"rendered":"<p>Die Besucher lernen das Arch\u00e4otechnische Zentrum mit seiner Ausstellung und seinem Epochengarten kennen. Nach einer Einf\u00fchrung in die Arch\u00e4ologie des Mittelalters mit dem Zentrumskoffer voller Werkzeuge und Ger\u00e4ten aus dem Mittelalter geht es durch die Ausstellung Mensch &#8211; Holz &#8211; Arch\u00e4ologie auf den Spuren der mittelalterzeitlichen Besiedlung der Niederlausitz. Im Epochengarten werden Handwerkstechniken des Mittelalters<\/p>","protected":false},"author":13,"featured_media":0,"parent":380,"menu_order":0,"comment_status":"closed","ping_status":"closed","template":"","meta":[],"_links":{"self":[{"href":"https:\/\/www.lausitzer-museenland.de\/dsb\/wp-json\/wp\/v2\/pages\/682"}],"collection":[{"href":"https:\/\/www.lausitzer-museenland.de\/dsb\/wp-json\/wp\/v2\/pages"}],"about":[{"href":"https:\/\/www.lausitzer-museenland.de\/dsb\/wp-json\/wp\/v2\/types\/page"}],"author":[{"embeddable":true,"href":"https:\/\/www.lausitzer-museenland.de\/dsb\/wp-json\/wp\/v2\/users\/13"}],"replies":[{"embeddable":true,"href":"https:\/\/www.lausitzer-museenland.de\/dsb\/wp-json\/wp\/v2\/comments?post=682"}],"version-history":[{"count":5,"href":"https:\/\/www.lausitzer-museenland.de\/dsb\/wp-json\/wp\/v2\/pages\/682\/revisions"}],"predecessor-version":[{"id":3662,"href":"https:\/\/www.lausitzer-museenland.de\/dsb\/wp-json\/wp\/v2\/pages\/682\/revisions\/3662"}],"up":[{"embeddable":true,"href":"https:\/\/www.lausitzer-museenland.de\/dsb\/wp-json\/wp\/v2\/pages\/380"}],"wp:attachment":[{"href":"https:\/\/www.lausitzer-museenland.de\/dsb\/wp-json\/wp\/v2\/media?parent=682"}],"curies":[{"name":"wp","href":"https:\/\/api.w.org\/{rel}","templated":true}]}}