{"id":686,"date":"2014-11-14T18:02:03","date_gmt":"2014-11-14T17:02:03","guid":{"rendered":"http:\/\/lausitzer-museenland.de\/?page_id=686"},"modified":"2014-12-17T17:58:53","modified_gmt":"2014-12-17T16:58:53","slug":"spaziergang-durch-steinzeit","status":"publish","type":"page","link":"https:\/\/www.lausitzer-museenland.de\/dsb\/service\/kobi\/spaziergang-durch-steinzeit\/","title":{"rendered":"Spaziergang durch die Steinzeit im Arch\u00e4otechnischen Zentrum Welzow"},"content":{"rendered":"<p>Die Besucher lernen das Arch\u00e4otechnische Zentrum mit seiner Ausstellung und seinem Epochengarten kennen. Nach einer Einf\u00fchrung in die Arch\u00e4ologie der Steinzeit mit dem Zentrumskoffer voller Werkzeuge und Ger\u00e4ten aus der Steinzeit geht es durch die Ausstellung Mensch &#8211; Holz &#8211; Arch\u00e4ologie auf den Spuren der Eiszeitj\u00e4ger sowie der ersten Ackerbauern und Viehz\u00fcchter. Im Epochengarten werden Handwerkstechniken der Steinzeit erprobt und mit dem Stahl der Steinzeit &#8211; dem Feuerstein &#8211; experimentiert, Feuer gemacht und gespielt. Der Projekttag endet mit einem z\u00fcnftigen Steinzeitessen mit selbst gebackenem Brot aus dem Steinzeitlehmofen.<\/p>\n<p>Das Angebot findet outdoor statt und richtet sich an Sch\u00fcler der Klassen 1 bis 10.<br \/>\nTermine: nach Absprache<br \/>\nVoranmeldung unbedingt erforderlich: mindestens 2 Wochen vorher<br \/>\nDauer: mindestens 4 Stunden (und l\u00e4nger)<br \/>\nGruppengr\u00f6\u00dfe: 10 bis 25 Personen<br \/>\nEintritt pro Person: 10,00 \u20ac<\/p>\n<p>Zur Dokumentation k\u00f6nnen Kameras oder Fotohandys mitgebracht werden.<\/p>\n<p><a title=\"Arch\u00e4otechnisches Zentrum Welzow\" href=\"\/museen\/archaeotechnisches-zentrum-welzow\/\">Arch\u00e4otechnisches Zentrum Welzow<\/a><\/p>","protected":false},"excerpt":{"rendered":"<p>Die Besucher lernen das Arch\u00e4otechnische Zentrum mit seiner Ausstellung und seinem Epochengarten kennen. Nach einer Einf\u00fchrung in die Arch\u00e4ologie der Steinzeit mit dem Zentrumskoffer voller Werkzeuge und Ger\u00e4ten aus der Steinzeit geht es durch die Ausstellung Mensch &#8211; Holz &#8211; Arch\u00e4ologie auf den Spuren der Eiszeitj\u00e4ger sowie der ersten Ackerbauern und Viehz\u00fcchter. Im Epochengarten werden<\/p>","protected":false},"author":13,"featured_media":0,"parent":380,"menu_order":0,"comment_status":"closed","ping_status":"closed","template":"","meta":[],"_links":{"self":[{"href":"https:\/\/www.lausitzer-museenland.de\/dsb\/wp-json\/wp\/v2\/pages\/686"}],"collection":[{"href":"https:\/\/www.lausitzer-museenland.de\/dsb\/wp-json\/wp\/v2\/pages"}],"about":[{"href":"https:\/\/www.lausitzer-museenland.de\/dsb\/wp-json\/wp\/v2\/types\/page"}],"author":[{"embeddable":true,"href":"https:\/\/www.lausitzer-museenland.de\/dsb\/wp-json\/wp\/v2\/users\/13"}],"replies":[{"embeddable":true,"href":"https:\/\/www.lausitzer-museenland.de\/dsb\/wp-json\/wp\/v2\/comments?post=686"}],"version-history":[{"count":6,"href":"https:\/\/www.lausitzer-museenland.de\/dsb\/wp-json\/wp\/v2\/pages\/686\/revisions"}],"predecessor-version":[{"id":3667,"href":"https:\/\/www.lausitzer-museenland.de\/dsb\/wp-json\/wp\/v2\/pages\/686\/revisions\/3667"}],"up":[{"embeddable":true,"href":"https:\/\/www.lausitzer-museenland.de\/dsb\/wp-json\/wp\/v2\/pages\/380"}],"wp:attachment":[{"href":"https:\/\/www.lausitzer-museenland.de\/dsb\/wp-json\/wp\/v2\/media?parent=686"}],"curies":[{"name":"wp","href":"https:\/\/api.w.org\/{rel}","templated":true}]}}