{"id":139,"date":"2014-11-05T17:01:38","date_gmt":"2014-11-05T16:01:38","guid":{"rendered":"http:\/\/lausitzer-museenland.de\/?page_id=139"},"modified":"2023-11-30T13:06:52","modified_gmt":"2023-11-30T12:06:52","slug":"erwin-strittmatter-gedenkstaette-der-laden-bohsdorf","status":"publish","type":"page","link":"https:\/\/www.lausitzer-museenland.de\/en\/museums\/erwin-strittmatter-memorial-station-the-shop-bohsdorf\/","title":{"rendered":"Erwin Strittmatter Memorial \"The Shop\" Bohsdorf \/ Wopomni\u0161\u0107o Erwina Strittmattera \"Loda\" B\u00f3\u0161ojce"},"content":{"rendered":"<p><a href=\"#galerie_laden\">Gallery<\/a> |\u00a0<a href=\"#ausstellung_laden\">Exhibitions<\/a>\u00a0|\u00a0<a href=\"#kinderangebot_laden\">Offers for children\u00a0<\/a><img loading=\"lazy\" class=\"enigma_img_responsive alignnone wp-image-1247\" src=\"https:\/\/www.lausitzer-museenland.de\/wp-content\/uploads\/2014\/11\/13.jpg\" alt=\"1\" width=\"800\" height=\"398\" srcset=\"https:\/\/www.lausitzer-museenland.de\/wp-content\/uploads\/2014\/11\/13.jpg 402w, https:\/\/www.lausitzer-museenland.de\/wp-content\/uploads\/2014\/11\/13-300x149.jpg 300w, https:\/\/www.lausitzer-museenland.de\/wp-content\/uploads\/2014\/11\/13-100x49.jpg 100w, https:\/\/www.lausitzer-museenland.de\/wp-content\/uploads\/2014\/11\/13-150x74.jpg 150w, https:\/\/www.lausitzer-museenland.de\/wp-content\/uploads\/2014\/11\/13-200x99.jpg 200w\" sizes=\"(max-width: 800px) 100vw, 800px\" \/><\/p>\n\n<p><strong>Local history memorial with literary-historical collection - original setting of the well-known novel trilogy \"Der Laden\" (The Shop)<\/strong><\/p>\n<h4><\/h4>\n<h3>Building \/ plot situation<\/h3>\n<div>The brick residential building with shop and attached bakery at Dorfstra\u00dfe 37 was built around 1895 and acquired by Strittmatters' parents from relatives in June 1919. The village shop and bakery were run by the family until 31 December 1949. Since 30 January 1999, \"Der Laden\" has been open to the public as a museum memorial.<\/div>\n<div><\/div>\n<h3>Characteristics<\/h3>\n<div>\"The shop\" - as an authentic place of Erwin Strittmatter's and his family's work - is modelled on the sales facilities of the 1920s and 1930s using original equipment, with individual exhibits dating from the post-war period. This historic village or \"colonial goods shop\" forms the core of the Bohsdorf memorial. In the adjoining room, which once belonged to the bakery, there is a small exhibition on the family, the historical setting of the \"Laden\" trilogy and the work of Erwin Strittmatter.<br \/>\nThe exhibition area has now been extended to the former living rooms. In the media room, the former boys' dormitory, it is now possible to watch films about Erwin Strittmatter or listen to the audio books \"Laden 1-3\" and \"Pony Pedro\" read by Erwin Geschonneck.<br \/>\nSince 2014, the exhibits of the former \"Ochsenkutscher\" (exhibition of the Krechlock family in Jerischke) have been located in the barn of the Strittmatter property.<\/div>\n<div><\/div>\n<h3>Special exhibitions \/ accompanying offers<a id=\"ausstellung_laden\"><\/a><\/h3>\n<div>\n<ul>\n<li>In the meeting place, groups are given the opportunity to experience slide or video presentations around film production (Jo Beyer) (video presentation 8,- \u20ac).<\/li>\n<li>Guided circular walk: For interested visitors, a 1.7 km signposted circular walk is marked in Bohsdorf, along which other historical sites of the novel trilogy can be visited. Guided walks of 1 or 2 hours are organised for groups of 10 or more by prior arrangement.<\/li>\n<\/ul>\n<\/div>\n<h3>Offers for children - With Kobi to the museum<a id=\"kinderangebot_laden\"><\/a><\/h3>\n<p>Kobi - the little house ghost - is at home in the museum. He lives there in a slipper under the stove. At midnight, he eavesdrops on the old museum pieces when they tell stories about the past. He tells these exciting stories to the museum staff, who then pass them on to the children - stories from the old, old days.<\/p>\n<p>Kobi offer:<\/p>\n<div>\n<h5>\u00a0On the trail of Erwin Strittmatter in Bohsdorf<\/h5>\n<div data-post-id='auf-den-spuren-erwin-strittmatters-in-bohsdorf' class='insert-page insert-page-auf-den-spuren-erwin-strittmatters-in-bohsdorf'>\t\t\t\t\t<p>Children and young people are to be familiarised with the life and work of the poet Erwin Strittmatter at authentic locations in Bohsdorf, receive their first ideas about the beauty of his language and be encouraged to read his works.<\/p>\n<ul>\n<li>Guided tour of the shop<\/li>\n<li>Documentaries on the life and work of the writer Erwin Strittmatter<\/li>\n<li>Quiz with prizes<\/li>\n<li>Painting\/drawing in the courtyard or in the \"Unter Eechen\" meeting place<\/li>\n<\/ul>\n<p>The programme takes place indoors and outdoors and is aimed at students in grades 5 to 12.<br \/>\nDates: by arrangement<br \/>\nPre-registration: at least 2 weeks in advance<\/p>\n<p>Duration:<\/p>\n<ul>\n<li>Guided tour of the shop approx. 45 minutes<\/li>\n<li>Documentaries on the life and work of the writer Erwin Strittmatter approx. 1 hour<\/li>\n<li>Painting\/drawing in the courtyard or in the meeting place \"Unter Eechen\".<\/li>\n<li>approx. 2 to 3 hours<\/li>\n<\/ul>\n<p>Group size: up to 30 people<br \/>\nAdmission per person: \u20ac 2.50<br \/>\nChildren and teenagers: 0,50 \u20ac<\/p>\n<p><strong>Note<\/strong>The offer also comes to the school on request.<br \/>\nPrerequisite: DVD player should be available<\/p>\n<p><a title=\"Erwin Strittmatter Memorial &quot;The Shop&quot; Bohsdorf \/ Wopomni\u0161\u0107o Erwina Strittmattera &quot;Loda&quot; B\u00f3\u0161ojc\" href=\"\/museen\/erwin-strittmatter-gedenkstaette-der-laden-bohsdorf\/\">Erwin Strittmatter Memorial Bohsdorf<\/a><\/p>\n\t\t\t\t\t<\/div>\n<h3><\/h3>\n<p>&nbsp;<\/p>\n<h3>Gallery<a id=\"galerie_laden\"><\/a><\/h3>\n<div id=\"envira-gallery-wrap-53092\" class=\"envira-gallery-wrap envira-gallery-theme-base envira-lightbox-theme-base\" itemscope itemtype=\"https:\/\/schema.org\/ImageGallery\"><div data-row-height=\"150\" data-gallery-theme=\"normal\" id=\"envira-gallery-53092\" class=\"envira-gallery-public envira-gallery-justified-public envira-gallery-0-columns envira-clear enviratope envira-gallery-css-animations\" data-envira-columns=\"0\"><div id=\"envira-gallery-item-53095\" class=\"envira-gallery-item enviratope-item envira-gallery-item-1 envira-lazy-load\" style=\"padding-left: 5px; padding-bottom: 10px; padding-right: 5px;\"  itemscope itemtype=\"https:\/\/schema.org\/ImageObject\"><div class=\"envira-gallery-item-inner\"><div class=\"envira-gallery-position-overlay  envira-gallery-top-left\"><\/div><div class=\"envira-gallery-position-overlay  envira-gallery-top-right\"><\/div><div class=\"envira-gallery-position-overlay  envira-gallery-bottom-left\"><\/div><div class=\"envira-gallery-position-overlay  envira-gallery-bottom-right\"><\/div><a href=\"https:\/\/www.lausitzer-museenland.de\/wp-content\/uploads\/2020\/09\/Der-Laden-2020-32.jpg\" class=\"envira-gallery-53092 envira-gallery-link\" rel=\"enviragallery53092\" title=\"Farmstead Photo: Bernd Choritz\" data-envira-caption=\"Hofanlage Foto: Bernd Choritz\" data-envira-retina=\"\" data-thumbnail=\"\"  itemprop=\"contentUrl\"><img id=\"envira-gallery-image-53095\" class=\"envira-gallery-image envira-gallery-image-1 envira-normal envira-lazy\" data-envira-index=\"1\" src=\"https:\/\/www.lausitzer-museenland.de\/wp-content\/uploads\/2020\/09\/Der-Laden-2020-32-1024x683.jpg\" data-envira-src=\"https:\/\/www.lausitzer-museenland.de\/wp-content\/uploads\/2020\/09\/Der-Laden-2020-32-1024x683.jpg\" data-envira-gallery-id=\"53092\" data-envira-item-id=\"53095\" data-envira-caption=\"Hofanlage Foto: Bernd Choritz\" alt=\"\" title=\"Farmstead Photo: Bernd Choritz\"  itemprop=\"thumbnailUrl\" data-envira-srcset=\"https:\/\/www.lausitzer-museenland.de\/wp-content\/uploads\/2020\/09\/Der-Laden-2020-32-1024x683.jpg 400w,https:\/\/www.lausitzer-museenland.de\/wp-content\/uploads\/2020\/09\/Der-Laden-2020-32-1024x683.jpg 2x\" data-envira-width=\"300\" data-envira-height=\"200\" srcset=\"data:image\/gif;base64,R0lGODlhAQABAIAAAP\/\/\/\/\/\/\/yH5BAEKAAEALAAAAAABAAEAAAICTAEAOw==\" data-safe-src=\"data:image\/gif;base64,R0lGODlhAQABAIAAAP\/\/\/\/\/\/\/yH5BAEKAAEALAAAAAABAAEAAAICTAEAOw==\" \/><\/a><\/div><\/div><div id=\"envira-gallery-item-53093\" class=\"envira-gallery-item enviratope-item envira-gallery-item-2 envira-lazy-load\" style=\"padding-left: 5px; padding-bottom: 10px; padding-right: 5px;\"  itemscope itemtype=\"https:\/\/schema.org\/ImageObject\"><div class=\"envira-gallery-item-inner\"><div class=\"envira-gallery-position-overlay  envira-gallery-top-left\"><\/div><div class=\"envira-gallery-position-overlay  envira-gallery-top-right\"><\/div><div class=\"envira-gallery-position-overlay  envira-gallery-bottom-left\"><\/div><div class=\"envira-gallery-position-overlay  envira-gallery-bottom-right\"><\/div><a href=\"https:\/\/www.lausitzer-museenland.de\/wp-content\/uploads\/2020\/09\/Der-Laden-2020-16.jpg\" class=\"envira-gallery-53092 envira-gallery-link\" rel=\"enviragallery53092\" title=\"Kitchen Photo: Bernd Choritz\" data-envira-caption=\"K&uuml;che Foto: Bernd Choritz\" data-envira-retina=\"\" data-thumbnail=\"\"  itemprop=\"contentUrl\"><img id=\"envira-gallery-image-53093\" class=\"envira-gallery-image envira-gallery-image-2 envira-normal envira-lazy\" data-envira-index=\"2\" src=\"https:\/\/www.lausitzer-museenland.de\/wp-content\/uploads\/2020\/09\/Der-Laden-2020-16-1024x683.jpg\" data-envira-src=\"https:\/\/www.lausitzer-museenland.de\/wp-content\/uploads\/2020\/09\/Der-Laden-2020-16-1024x683.jpg\" data-envira-gallery-id=\"53092\" data-envira-item-id=\"53093\" data-envira-caption=\"K&uuml;che Foto: Bernd Choritz\" alt=\"\" title=\"Kitchen Photo: Bernd Choritz\"  itemprop=\"thumbnailUrl\" data-envira-srcset=\"https:\/\/www.lausitzer-museenland.de\/wp-content\/uploads\/2020\/09\/Der-Laden-2020-16-1024x683.jpg 400w,https:\/\/www.lausitzer-museenland.de\/wp-content\/uploads\/2020\/09\/Der-Laden-2020-16-1024x683.jpg 2x\" data-envira-width=\"300\" data-envira-height=\"200\" srcset=\"data:image\/gif;base64,R0lGODlhAQABAIAAAP\/\/\/\/\/\/\/yH5BAEKAAEALAAAAAABAAEAAAICTAEAOw==\" data-safe-src=\"data:image\/gif;base64,R0lGODlhAQABAIAAAP\/\/\/\/\/\/\/yH5BAEKAAEALAAAAAABAAEAAAICTAEAOw==\" \/><\/a><\/div><\/div><div id=\"envira-gallery-item-53094\" class=\"envira-gallery-item enviratope-item envira-gallery-item-3 envira-lazy-load\" style=\"padding-left: 5px; padding-bottom: 10px; padding-right: 5px;\"  itemscope itemtype=\"https:\/\/schema.org\/ImageObject\"><div class=\"envira-gallery-item-inner\"><div class=\"envira-gallery-position-overlay  envira-gallery-top-left\"><\/div><div class=\"envira-gallery-position-overlay  envira-gallery-top-right\"><\/div><div class=\"envira-gallery-position-overlay  envira-gallery-bottom-left\"><\/div><div class=\"envira-gallery-position-overlay  envira-gallery-bottom-right\"><\/div><a href=\"https:\/\/www.lausitzer-museenland.de\/wp-content\/uploads\/2020\/09\/Der-Laden-2020-22.jpg\" class=\"envira-gallery-53092 envira-gallery-link\" rel=\"enviragallery53092\" title=\"Bakehouse Photo: Bernd Choritz\" data-envira-caption=\"Backstube Foto: Bernd Choritz\" data-envira-retina=\"\" data-thumbnail=\"\"  itemprop=\"contentUrl\"><img id=\"envira-gallery-image-53094\" class=\"envira-gallery-image envira-gallery-image-3 envira-normal envira-lazy\" data-envira-index=\"3\" src=\"https:\/\/www.lausitzer-museenland.de\/wp-content\/uploads\/2020\/09\/Der-Laden-2020-22-1024x683.jpg\" data-envira-src=\"https:\/\/www.lausitzer-museenland.de\/wp-content\/uploads\/2020\/09\/Der-Laden-2020-22-1024x683.jpg\" data-envira-gallery-id=\"53092\" data-envira-item-id=\"53094\" data-envira-caption=\"Backstube Foto: Bernd Choritz\" alt=\"\" title=\"Bakehouse Photo: Bernd Choritz\"  itemprop=\"thumbnailUrl\" data-envira-srcset=\"https:\/\/www.lausitzer-museenland.de\/wp-content\/uploads\/2020\/09\/Der-Laden-2020-22-1024x683.jpg 400w,https:\/\/www.lausitzer-museenland.de\/wp-content\/uploads\/2020\/09\/Der-Laden-2020-22-1024x683.jpg 2x\" data-envira-width=\"300\" data-envira-height=\"200\" srcset=\"data:image\/gif;base64,R0lGODlhAQABAIAAAP\/\/\/\/\/\/\/yH5BAEKAAEALAAAAAABAAEAAAICTAEAOw==\" data-safe-src=\"data:image\/gif;base64,R0lGODlhAQABAIAAAP\/\/\/\/\/\/\/yH5BAEKAAEALAAAAAABAAEAAAICTAEAOw==\" \/><\/a><\/div><\/div><div id=\"envira-gallery-item-53096\" class=\"envira-gallery-item enviratope-item envira-gallery-item-4 envira-lazy-load\" style=\"padding-left: 5px; padding-bottom: 10px; padding-right: 5px;\"  itemscope itemtype=\"https:\/\/schema.org\/ImageObject\"><div class=\"envira-gallery-item-inner\"><div class=\"envira-gallery-position-overlay  envira-gallery-top-left\"><\/div><div class=\"envira-gallery-position-overlay  envira-gallery-top-right\"><\/div><div class=\"envira-gallery-position-overlay  envira-gallery-bottom-left\"><\/div><div class=\"envira-gallery-position-overlay  envira-gallery-bottom-right\"><\/div><a href=\"https:\/\/www.lausitzer-museenland.de\/wp-content\/uploads\/2020\/09\/Der-Laden-2020-61.jpg\" class=\"envira-gallery-53092 envira-gallery-link\" rel=\"enviragallery53092\" title=\"Wheel of Fortune Photo: Bernd Choritz\" data-envira-caption=\"Gl&uuml;cksrad Foto: Bernd Choritz\" data-envira-retina=\"\" data-thumbnail=\"\"  itemprop=\"contentUrl\"><img id=\"envira-gallery-image-53096\" class=\"envira-gallery-image envira-gallery-image-4 envira-normal envira-lazy\" data-envira-index=\"4\" src=\"https:\/\/www.lausitzer-museenland.de\/wp-content\/uploads\/2020\/09\/Der-Laden-2020-61-1024x669.jpg\" data-envira-src=\"https:\/\/www.lausitzer-museenland.de\/wp-content\/uploads\/2020\/09\/Der-Laden-2020-61-1024x669.jpg\" data-envira-gallery-id=\"53092\" data-envira-item-id=\"53096\" data-envira-caption=\"Gl&uuml;cksrad Foto: Bernd Choritz\" alt=\"\" title=\"Wheel of Fortune Photo: Bernd Choritz\"  itemprop=\"thumbnailUrl\" data-envira-srcset=\"https:\/\/www.lausitzer-museenland.de\/wp-content\/uploads\/2020\/09\/Der-Laden-2020-61-1024x669.jpg 400w,https:\/\/www.lausitzer-museenland.de\/wp-content\/uploads\/2020\/09\/Der-Laden-2020-61-1024x669.jpg 2x\" data-envira-width=\"300\" data-envira-height=\"196\" srcset=\"data:image\/gif;base64,R0lGODlhAQABAIAAAP\/\/\/\/\/\/\/yH5BAEKAAEALAAAAAABAAEAAAICTAEAOw==\" data-safe-src=\"data:image\/gif;base64,R0lGODlhAQABAIAAAP\/\/\/\/\/\/\/yH5BAEKAAEALAAAAAABAAEAAAICTAEAOw==\" \/><\/a><\/div><\/div><\/div><\/div><noscript><img src=\"https:\/\/www.lausitzer-museenland.de\/wp-content\/uploads\/2020\/09\/Der-Laden-2020-32.jpg\" alt=\"\" \/><img src=\"https:\/\/www.lausitzer-museenland.de\/wp-content\/uploads\/2020\/09\/Der-Laden-2020-16.jpg\" alt=\"\" \/><img src=\"https:\/\/www.lausitzer-museenland.de\/wp-content\/uploads\/2020\/09\/Der-Laden-2020-22.jpg\" alt=\"\" \/><img src=\"https:\/\/www.lausitzer-museenland.de\/wp-content\/uploads\/2020\/09\/Der-Laden-2020-61.jpg\" alt=\"\" \/><\/noscript>\n<\/div>","protected":false},"excerpt":{"rendered":"<p>Gallery | Exhibitions | Offers for children Local history memorial with literary-historical collection - original setting of the well-known novel triology \"Der Laden\" Building \/ plot situation The brick residential building with shop and adjoining bakery at Dorfstra\u00dfe 37 was built around 1895 and acquired by Strittmatters' parents from relatives in June 1919. Until 31 December 1949, the village shop with bakery was<\/p>","protected":false},"author":13,"featured_media":0,"parent":113,"menu_order":0,"comment_status":"closed","ping_status":"closed","template":"","meta":[],"_links":{"self":[{"href":"https:\/\/www.lausitzer-museenland.de\/en\/wp-json\/wp\/v2\/pages\/139"}],"collection":[{"href":"https:\/\/www.lausitzer-museenland.de\/en\/wp-json\/wp\/v2\/pages"}],"about":[{"href":"https:\/\/www.lausitzer-museenland.de\/en\/wp-json\/wp\/v2\/types\/page"}],"author":[{"embeddable":true,"href":"https:\/\/www.lausitzer-museenland.de\/en\/wp-json\/wp\/v2\/users\/13"}],"replies":[{"embeddable":true,"href":"https:\/\/www.lausitzer-museenland.de\/en\/wp-json\/wp\/v2\/comments?post=139"}],"version-history":[{"count":21,"href":"https:\/\/www.lausitzer-museenland.de\/en\/wp-json\/wp\/v2\/pages\/139\/revisions"}],"predecessor-version":[{"id":53895,"href":"https:\/\/www.lausitzer-museenland.de\/en\/wp-json\/wp\/v2\/pages\/139\/revisions\/53895"}],"up":[{"embeddable":true,"href":"https:\/\/www.lausitzer-museenland.de\/en\/wp-json\/wp\/v2\/pages\/113"}],"wp:attachment":[{"href":"https:\/\/www.lausitzer-museenland.de\/en\/wp-json\/wp\/v2\/media?parent=139"}],"curies":[{"name":"wp","href":"https:\/\/api.w.org\/{rel}","templated":true}]}}