{"id":150,"date":"2014-11-05T17:11:32","date_gmt":"2014-11-05T16:11:32","guid":{"rendered":"http:\/\/lausitzer-museenland.de\/?page_id=150"},"modified":"2023-11-30T13:12:38","modified_gmt":"2023-11-30T12:12:38","slug":"feuerwehrmuseum-welzow","status":"publish","type":"page","link":"https:\/\/www.lausitzer-museenland.de\/en\/museums\/fire-brigade-museum-welzow\/","title":{"rendered":"Welzow Fire Brigade Museum (formerly Haidem\u00fchl) \/ Muzej wognjoweje wobory Wjelcej (n\u011bga G\u00f3zd\u017a)"},"content":{"rendered":"<p><a href=\"#galerie_feuerwehr_welzow\">Gallery<\/a> |\u00a0<a href=\"#austellungen_feuerwehr_welzow\">Exhibitions<\/a>\u00a0| \u00a0<a href=\"#kinderangebot_feuerwehr_welzow\">Offers for children<\/a><a href=\"https:\/\/www.lausitzer-museenland.de\/wp-content\/uploads\/2014\/11\/FwMuseum_Welzow_01_skaliert.png\"><img loading=\"lazy\" class=\"aligncenter size-full wp-image-18535\" src=\"https:\/\/www.lausitzer-museenland.de\/wp-content\/uploads\/2014\/11\/FwMuseum_Welzow_01_skaliert.png\" alt=\"FwMuseum_Welzow_01_scaled\" width=\"800\" height=\"408\" srcset=\"https:\/\/www.lausitzer-museenland.de\/wp-content\/uploads\/2014\/11\/FwMuseum_Welzow_01_skaliert.png 800w, https:\/\/www.lausitzer-museenland.de\/wp-content\/uploads\/2014\/11\/FwMuseum_Welzow_01_skaliert-300x153.png 300w\" sizes=\"(max-width: 800px) 100vw, 800px\" \/><\/a><\/p>\n\n<p><strong>Special museum for firefighting technology<\/strong><\/p>\n<h3>Building \/ plot situation<\/h3>\n<p>The exhibition was located in the halls of the mechanical workshop of the former briquette factory in Haidem\u00fchl until the village was relocated due to mining.<br \/>\nAfter the demolition of the site, the move to two new halls in the Welzow industrial estate has taken place. Visits to the new location are possible by appointment.<\/p>\n<h3>Characteristics<\/h3>\n<div>\n<p>The Welzow Fire Brigade Park houses one of the largest fire brigade history collections in Germany and is therefore the ideal destination for technology enthusiasts. In addition to a total of 42 fire engines, 20 motorised fire engines, 12 trailer vehicles, various firefighting accessories, shoulder boards, badges of honour and equipment, all kinds of unique equipment can be admired here, including even a firefighting tank. In the Welzow Fire Brigade Museum you can go on a journey through the history of the fire brigade. The oldest piece in the collection, a hand-operated fire engine from the 1920s, dates back to the time when firefighters rushed to the scene of an incident by bicycle or on foot. In addition, there are numerous rarities and special vehicles from GDR state-owned enterprises that are unique in Germany and which have been and will be restored in detail over many hours.<\/p>\n<\/div>\n<div><\/div>\n<h3>Special exhibitions \/ accompanying offers<a id=\"austellungen_feuerwehr_welzow\"><\/a><\/h3>\n<div>\n<ul>\n<li>Special opening hours for the \"Museum Night in the Spree-Nei\u00dfe District<\/li>\n<li>Loan of vehicles and technology.<\/li>\n<\/ul>\n<\/div>","protected":false},"excerpt":{"rendered":"<p>Gallery | Exhibitions | Offers for children Special museum for firefighting technology Building \/ site situation The exhibition was located in the halls of the mechanical workshop of the former Haidem\u00fchl briquette factory until the village of Haidem\u00fchl was relocated for mining reasons. After the village was demolished, the exhibition moved to two new halls on the Welzow industrial estate. Visits to the new location are possible by appointment.<\/p>","protected":false},"author":13,"featured_media":0,"parent":113,"menu_order":0,"comment_status":"closed","ping_status":"closed","template":"","meta":[],"_links":{"self":[{"href":"https:\/\/www.lausitzer-museenland.de\/en\/wp-json\/wp\/v2\/pages\/150"}],"collection":[{"href":"https:\/\/www.lausitzer-museenland.de\/en\/wp-json\/wp\/v2\/pages"}],"about":[{"href":"https:\/\/www.lausitzer-museenland.de\/en\/wp-json\/wp\/v2\/types\/page"}],"author":[{"embeddable":true,"href":"https:\/\/www.lausitzer-museenland.de\/en\/wp-json\/wp\/v2\/users\/13"}],"replies":[{"embeddable":true,"href":"https:\/\/www.lausitzer-museenland.de\/en\/wp-json\/wp\/v2\/comments?post=150"}],"version-history":[{"count":19,"href":"https:\/\/www.lausitzer-museenland.de\/en\/wp-json\/wp\/v2\/pages\/150\/revisions"}],"predecessor-version":[{"id":53899,"href":"https:\/\/www.lausitzer-museenland.de\/en\/wp-json\/wp\/v2\/pages\/150\/revisions\/53899"}],"up":[{"embeddable":true,"href":"https:\/\/www.lausitzer-museenland.de\/en\/wp-json\/wp\/v2\/pages\/113"}],"wp:attachment":[{"href":"https:\/\/www.lausitzer-museenland.de\/en\/wp-json\/wp\/v2\/media?parent=150"}],"curies":[{"name":"wp","href":"https:\/\/api.w.org\/{rel}","templated":true}]}}