{"id":154,"date":"2014-11-05T17:14:20","date_gmt":"2014-11-05T16:14:20","guid":{"rendered":"http:\/\/lausitzer-museenland.de\/?page_id=154"},"modified":"2024-10-17T13:05:34","modified_gmt":"2024-10-17T11:05:34","slug":"flugplatzmuseum-cottbus","status":"publish","type":"page","link":"https:\/\/www.lausitzer-museenland.de\/en\/museums\/airfield-museum-cottbus\/","title":{"rendered":"Cottbus Airfield Museum \/ L\u011btani\u0161\u0107owy muzej Ch\u00f3\u015bebuz"},"content":{"rendered":"<p><a href=\"#galerie_flugplatz_drewitz\">Gallery<\/a> |\u00a0<a href=\"#austellungen_flugplatz_drewitz\">Exhibitions<\/a>\u00a0| <a href=\"#kinderangebot_flugplatz_drewitz\">Offers for children<\/a><a href=\"https:\/\/www.lausitzer-museenland.de\/wp-content\/uploads\/2014\/11\/Luftbild_FPM_Cottbus.png\"><img loading=\"lazy\" class=\"aligncenter size-full wp-image-6332\" src=\"https:\/\/www.lausitzer-museenland.de\/wp-content\/uploads\/2014\/11\/Luftbild_FPM_Cottbus.png\" alt=\"Aerial view_FPM_Cottbus\" width=\"750\" height=\"502\" srcset=\"https:\/\/www.lausitzer-museenland.de\/wp-content\/uploads\/2014\/11\/Luftbild_FPM_Cottbus.png 750w, https:\/\/www.lausitzer-museenland.de\/wp-content\/uploads\/2014\/11\/Luftbild_FPM_Cottbus-300x201.png 300w\" sizes=\"(max-width: 750px) 100vw, 750px\" \/><\/a><\/p>\n\n<p><strong>Exhibition on the history of the site - museums between air traffic and the airfield<\/strong><\/p>\n<h3>Building \/ plot situation<\/h3>\n<div>The museum is located in the southern part of the former Cottbus airfield and is run by the Verein <a title=\"Click here for the Cottbus Airfield Museum\" href=\"http:\/\/www.flugplatzmuseumcottbus.de\/\" target=\"_blank\" rel=\"noopener\">Cottbus Airfield Museum e. V. <\/a>operated.<\/div>\n<div><\/div>\n<h3>Characteristics<\/h3>\n<div>Contemporary witnesses of military flight history are exhibited on approx. 40,000 square metres of open space.<\/div>\n<div>For interested visitors, there is a small exhibition on the history of the airfields in the north of the city of Cottbus. A separate exhibition shows the history of the NVA and its barracks in the city of Cottbus. Uniforms, equipment and models illustrate this part of German military history.<\/div>\n<div>In addition, the visitor learns interesting facts about the aviation history of Lusatia.<\/div>\n<h3>Special exhibitions \/ accompanying offers<a id=\"austellungen_flugplatz_drewitz\"><\/a><\/h3>\n<div>\n<ul>\n<li>Utility and Military Vehicle Meeting<\/li>\n<li>RC model flight meeting<\/li>\n<li>Plastic Model Exhibition<\/li>\n<li>Tour of the restaurant area<\/li>\n<\/ul>\n<p>Offers upon request and agreement<\/p>\n<\/div>\n<h3>Offers for children - With Kobi to the museum<a id=\"kinderangebot_flugplatz_drewitz\"><\/a><\/h3>\n<div>\n<p>Kobi - the little house ghost - is at home in the museum. He lives there in a slipper under the stove. At midnight, he eavesdrops on the old museum pieces when they tell stories about the past. He tells these exciting stories to the museum staff, who then pass them on to the children - stories from the old, old days.<\/p>\n<p class=\"entry-title post-title\">Kobi offers:<\/p>\n<h5>Aviation history of Cottbus airfield<\/h5>\n<div data-post-id='luftfahrtgeschichte-des-flugplatzes' class='insert-page insert-page-luftfahrtgeschichte-des-flugplatzes'>\t\t\t\t\t<p>The exhibition on the history of Cottbus airfield is divided into three chronological sections (the years 1916 to 1945, 1945 to 1990 and from 1990 to the present). The airfield was used for military purposes from 1933 to 1990. In addition, the pupils learn interesting facts about the aviation history of Lusatia.<\/p>\n<p>The offer takes place indoors and outdoors and is aimed at schoolchildren.<br \/>\nof classes 1 to 10.<br \/>\nDates: by arrangement<br \/>\nPre-registration: at least 2 weeks in advance<\/p>\n<p><a title=\"Cottbus Airfield Museum \/ L\u011btani\u0161\u0107owy muzej Ch\u00f3\u015bebuz\" href=\"\/museen\/flugplatzmuseum-Cottbus\/\">Cottbus Airfield Museum<\/a><\/p>\n\t\t\t\t\t<\/div>\n<h3><\/h3>\n<p>&nbsp;<\/p>\n<h3>Gallery<a id=\"galerie_flugplatzmuseum_cottbus\"><\/a><\/h3>\n<div id=\"envira-gallery-wrap-154\" class=\"envira-gallery-wrap envira-gallery-theme-base envira-lightbox-theme-base\" itemscope itemtype=\"https:\/\/schema.org\/ImageGallery\"><div data-row-height=\"\" data-gallery-theme=\"\" id=\"envira-gallery-154\" class=\"envira-gallery-public  envira-gallery-3-columns envira-clear enviratope envira-gallery-css-animations\" data-envira-columns=\"3\"><div id=\"envira-gallery-item-6334\" class=\"envira-gallery-item enviratope-item envira-gallery-item-1\" style=\"padding-left: 5px; padding-bottom: 10px; padding-right: 5px;\"  itemscope itemtype=\"https:\/\/schema.org\/ImageObject\"><div class=\"envira-gallery-item-inner\"><div class=\"envira-gallery-position-overlay  envira-gallery-top-left\"><\/div><div class=\"envira-gallery-position-overlay  envira-gallery-top-right\"><\/div><div class=\"envira-gallery-position-overlay  envira-gallery-bottom-left\"><\/div><div class=\"envira-gallery-position-overlay  envira-gallery-bottom-right\"><\/div><a href=\"https:\/\/www.lausitzer-museenland.de\/wp-content\/uploads\/2014\/11\/FPMC-9.png\" class=\"envira-gallery-154 envira-gallery-link\" rel=\"enviragallery154\" title=\"FPMC (9)\" data-envira-caption=\"FPMC (9)\" data-envira-retina=\"\" data-thumbnail=\"\"  itemprop=\"contentUrl\"><div class=\"envira-lazy\" data-test-width=\"960\" data-test-height=\"300\" style=\"padding-bottom:31.25%;\"><img id=\"envira-gallery-image-6334\" class=\"envira-gallery-image envira-gallery-image-1\" data-envira-index=\"1\" src=\"https:\/\/www.lausitzer-museenland.de\/wp-content\/uploads\/2014\/11\/FPMC-9.png\" data-envira-src=\"https:\/\/www.lausitzer-museenland.de\/wp-content\/uploads\/2014\/11\/FPMC-9.png\" data-envira-gallery-id=\"154\" data-envira-item-id=\"6334\" data-envira-caption=\"FPMC (9)\" alt=\"\" title=\"FPMC (9)\"  itemprop=\"thumbnailUrl\" data-envira-srcset=\"https:\/\/www.lausitzer-museenland.de\/wp-content\/uploads\/2014\/11\/FPMC-9.png 400w,https:\/\/www.lausitzer-museenland.de\/wp-content\/uploads\/2014\/11\/FPMC-9.png 2x\" srcset=\"data:image\/gif;base64,R0lGODlhAQABAIAAAP\/\/\/\/\/\/\/yH5BAEKAAEALAAAAAABAAEAAAICTAEAOw==\" \/><\/div><\/a><\/div><\/div><div id=\"envira-gallery-item-6335\" class=\"envira-gallery-item enviratope-item envira-gallery-item-2\" style=\"padding-left: 5px; padding-bottom: 10px; padding-right: 5px;\"  itemscope itemtype=\"https:\/\/schema.org\/ImageObject\"><div class=\"envira-gallery-item-inner\"><div class=\"envira-gallery-position-overlay  envira-gallery-top-left\"><\/div><div class=\"envira-gallery-position-overlay  envira-gallery-top-right\"><\/div><div class=\"envira-gallery-position-overlay  envira-gallery-bottom-left\"><\/div><div class=\"envira-gallery-position-overlay  envira-gallery-bottom-right\"><\/div><a href=\"https:\/\/www.lausitzer-museenland.de\/wp-content\/uploads\/2014\/11\/FPMC-48.png\" class=\"envira-gallery-154 envira-gallery-link\" rel=\"enviragallery154\" title=\"FPMC (48)\" data-envira-caption=\"FPMC (48)\" data-envira-retina=\"\" data-thumbnail=\"\"  itemprop=\"contentUrl\"><div class=\"envira-lazy\" data-test-width=\"960\" data-test-height=\"300\" style=\"padding-bottom:31.25%;\"><img id=\"envira-gallery-image-6335\" class=\"envira-gallery-image envira-gallery-image-2\" data-envira-index=\"2\" src=\"https:\/\/www.lausitzer-museenland.de\/wp-content\/uploads\/2014\/11\/FPMC-48.png\" data-envira-src=\"https:\/\/www.lausitzer-museenland.de\/wp-content\/uploads\/2014\/11\/FPMC-48.png\" data-envira-gallery-id=\"154\" data-envira-item-id=\"6335\" data-envira-caption=\"FPMC (48)\" alt=\"\" title=\"FPMC (48)\"  itemprop=\"thumbnailUrl\" data-envira-srcset=\"https:\/\/www.lausitzer-museenland.de\/wp-content\/uploads\/2014\/11\/FPMC-48.png 400w,https:\/\/www.lausitzer-museenland.de\/wp-content\/uploads\/2014\/11\/FPMC-48.png 2x\" srcset=\"data:image\/gif;base64,R0lGODlhAQABAIAAAP\/\/\/\/\/\/\/yH5BAEKAAEALAAAAAABAAEAAAICTAEAOw==\" \/><\/div><\/a><\/div><\/div><\/div><\/div><noscript><img src=\"https:\/\/www.lausitzer-museenland.de\/wp-content\/uploads\/2014\/11\/FPMC-9.png\" alt=\"\" \/><img src=\"https:\/\/www.lausitzer-museenland.de\/wp-content\/uploads\/2014\/11\/FPMC-48.png\" alt=\"\" \/><\/noscript>\n<\/div>","protected":false},"excerpt":{"rendered":"<p>Gallery | Exhibitions | Offers for children Exhibition on the history of the site - Museums between air traffic and airfield Building \/ site situation The museum is located in the southern part of the former Cottbus airfield and is run by the association Flugplatzmuseum Cottbus e. V. (Cottbus Airfield Museum). Characteristics Contemporary witnesses of military aviation history are exhibited on approx. 40,000 sqm of open space. For interested visitors there is a small exhibition<\/p>","protected":false},"author":13,"featured_media":0,"parent":113,"menu_order":0,"comment_status":"closed","ping_status":"closed","template":"","meta":[],"_links":{"self":[{"href":"https:\/\/www.lausitzer-museenland.de\/en\/wp-json\/wp\/v2\/pages\/154"}],"collection":[{"href":"https:\/\/www.lausitzer-museenland.de\/en\/wp-json\/wp\/v2\/pages"}],"about":[{"href":"https:\/\/www.lausitzer-museenland.de\/en\/wp-json\/wp\/v2\/types\/page"}],"author":[{"embeddable":true,"href":"https:\/\/www.lausitzer-museenland.de\/en\/wp-json\/wp\/v2\/users\/13"}],"replies":[{"embeddable":true,"href":"https:\/\/www.lausitzer-museenland.de\/en\/wp-json\/wp\/v2\/comments?post=154"}],"version-history":[{"count":21,"href":"https:\/\/www.lausitzer-museenland.de\/en\/wp-json\/wp\/v2\/pages\/154\/revisions"}],"predecessor-version":[{"id":55371,"href":"https:\/\/www.lausitzer-museenland.de\/en\/wp-json\/wp\/v2\/pages\/154\/revisions\/55371"}],"up":[{"embeddable":true,"href":"https:\/\/www.lausitzer-museenland.de\/en\/wp-json\/wp\/v2\/pages\/113"}],"wp:attachment":[{"href":"https:\/\/www.lausitzer-museenland.de\/en\/wp-json\/wp\/v2\/media?parent=154"}],"curies":[{"name":"wp","href":"https:\/\/api.w.org\/{rel}","templated":true}]}}