{"id":190,"date":"2014-11-05T17:39:14","date_gmt":"2014-11-05T16:39:14","guid":{"rendered":"http:\/\/lausitzer-museenland.de\/?page_id=190"},"modified":"2022-05-31T07:38:39","modified_gmt":"2022-05-31T05:38:39","slug":"heimatstube-doebern","status":"publish","type":"page","link":"https:\/\/www.lausitzer-museenland.de\/en\/museums\/heimatstube-doebern\/","title":{"rendered":"Heimatmuseum D\u00f6bern \/ Domowniski muzej Derbno"},"content":{"rendered":"<p><a href=\"#galerie_doebern\">Gallery<\/a> |\u00a0<a href=\"#austellung_doebern\">Exhibitions<\/a>\u00a0| <a href=\"#kinderangebot_doebern\">Offers for children<\/a><br \/>\n<img loading=\"lazy\" class=\"enigma_img_responsive alignnone wp-image-1261\" src=\"https:\/\/www.lausitzer-museenland.de\/wp-content\/uploads\/2014\/11\/117.jpg\" alt=\"1\" width=\"800\" height=\"398\" srcset=\"https:\/\/www.lausitzer-museenland.de\/wp-content\/uploads\/2014\/11\/117.jpg 402w, https:\/\/www.lausitzer-museenland.de\/wp-content\/uploads\/2014\/11\/117-300x149.jpg 300w, https:\/\/www.lausitzer-museenland.de\/wp-content\/uploads\/2014\/11\/117-100x49.jpg 100w, https:\/\/www.lausitzer-museenland.de\/wp-content\/uploads\/2014\/11\/117-150x74.jpg 150w, https:\/\/www.lausitzer-museenland.de\/wp-content\/uploads\/2014\/11\/117-200x99.jpg 200w\" sizes=\"(max-width: 800px) 100vw, 800px\" \/><\/p>\n\n<p>Books, glass and mining history<\/p>\n<h3>Building \/ plot situation<\/h3>\n<p>One of the oldest houses in D\u00f6bern can be found at Ringstra\u00dfe 53. Built around 1800, the first D\u00f6bern inn, the \"Gasthaus Kr\u00e4tsch\", was located here. In 1877, school was held here for a short time until the first school building was completed in today's Schulstra\u00dfe.<br \/>\nIn 1984, the building was bought by the town of D\u00f6bern, which initially established the town library here. In 1993, a small local history room was established. After the book stalls were relocated to Muskauer Stra\u00dfe 14, renovation and refurnishing took place. The D\u00f6bern museum of local history was opened on 30 May 2014. More than 100 m\u00b2 of exhibition space invite you to visit.<\/p>\n<h3>Characteristics<\/h3>\n<p>The local history museum houses testimonies to the local history of D\u00f6bern and Eichweg. The main focus is on the history of the building, trade and commerce, school and local history and a small farm kitchen. Display and photo panels on the present-day district of Eichwege, which was called Dubraucke until 1937, show that there is a much older history than that of the former village of D\u00f6bern. In another room, the club life of D\u00f6bern and Dubraucke 100 years ago is depicted. The exhibition outside includes a well with a swing pump and a miner's workshop. In the outbuilding, a laundry and summer kitchen and a glassmaker's and grinder's workshop invite visitors to look around.<\/p>\n<h3>Special exhibitions \/ accompanying offers<a id=\"austellung_doebern\"><\/a><\/h3>\n<p>Every year, a series of lectures takes place in which interesting facts about the history of the village are conveyed. Articles on history can also be read in the \"D\u00f6bern Kultur- und Heimatblatt\". A special exhibition on scales and weights was opened in June 2016.<br \/>\nSpecial exhibitions are held 1-3 times a year on specific municipal occasions and highlights (anniversary of the kindergarten, waterworks, fire brigade, Catholic Church, development of the suburban settlement). They are realised on the principle of mobile display boards and are mainly produced by the association.<\/p>\n<h3>Offers for children - With Kobi to the museum<a id=\"kinderangebot_doebern\"><\/a><\/h3>\n<p align=\"left\">Kobi - the little house ghost - is at home in the museum. He lives there in a slipper under the stove. At midnight, he eavesdrops on the old museum pieces when they tell stories about the past. He tells these exciting stories to the museum staff, who then pass them on to the children - stories from the old, old days.<\/p>\n<p>Kobi offers:<\/p>\n<h5>Evidence of the local history of D\u00f6bern<\/h5>\n<div data-post-id='zeugnisse-der-doeberner-ortsgeschichte' class='insert-page insert-page-zeugnisse-der-doeberner-ortsgeschichte'>\t\t\t\t\t<p>The \"Heimatmuseum D\u00f6bern\" is located in the building and on the grounds of the historic \"Alte Sch\u00e4nke\". It houses evidence of the local history of D\u00f6bern. The main focus is on glass production, the history of mining as a district history and the domestic economy of the rural proletarian population by means of changing exhibition areas.<\/p>\n<p>The offer takes place indoors and is aimed at pupils in grades 1 to 10.<br \/>\nDates: by arrangement<br \/>\nPre-registration: 2 weeks before at the latest<\/p>\n<p><a title=\"Heimatstube D\u00f6bern \/ Domowniska \u015bpa Derbno\" href=\"\/museen\/heimatstube-doebern\/\">Local history room D\u00f6bern<\/a><\/p>\n\t\t\t\t\t<\/div>\n<h3><\/h3>\n<p>&nbsp;<\/p>\n<h3>Gallery<a id=\"galerie_doebern\"><\/a><\/h3>\n<div id=\"envira-gallery-wrap-190\" class=\"envira-gallery-wrap envira-gallery-theme-base envira-lightbox-theme-base\" itemscope itemtype=\"https:\/\/schema.org\/ImageGallery\"><div data-row-height=\"\" data-gallery-theme=\"\" id=\"envira-gallery-190\" class=\"envira-gallery-public  envira-gallery-3-columns envira-clear enviratope envira-gallery-css-animations\" data-envira-columns=\"3\"><div id=\"envira-gallery-item-3298\" class=\"envira-gallery-item enviratope-item envira-gallery-item-1\" style=\"padding-left: 5px; padding-bottom: 10px; padding-right: 5px;\"  itemscope itemtype=\"https:\/\/schema.org\/ImageObject\"><div class=\"envira-gallery-item-inner\"><div class=\"envira-gallery-position-overlay  envira-gallery-top-left\"><\/div><div class=\"envira-gallery-position-overlay  envira-gallery-top-right\"><\/div><div class=\"envira-gallery-position-overlay  envira-gallery-bottom-left\"><\/div><div class=\"envira-gallery-position-overlay  envira-gallery-bottom-right\"><\/div><a href=\"https:\/\/www.lausitzer-museenland.de\/wp-content\/uploads\/2014\/11\/148.jpg\" class=\"envira-gallery-190 envira-gallery-link\" rel=\"enviragallery190\" title=\"Local history room D\u00f6bern\" data-envira-caption=\"Heimatstube D&ouml;bern\" data-envira-retina=\"\" data-thumbnail=\"\"  itemprop=\"contentUrl\"><div class=\"envira-lazy\" data-test-width=\"960\" data-test-height=\"300\" style=\"padding-bottom:31.25%;\"><img id=\"envira-gallery-image-3298\" class=\"envira-gallery-image envira-gallery-image-1\" data-envira-index=\"1\" src=\"https:\/\/www.lausitzer-museenland.de\/wp-content\/uploads\/2014\/11\/148.jpg\" data-envira-src=\"https:\/\/www.lausitzer-museenland.de\/wp-content\/uploads\/2014\/11\/148.jpg\" data-envira-gallery-id=\"190\" data-envira-item-id=\"3298\" data-envira-caption=\"Heimatstube D&ouml;bern\" alt=\"\" title=\"Local history centre D\u00f6bern\"  itemprop=\"thumbnailUrl\" data-envira-srcset=\"https:\/\/www.lausitzer-museenland.de\/wp-content\/uploads\/2014\/11\/148.jpg 400w,https:\/\/www.lausitzer-museenland.de\/wp-content\/uploads\/2014\/11\/148.jpg 2x\" srcset=\"data:image\/gif;base64,R0lGODlhAQABAIAAAP\/\/\/\/\/\/\/yH5BAEKAAEALAAAAAABAAEAAAICTAEAOw==\" \/><\/div><\/a><\/div><\/div><div id=\"envira-gallery-item-3299\" class=\"envira-gallery-item enviratope-item envira-gallery-item-2\" style=\"padding-left: 5px; padding-bottom: 10px; padding-right: 5px;\"  itemscope itemtype=\"https:\/\/schema.org\/ImageObject\"><div class=\"envira-gallery-item-inner\"><div class=\"envira-gallery-position-overlay  envira-gallery-top-left\"><\/div><div class=\"envira-gallery-position-overlay  envira-gallery-top-right\"><\/div><div class=\"envira-gallery-position-overlay  envira-gallery-bottom-left\"><\/div><div class=\"envira-gallery-position-overlay  envira-gallery-bottom-right\"><\/div><a href=\"https:\/\/www.lausitzer-museenland.de\/wp-content\/uploads\/2014\/11\/215.jpg\" class=\"envira-gallery-190 envira-gallery-link\" rel=\"enviragallery190\" title=\"Local history room D\u00f6bern\" data-envira-caption=\"Heimatstube D&ouml;bern\" data-envira-retina=\"\" data-thumbnail=\"\"  itemprop=\"contentUrl\"><div class=\"envira-lazy\" data-test-width=\"960\" data-test-height=\"300\" style=\"padding-bottom:31.25%;\"><img id=\"envira-gallery-image-3299\" class=\"envira-gallery-image envira-gallery-image-2\" data-envira-index=\"2\" src=\"https:\/\/www.lausitzer-museenland.de\/wp-content\/uploads\/2014\/11\/215.jpg\" data-envira-src=\"https:\/\/www.lausitzer-museenland.de\/wp-content\/uploads\/2014\/11\/215.jpg\" data-envira-gallery-id=\"190\" data-envira-item-id=\"3299\" data-envira-caption=\"Heimatstube D&ouml;bern\" alt=\"\" title=\"Local history centre D\u00f6bern\"  itemprop=\"thumbnailUrl\" data-envira-srcset=\"https:\/\/www.lausitzer-museenland.de\/wp-content\/uploads\/2014\/11\/215.jpg 400w,https:\/\/www.lausitzer-museenland.de\/wp-content\/uploads\/2014\/11\/215.jpg 2x\" srcset=\"data:image\/gif;base64,R0lGODlhAQABAIAAAP\/\/\/\/\/\/\/yH5BAEKAAEALAAAAAABAAEAAAICTAEAOw==\" \/><\/div><\/a><\/div><\/div><\/div><\/div><noscript><img src=\"https:\/\/www.lausitzer-museenland.de\/wp-content\/uploads\/2014\/11\/148.jpg\" alt=\"\" \/><img src=\"https:\/\/www.lausitzer-museenland.de\/wp-content\/uploads\/2014\/11\/215.jpg\" alt=\"\" \/><\/noscript>","protected":false},"excerpt":{"rendered":"<p>Gallery | Exhibitions | Offers for children Books, glass and mining history Building \/ property situation One of the oldest houses in D\u00f6bern can be found at Ringstra\u00dfe 53. Built around 1800, it was the site of the first inn in D\u00f6bern, the \"Gasthaus Kr\u00e4tsch\". In 1877, school was held here for a short time until the first school building was completed in today's Schulstra\u00dfe. 1984<\/p>","protected":false},"author":13,"featured_media":0,"parent":113,"menu_order":0,"comment_status":"closed","ping_status":"closed","template":"","meta":[],"_links":{"self":[{"href":"https:\/\/www.lausitzer-museenland.de\/en\/wp-json\/wp\/v2\/pages\/190"}],"collection":[{"href":"https:\/\/www.lausitzer-museenland.de\/en\/wp-json\/wp\/v2\/pages"}],"about":[{"href":"https:\/\/www.lausitzer-museenland.de\/en\/wp-json\/wp\/v2\/types\/page"}],"author":[{"embeddable":true,"href":"https:\/\/www.lausitzer-museenland.de\/en\/wp-json\/wp\/v2\/users\/13"}],"replies":[{"embeddable":true,"href":"https:\/\/www.lausitzer-museenland.de\/en\/wp-json\/wp\/v2\/comments?post=190"}],"version-history":[{"count":17,"href":"https:\/\/www.lausitzer-museenland.de\/en\/wp-json\/wp\/v2\/pages\/190\/revisions"}],"predecessor-version":[{"id":53916,"href":"https:\/\/www.lausitzer-museenland.de\/en\/wp-json\/wp\/v2\/pages\/190\/revisions\/53916"}],"up":[{"embeddable":true,"href":"https:\/\/www.lausitzer-museenland.de\/en\/wp-json\/wp\/v2\/pages\/113"}],"wp:attachment":[{"href":"https:\/\/www.lausitzer-museenland.de\/en\/wp-json\/wp\/v2\/media?parent=190"}],"curies":[{"name":"wp","href":"https:\/\/api.w.org\/{rel}","templated":true}]}}