{"id":202,"date":"2014-11-05T17:45:40","date_gmt":"2014-11-05T16:45:40","guid":{"rendered":"http:\/\/lausitzer-museenland.de\/?page_id=202"},"modified":"2024-02-08T12:35:37","modified_gmt":"2024-02-08T11:35:37","slug":"heimatstube-klein-koelzig","status":"publish","type":"page","link":"https:\/\/www.lausitzer-museenland.de\/en\/museums\/heimatstube-klein-koelzig\/","title":{"rendered":"Heimatstube Klein K\u00f6lzig \/ Domowniska \u015bpa Ma\u0142y K\u00f3lsk"},"content":{"rendered":"<p><a href=\"#galerie_klein_koelzig\">Gallery<\/a> |\u00a0<a href=\"#austellungen_klein_koelzig\">Exhibitions<\/a>\u00a0| <a href=\"#kinderangebot_klein_koelzig\">Offers for children<\/a><br \/>\n<img loading=\"lazy\" class=\"enigma_img_responsive alignnone wp-image-1264\" src=\"https:\/\/www.lausitzer-museenland.de\/wp-content\/uploads\/2014\/11\/118.jpg\" alt=\"1\" width=\"800\" height=\"398\" srcset=\"https:\/\/www.lausitzer-museenland.de\/wp-content\/uploads\/2014\/11\/118.jpg 402w, https:\/\/www.lausitzer-museenland.de\/wp-content\/uploads\/2014\/11\/118-300x149.jpg 300w, https:\/\/www.lausitzer-museenland.de\/wp-content\/uploads\/2014\/11\/118-100x49.jpg 100w, https:\/\/www.lausitzer-museenland.de\/wp-content\/uploads\/2014\/11\/118-150x74.jpg 150w, https:\/\/www.lausitzer-museenland.de\/wp-content\/uploads\/2014\/11\/118-200x99.jpg 200w\" sizes=\"(max-width: 800px) 100vw, 800px\" \/><br \/>\nArts and Crafts and Village History - Collection in the \"Old Brickworks<\/p>\n\n<h3><strong>Alte Ziegelei und Heimatstube Klein K\u00f6lzig \/ Stara cyglownja a Domowniska \u015bpa Ma\u0142y K\u00f3lsk<\/strong><\/h3>\n<h3>Building \/ plot situation<\/h3>\n<p>Since its reconstruction in 2005, visitors can expect to find the only brickworks with a completely preserved ring-fired kiln in the region. The local history room has been housed in the \"Old Brickworks\" since 2013. On all three levels, experiences and historical backgrounds are described that bear witness to the use of the brickworks building.<\/p>\n<h3>Characteristics<\/h3>\n<p>Exhibits, documents and photos on the history of the village, village life with its associations, mining and the local craftsman, the wood carver Karl Gierscher, are on display in the local history centre. A special attraction for visitors is the exhibition of geological finds from the surrounding open-cast mines.<\/p>\n<p>While members of the brickworks association present the building, you will gain an insight into the production processes, which are characterised by heavy manual labour. You will also be let in on the secret of why the building survived the difficult time after production ceased.<\/p>\n<p>The \"Klein K\u00f6lziger Ziegeleibahn e.V.\" association began rebuilding the former light railway in 2008. This was embedded in the grounds of the brickworks. The history of the field railway in Klein K\u00f6lzig is vividly illustrated by the operation of historical vehicles on the railway lines.<\/p>\n<h3>Special exhibitions \/ accompanying offers<a id=\"austellungen_klein_koelzig\"><\/a><\/h3>\n<p>In April or May, the season opens with the light railway and the open day at the brickworks.<\/p>\n<p>In May and June, on the weekend after Ascension Day, there is a joint event with the Bad Muskau Forest Railway and the Muskau Arch Geopark Association. Also in May or June, visitors experience the Geopark Weekend in the Geopark by bike and train.<\/p>\n<p>On the third Advent, the Christmas market at the \"Alte Ziegelei\" gets guests in the mood for the Christmas season.<\/p>\n<h3>Offers for children - With Kobi to the museum<a id=\"kinderangebot_klein_koelzig\"><\/a><\/h3>\n<p align=\"left\">Kobi - the little house ghost - is at home in the museum. He lives there in a slipper under the stove. At midnight, he eavesdrops on the old museum pieces when they tell stories about the past. He tells these exciting stories to the museum staff, who then pass them on to the children - stories from the old, old days.<\/p>\n<p class=\"entry-title post-title\">Kobi offers:<\/p>\n<div>\n<h5>1. arts and crafts and village history<\/h5>\n<div data-post-id='kunsthandwerk-und-dorfgeschichte' class='insert-page insert-page-kunsthandwerk-und-dorfgeschichte'>\t\t\t\t\t<p>Exhibits, documents and photos on the history of the village, on village life and its associations, on mining, on the Klein K\u00f6lziger brickworks and on the local craftsman (woodcarver Karl Gierscher) have been collected in the local history room.<\/p>\n<p>The offer takes place indoors and is aimed at pupils in grades 1 to 10.<br \/>\nDates: by arrangement<br \/>\nPre-registration: 2 weeks before at the latest<\/p>\n<p><a href=\"http:\/\/www.ziegeleibahn-klein-koelzig.de\" target=\"_blank\">Local history room Klein K\u00f6lzig<\/a><\/p>\n\t\t\t\t\t<\/div>\n<h5>2. on the tracks of Lusatian bricks and light railways<\/h5>\n<div data-post-id='auf-den-spuren-lausitzer-ziegel-und-feldbahnen' class='insert-page insert-page-auf-den-spuren-lausitzer-ziegel-und-feldbahnen'>\t\t\t\t\t<p>The tradition of brick firing in Klein K\u00f6lzig goes back far into the 19th century. After the first small private brickworks had been established since 1840, the public limited company Gro\u00dfer Kurf\u00fcrst Berlin built a brickworks in Klein K\u00f6lzig in 1892\/94, the centrepiece of which was a ring kiln with 18 firing chambers. In 1920, a light railway was put into operation for the transport of clay, which had a length of 4.5 km. Visitors can expect to see the only brickworks with a completely preserved ring kiln in the region. During the guided tour of the object, insights are given into the production processes marked by heavy manual labour and, among other things, the secret is revealed as to why the building survived the difficult period after production ceased. Finally, there is a ride on the light railway on the circular route.<\/p>\n<p>The programme takes place indoors and outdoors and is aimed at students in grades 4 to 12.<br \/>\nDates: Monday to Sunday by arrangement<br \/>\nPre-registration: 1 week before at the latest<br \/>\nDuration: approx. 1.5 hours<br \/>\nGroup size: 10 to 25 people<br \/>\nAdmission per person: \u20ac 3.50<br \/>\nGroup prices on individual request<br \/>\nRide on the brickyard railway:<br \/>\nper child: \u20ac 1.50, per adult: \u20ac 3.00<\/p>\n<p><a href=\"http:\/\/www.ziegeleibahn-klein-koelzig.de\" target=\"_blank\" rel=\"noopener noreferrer\">Local history room Klein K\u00f6lzig<\/a><\/p>\n\t\t\t\t\t<\/div>\n<h3><\/h3>\n<p>&nbsp;<\/p>\n<h3>Gallery<a id=\"galerie_klein_koelzig\"><\/a><\/h3>\n<div id=\"envira-gallery-wrap-202\" class=\"envira-gallery-wrap envira-gallery-theme-base envira-lightbox-theme-base\" itemscope itemtype=\"https:\/\/schema.org\/ImageGallery\"><div data-row-height=\"\" data-gallery-theme=\"\" id=\"envira-gallery-202\" class=\"envira-gallery-public  envira-gallery-3-columns envira-clear enviratope envira-gallery-css-animations\" data-envira-columns=\"3\"><div id=\"envira-gallery-item-44954\" class=\"envira-gallery-item enviratope-item envira-gallery-item-1\" style=\"padding-left: 5px; padding-bottom: 10px; padding-right: 5px;\"  itemscope itemtype=\"https:\/\/schema.org\/ImageObject\"><div class=\"envira-gallery-item-inner\"><div class=\"envira-gallery-position-overlay  envira-gallery-top-left\"><\/div><div class=\"envira-gallery-position-overlay  envira-gallery-top-right\"><\/div><div class=\"envira-gallery-position-overlay  envira-gallery-bottom-left\"><\/div><div class=\"envira-gallery-position-overlay  envira-gallery-bottom-right\"><\/div><a href=\"https:\/\/www.lausitzer-museenland.de\/wp-content\/uploads\/2014\/11\/Ziegelei-Au\u00dfenansicht_web1.jpg\" class=\"envira-gallery-202 envira-gallery-link\" rel=\"enviragallery202\" title=\"Brickyard_exterior_view_web\" data-envira-caption=\"Ziegelei-Au&szlig;enansicht_web\" data-envira-retina=\"\" data-thumbnail=\"\"  itemprop=\"contentUrl\"><div class=\"envira-lazy\" data-test-width=\"960\" data-test-height=\"300\" style=\"padding-bottom:31.25%;\"><img id=\"envira-gallery-image-44954\" class=\"envira-gallery-image envira-gallery-image-1\" data-envira-index=\"1\" src=\"https:\/\/www.lausitzer-museenland.de\/wp-content\/uploads\/2014\/11\/Ziegelei-Au\u00dfenansicht_web1.jpg\" data-envira-src=\"https:\/\/www.lausitzer-museenland.de\/wp-content\/uploads\/2014\/11\/Ziegelei-Au\u00dfenansicht_web1.jpg\" data-envira-gallery-id=\"202\" data-envira-item-id=\"44954\" data-envira-caption=\"Ziegelei-Au&szlig;enansicht_web\" alt=\"\" title=\"Brickworks_exterior_view_web\"  itemprop=\"thumbnailUrl\" data-envira-srcset=\"https:\/\/www.lausitzer-museenland.de\/wp-content\/uploads\/2014\/11\/Ziegelei-Au\u00dfenansicht_web1.jpg 400w,https:\/\/www.lausitzer-museenland.de\/wp-content\/uploads\/2014\/11\/Ziegelei-Au\u00dfenansicht_web1.jpg 2x\" srcset=\"data:image\/gif;base64,R0lGODlhAQABAIAAAP\/\/\/\/\/\/\/yH5BAEKAAEALAAAAAABAAEAAAICTAEAOw==\" \/><\/div><\/a><\/div><\/div><div id=\"envira-gallery-item-3438\" class=\"envira-gallery-item enviratope-item envira-gallery-item-2\" style=\"padding-left: 5px; padding-bottom: 10px; padding-right: 5px;\"  itemscope itemtype=\"https:\/\/schema.org\/ImageObject\"><div class=\"envira-gallery-item-inner\"><div class=\"envira-gallery-position-overlay  envira-gallery-top-left\"><\/div><div class=\"envira-gallery-position-overlay  envira-gallery-top-right\"><\/div><div class=\"envira-gallery-position-overlay  envira-gallery-bottom-left\"><\/div><div class=\"envira-gallery-position-overlay  envira-gallery-bottom-right\"><\/div><a href=\"https:\/\/www.lausitzer-museenland.de\/wp-content\/uploads\/2014\/11\/216.jpg\" class=\"envira-gallery-202 envira-gallery-link\" rel=\"enviragallery202\" title=\"Heimatstube since 2013 in the &quot;Old Brickworks&quot; \/ Photo: B. D\u00e4hne\" data-envira-caption=\"Heimatstube seit 2013 in der &amp;quot;Alten Ziegelei&amp;quot; \/ Foto: B. D&auml;hne\" data-envira-retina=\"\" data-thumbnail=\"\"  itemprop=\"contentUrl\"><div class=\"envira-lazy\" data-test-width=\"960\" data-test-height=\"300\" style=\"padding-bottom:31.25%;\"><img id=\"envira-gallery-image-3438\" class=\"envira-gallery-image envira-gallery-image-2\" data-envira-index=\"2\" src=\"https:\/\/www.lausitzer-museenland.de\/wp-content\/uploads\/2014\/11\/216.jpg\" data-envira-src=\"https:\/\/www.lausitzer-museenland.de\/wp-content\/uploads\/2014\/11\/216.jpg\" data-envira-gallery-id=\"202\" data-envira-item-id=\"3438\" data-envira-caption=\"Heimatstube seit 2013 in der &amp;quot;Alten Ziegelei&amp;quot; \/ Foto: B. D&auml;hne\" alt=\"\" title=\"Local history parlour in the &quot;Alte Ziegelei&quot; since 2013 \/ Photo: B. D\u00e4hne\"  itemprop=\"thumbnailUrl\" data-envira-srcset=\"https:\/\/www.lausitzer-museenland.de\/wp-content\/uploads\/2014\/11\/216.jpg 400w,https:\/\/www.lausitzer-museenland.de\/wp-content\/uploads\/2014\/11\/216.jpg 2x\" srcset=\"data:image\/gif;base64,R0lGODlhAQABAIAAAP\/\/\/\/\/\/\/yH5BAEKAAEALAAAAAABAAEAAAICTAEAOw==\" \/><\/div><\/a><\/div><\/div><div id=\"envira-gallery-item-44952\" class=\"envira-gallery-item enviratope-item envira-gallery-item-3\" style=\"padding-left: 5px; padding-bottom: 10px; padding-right: 5px;\"  itemscope itemtype=\"https:\/\/schema.org\/ImageObject\"><div class=\"envira-gallery-item-inner\"><div class=\"envira-gallery-position-overlay  envira-gallery-top-left\"><\/div><div class=\"envira-gallery-position-overlay  envira-gallery-top-right\"><\/div><div class=\"envira-gallery-position-overlay  envira-gallery-bottom-left\"><\/div><div class=\"envira-gallery-position-overlay  envira-gallery-bottom-right\"><\/div><a href=\"https:\/\/www.lausitzer-museenland.de\/wp-content\/uploads\/2014\/11\/Ziegelei_Besucher.png\" class=\"envira-gallery-202 envira-gallery-link\" rel=\"enviragallery202\" title=\"Brickyard_visitors\" data-envira-caption=\"Ziegelei_Besucher\" data-envira-retina=\"\" data-thumbnail=\"\"  itemprop=\"contentUrl\"><div class=\"envira-lazy\" data-test-width=\"960\" data-test-height=\"300\" style=\"padding-bottom:31.25%;\"><img id=\"envira-gallery-image-44952\" class=\"envira-gallery-image envira-gallery-image-3\" data-envira-index=\"3\" src=\"https:\/\/www.lausitzer-museenland.de\/wp-content\/uploads\/2014\/11\/Ziegelei_Besucher.png\" data-envira-src=\"https:\/\/www.lausitzer-museenland.de\/wp-content\/uploads\/2014\/11\/Ziegelei_Besucher.png\" data-envira-gallery-id=\"202\" data-envira-item-id=\"44952\" data-envira-caption=\"Ziegelei_Besucher\" alt=\"\" title=\"Brickyard_visitors\"  itemprop=\"thumbnailUrl\" data-envira-srcset=\"https:\/\/www.lausitzer-museenland.de\/wp-content\/uploads\/2014\/11\/Ziegelei_Besucher.png 400w,https:\/\/www.lausitzer-museenland.de\/wp-content\/uploads\/2014\/11\/Ziegelei_Besucher.png 2x\" srcset=\"data:image\/gif;base64,R0lGODlhAQABAIAAAP\/\/\/\/\/\/\/yH5BAEKAAEALAAAAAABAAEAAAICTAEAOw==\" \/><\/div><\/a><\/div><\/div><div id=\"envira-gallery-item-44955\" class=\"envira-gallery-item enviratope-item envira-gallery-item-4\" style=\"padding-left: 5px; padding-bottom: 10px; padding-right: 5px;\"  itemscope itemtype=\"https:\/\/schema.org\/ImageObject\"><div class=\"envira-gallery-item-inner\"><div class=\"envira-gallery-position-overlay  envira-gallery-top-left\"><\/div><div class=\"envira-gallery-position-overlay  envira-gallery-top-right\"><\/div><div class=\"envira-gallery-position-overlay  envira-gallery-bottom-left\"><\/div><div class=\"envira-gallery-position-overlay  envira-gallery-bottom-right\"><\/div><a href=\"https:\/\/www.lausitzer-museenland.de\/wp-content\/uploads\/2014\/11\/Ziegelei_Bahn.jpg\" class=\"envira-gallery-202 envira-gallery-link\" rel=\"enviragallery202\" title=\"Brickyard_railway\" data-envira-caption=\"Ziegelei_Bahn\" data-envira-retina=\"\" data-thumbnail=\"\"  itemprop=\"contentUrl\"><div class=\"envira-lazy\" data-test-width=\"960\" data-test-height=\"300\" style=\"padding-bottom:31.25%;\"><img id=\"envira-gallery-image-44955\" class=\"envira-gallery-image envira-gallery-image-4\" data-envira-index=\"4\" src=\"https:\/\/www.lausitzer-museenland.de\/wp-content\/uploads\/2014\/11\/Ziegelei_Bahn.jpg\" data-envira-src=\"https:\/\/www.lausitzer-museenland.de\/wp-content\/uploads\/2014\/11\/Ziegelei_Bahn.jpg\" data-envira-gallery-id=\"202\" data-envira-item-id=\"44955\" data-envira-caption=\"Ziegelei_Bahn\" alt=\"\" title=\"Brickyard_railway\"  itemprop=\"thumbnailUrl\" data-envira-srcset=\"https:\/\/www.lausitzer-museenland.de\/wp-content\/uploads\/2014\/11\/Ziegelei_Bahn.jpg 400w,https:\/\/www.lausitzer-museenland.de\/wp-content\/uploads\/2014\/11\/Ziegelei_Bahn.jpg 2x\" srcset=\"data:image\/gif;base64,R0lGODlhAQABAIAAAP\/\/\/\/\/\/\/yH5BAEKAAEALAAAAAABAAEAAAICTAEAOw==\" \/><\/div><\/a><\/div><\/div><\/div><\/div><noscript><img src=\"https:\/\/www.lausitzer-museenland.de\/wp-content\/uploads\/2014\/11\/Ziegelei-Au\u00dfenansicht_web1.jpg\" alt=\"\" \/><img src=\"https:\/\/www.lausitzer-museenland.de\/wp-content\/uploads\/2014\/11\/216.jpg\" alt=\"\" \/><img src=\"https:\/\/www.lausitzer-museenland.de\/wp-content\/uploads\/2014\/11\/Ziegelei_Besucher.png\" alt=\"\" \/><img src=\"https:\/\/www.lausitzer-museenland.de\/wp-content\/uploads\/2014\/11\/Ziegelei_Bahn.jpg\" alt=\"\" \/><\/noscript>\n<\/div>\n<div><\/div>","protected":false},"excerpt":{"rendered":"<p>Gallery | Exhibitions | Offers for children Arts and crafts and village history - collection in the \"Old Brickworks\" Old Brickworks and Local History Room Klein K\u00f6lzig \/ Stara cyglownja a Domowniska \u015bpa Ma\u0142y K\u00f3lsk Building \/ site situation Since its reconstruction in 2005, visitors can expect the only brickworks with a completely preserved ring kiln in the region. Since 2013, the local history room has been<\/p>","protected":false},"author":13,"featured_media":0,"parent":113,"menu_order":0,"comment_status":"closed","ping_status":"closed","template":"","meta":[],"_links":{"self":[{"href":"https:\/\/www.lausitzer-museenland.de\/en\/wp-json\/wp\/v2\/pages\/202"}],"collection":[{"href":"https:\/\/www.lausitzer-museenland.de\/en\/wp-json\/wp\/v2\/pages"}],"about":[{"href":"https:\/\/www.lausitzer-museenland.de\/en\/wp-json\/wp\/v2\/types\/page"}],"author":[{"embeddable":true,"href":"https:\/\/www.lausitzer-museenland.de\/en\/wp-json\/wp\/v2\/users\/13"}],"replies":[{"embeddable":true,"href":"https:\/\/www.lausitzer-museenland.de\/en\/wp-json\/wp\/v2\/comments?post=202"}],"version-history":[{"count":17,"href":"https:\/\/www.lausitzer-museenland.de\/en\/wp-json\/wp\/v2\/pages\/202\/revisions"}],"predecessor-version":[{"id":55003,"href":"https:\/\/www.lausitzer-museenland.de\/en\/wp-json\/wp\/v2\/pages\/202\/revisions\/55003"}],"up":[{"embeddable":true,"href":"https:\/\/www.lausitzer-museenland.de\/en\/wp-json\/wp\/v2\/pages\/113"}],"wp:attachment":[{"href":"https:\/\/www.lausitzer-museenland.de\/en\/wp-json\/wp\/v2\/media?parent=202"}],"curies":[{"name":"wp","href":"https:\/\/api.w.org\/{rel}","templated":true}]}}