{"id":225,"date":"2014-11-05T17:58:34","date_gmt":"2014-11-05T16:58:34","guid":{"rendered":"http:\/\/lausitzer-museenland.de\/?page_id=225"},"modified":"2022-05-31T07:43:38","modified_gmt":"2022-05-31T05:43:38","slug":"lehrpfad-waldbrandbekaempfung-gestern-und-heute-gosda-ii","status":"publish","type":"page","link":"https:\/\/www.lausitzer-museenland.de\/en\/museums\/nature-trail-forest-fire-fighting-yesterday-and-today-gosda-ii\/","title":{"rendered":"Educational trail \"Fighting forest fires yesterday and today\" Gosda II \/ Wucbna \u0161\u0107a\u017eka \"W\u00f3jowanje p\u015be\u015biwo wognjam n\u011bga a \u017ainsa\" G\u00f3zd II"},"content":{"rendered":"<p><a href=\"#galerie_gosda\">Gallery<\/a> |\u00a0<a href=\"#austellung_gosda\">Exhibitions<\/a>\u00a0| <a href=\"#kinderangebot_gosda\">Offers for children<\/a><br \/>\n<img loading=\"lazy\" class=\"enigma_img_responsive alignnone wp-image-1269\" src=\"https:\/\/www.lausitzer-museenland.de\/wp-content\/uploads\/2014\/11\/123.jpg\" alt=\"1\" width=\"800\" height=\"398\" srcset=\"https:\/\/www.lausitzer-museenland.de\/wp-content\/uploads\/2014\/11\/123.jpg 402w, https:\/\/www.lausitzer-museenland.de\/wp-content\/uploads\/2014\/11\/123-300x149.jpg 300w, https:\/\/www.lausitzer-museenland.de\/wp-content\/uploads\/2014\/11\/123-100x49.jpg 100w, https:\/\/www.lausitzer-museenland.de\/wp-content\/uploads\/2014\/11\/123-150x74.jpg 150w, https:\/\/www.lausitzer-museenland.de\/wp-content\/uploads\/2014\/11\/123-200x99.jpg 200w\" sizes=\"(max-width: 800px) 100vw, 800px\" \/><\/p>\n\n<p>Fire Brigade Museum in the Historic Fire Station<\/p>\n<h3>Building \/ plot situation<\/h3>\n<p>When the Gosda volunteer fire brigade moved to a new fire station in the mid-1990s, the question was: \"What will happen to the old building, the historic fire station?\" The idea was born to historically reappraise fire protection and firefighting in the building, which is worth preserving, but also to present contemporary developments nationally and internationally. With subsidies and a lot of own work, the fire station, built in 1930, was finally renovated and furnished with the collected exhibits.<\/p>\n<h3>Characteristics<\/h3>\n<p>The region around the municipality of Gosda II near D\u00f6bern is mainly characterised by the forest - especially the pine plantations that are at risk of forest fires - and lignite mining. Thus, the exhibition contains many interesting documents such as deployment documents, maps, exhibits and visual material on forest firefighting.<\/p>\n<p>The following topics are presented:<\/p>\n<ul>\n<li>Fire watch towers then and now<\/li>\n<li>Fire-fighting equipment, fire-fighting vehicles, fire-fighting water supply<\/li>\n<li>Forest fire hazard classes, forest fire types<\/li>\n<li>the special features of the forest in Niederlausitz, one of the most fire-prone regions in Germany.<\/li>\n<li>International experiences such as from Greece, France and America are also present. Accordingly, national and international exhibits such as protective clothing and helmets are not to be missed.<\/li>\n<\/ul>\n<h3>Special exhibitions \/ accompanying offers<a id=\"austellung_gosda\"><\/a><\/h3>\n<ul>\n<li>The nature trail is used to sensitise children and young people to the topic of \"forest fire protection\" and to recruit them to join the youth fire brigade thanks to its historical significance in combination with the technical presentation.<\/li>\n<\/ul>\n<h3>Offers for children - With Kobi to the museum<a id=\"kinderangebot_gosda\"><\/a><\/h3>\n<p align=\"left\">Kobi - the little house ghost - is at home in the museum. He lives there in a slipper under the stove. At midnight, he eavesdrops on the old museum pieces when they tell stories about the past. He tells these exciting stories to the museum staff, who then pass them on to the children - stories from the old, old days.<\/p>\n<p>Kobi offers:<\/p>\n<h5>Forest firefighting yesterday and today<\/h5>\n<div data-post-id='waldbrandbekaempfung' class='insert-page insert-page-waldbrandbekaempfung'>\t\t\t\t\t<p>The former fire engine house is used to sensitise children and young people to the topic of \"forest fire protection\" and to attract them to the youth fire brigade due to its historical significance in combination with the technical display.<\/p>\n<p>The offer takes place indoors and outdoors and is aimed at schoolchildren.<br \/>\nof classes 1 to 10.<br \/>\nDates: by arrangement<br \/>\nPre-registration: at least 1 day before<\/p>\n<p><a title=\"Educational trail &quot;Fighting forest fires yesterday and today&quot; Gosda II\" href=\"\/museen\/lehrpfad-waldbrandbekaempfung-gestern-und-heute-gosda-ii\/\">Gosda Fire Brigade Museum II<\/a><\/p>\n\t\t\t\t\t<\/div>\n<p>&nbsp;<\/p>\n<h3>Gallery<a id=\"galerie_gosda\"><\/a><\/h3>\n<div id=\"envira-gallery-wrap-225\" class=\"envira-gallery-wrap envira-gallery-theme-base envira-lightbox-theme-base\" itemscope itemtype=\"https:\/\/schema.org\/ImageGallery\"><div data-row-height=\"\" data-gallery-theme=\"\" id=\"envira-gallery-225\" class=\"envira-gallery-public  envira-gallery-3-columns envira-clear enviratope envira-gallery-css-animations\" data-envira-columns=\"3\"><div id=\"envira-gallery-item-3476\" class=\"envira-gallery-item enviratope-item envira-gallery-item-1\" style=\"padding-left: 5px; padding-bottom: 10px; padding-right: 5px;\"  itemscope itemtype=\"https:\/\/schema.org\/ImageObject\"><div class=\"envira-gallery-item-inner\"><div class=\"envira-gallery-position-overlay  envira-gallery-top-left\"><\/div><div class=\"envira-gallery-position-overlay  envira-gallery-top-right\"><\/div><div class=\"envira-gallery-position-overlay  envira-gallery-bottom-left\"><\/div><div class=\"envira-gallery-position-overlay  envira-gallery-bottom-right\"><\/div><a href=\"https:\/\/www.lausitzer-museenland.de\/wp-content\/uploads\/2014\/11\/153.jpg\" class=\"envira-gallery-225 envira-gallery-link\" rel=\"enviragallery225\" title=\"Fire Brigade Museum in the Historic Fire Station\" data-envira-caption=\"Feuerwehrmuseum im Historischen Spritzenhaus\" data-envira-retina=\"\" data-thumbnail=\"\"  itemprop=\"contentUrl\"><div class=\"envira-lazy\" data-test-width=\"960\" data-test-height=\"300\" style=\"padding-bottom:31.25%;\"><img id=\"envira-gallery-image-3476\" class=\"envira-gallery-image envira-gallery-image-1\" data-envira-index=\"1\" src=\"https:\/\/www.lausitzer-museenland.de\/wp-content\/uploads\/2014\/11\/153.jpg\" data-envira-src=\"https:\/\/www.lausitzer-museenland.de\/wp-content\/uploads\/2014\/11\/153.jpg\" data-envira-gallery-id=\"225\" data-envira-item-id=\"3476\" data-envira-caption=\"Feuerwehrmuseum im Historischen Spritzenhaus\" alt=\"\" title=\"Fire Brigade Museum in the Historic Fire Station\"  itemprop=\"thumbnailUrl\" data-envira-srcset=\"https:\/\/www.lausitzer-museenland.de\/wp-content\/uploads\/2014\/11\/153.jpg 400w,https:\/\/www.lausitzer-museenland.de\/wp-content\/uploads\/2014\/11\/153.jpg 2x\" srcset=\"data:image\/gif;base64,R0lGODlhAQABAIAAAP\/\/\/\/\/\/\/yH5BAEKAAEALAAAAAABAAEAAAICTAEAOw==\" \/><\/div><\/a><\/div><\/div><div id=\"envira-gallery-item-3477\" class=\"envira-gallery-item enviratope-item envira-gallery-item-2\" style=\"padding-left: 5px; padding-bottom: 10px; padding-right: 5px;\"  itemscope itemtype=\"https:\/\/schema.org\/ImageObject\"><div class=\"envira-gallery-item-inner\"><div class=\"envira-gallery-position-overlay  envira-gallery-top-left\"><\/div><div class=\"envira-gallery-position-overlay  envira-gallery-top-right\"><\/div><div class=\"envira-gallery-position-overlay  envira-gallery-bottom-left\"><\/div><div class=\"envira-gallery-position-overlay  envira-gallery-bottom-right\"><\/div><a href=\"https:\/\/www.lausitzer-museenland.de\/wp-content\/uploads\/2014\/11\/220.jpg\" class=\"envira-gallery-225 envira-gallery-link\" rel=\"enviragallery225\" title=\"Fire Brigade Museum in the Historic Fire Station\" data-envira-caption=\"Feuerwehrmuseum im Historischen Spritzenhaus\" data-envira-retina=\"\" data-thumbnail=\"\"  itemprop=\"contentUrl\"><div class=\"envira-lazy\" data-test-width=\"960\" data-test-height=\"300\" style=\"padding-bottom:31.25%;\"><img id=\"envira-gallery-image-3477\" class=\"envira-gallery-image envira-gallery-image-2\" data-envira-index=\"2\" src=\"https:\/\/www.lausitzer-museenland.de\/wp-content\/uploads\/2014\/11\/220.jpg\" data-envira-src=\"https:\/\/www.lausitzer-museenland.de\/wp-content\/uploads\/2014\/11\/220.jpg\" data-envira-gallery-id=\"225\" data-envira-item-id=\"3477\" data-envira-caption=\"Feuerwehrmuseum im Historischen Spritzenhaus\" alt=\"\" title=\"Fire Brigade Museum in the Historic Fire Station\"  itemprop=\"thumbnailUrl\" data-envira-srcset=\"https:\/\/www.lausitzer-museenland.de\/wp-content\/uploads\/2014\/11\/220.jpg 400w,https:\/\/www.lausitzer-museenland.de\/wp-content\/uploads\/2014\/11\/220.jpg 2x\" srcset=\"data:image\/gif;base64,R0lGODlhAQABAIAAAP\/\/\/\/\/\/\/yH5BAEKAAEALAAAAAABAAEAAAICTAEAOw==\" \/><\/div><\/a><\/div><\/div><div id=\"envira-gallery-item-3478\" class=\"envira-gallery-item enviratope-item envira-gallery-item-3\" style=\"padding-left: 5px; padding-bottom: 10px; padding-right: 5px;\"  itemscope itemtype=\"https:\/\/schema.org\/ImageObject\"><div class=\"envira-gallery-item-inner\"><div class=\"envira-gallery-position-overlay  envira-gallery-top-left\"><\/div><div class=\"envira-gallery-position-overlay  envira-gallery-top-right\"><\/div><div class=\"envira-gallery-position-overlay  envira-gallery-bottom-left\"><\/div><div class=\"envira-gallery-position-overlay  envira-gallery-bottom-right\"><\/div><a href=\"https:\/\/www.lausitzer-museenland.de\/wp-content\/uploads\/2014\/11\/311.jpg\" class=\"envira-gallery-225 envira-gallery-link\" rel=\"enviragallery225\" title=\"Fire Brigade Museum in the Historic Fire Station\" data-envira-caption=\"Feuerwehrmuseum im Historischen Spritzenhaus\" data-envira-retina=\"\" data-thumbnail=\"\"  itemprop=\"contentUrl\"><div class=\"envira-lazy\" data-test-width=\"960\" data-test-height=\"300\" style=\"padding-bottom:31.25%;\"><img id=\"envira-gallery-image-3478\" class=\"envira-gallery-image envira-gallery-image-3\" data-envira-index=\"3\" src=\"https:\/\/www.lausitzer-museenland.de\/wp-content\/uploads\/2014\/11\/311.jpg\" data-envira-src=\"https:\/\/www.lausitzer-museenland.de\/wp-content\/uploads\/2014\/11\/311.jpg\" data-envira-gallery-id=\"225\" data-envira-item-id=\"3478\" data-envira-caption=\"Feuerwehrmuseum im Historischen Spritzenhaus\" alt=\"\" title=\"Fire Brigade Museum in the Historic Fire Station\"  itemprop=\"thumbnailUrl\" data-envira-srcset=\"https:\/\/www.lausitzer-museenland.de\/wp-content\/uploads\/2014\/11\/311.jpg 400w,https:\/\/www.lausitzer-museenland.de\/wp-content\/uploads\/2014\/11\/311.jpg 2x\" srcset=\"data:image\/gif;base64,R0lGODlhAQABAIAAAP\/\/\/\/\/\/\/yH5BAEKAAEALAAAAAABAAEAAAICTAEAOw==\" \/><\/div><\/a><\/div><\/div><\/div><\/div><noscript><img src=\"https:\/\/www.lausitzer-museenland.de\/wp-content\/uploads\/2014\/11\/153.jpg\" alt=\"\" \/><img src=\"https:\/\/www.lausitzer-museenland.de\/wp-content\/uploads\/2014\/11\/220.jpg\" alt=\"\" \/><img src=\"https:\/\/www.lausitzer-museenland.de\/wp-content\/uploads\/2014\/11\/311.jpg\" alt=\"\" \/><\/noscript>","protected":false},"excerpt":{"rendered":"<p>Gallery | Exhibitions | Offers for Children Fire Brigade Museum in the Historic Fire Station Building \/ Property Situation When the Gosda Volunteer Fire Brigade moved to a new fire station in the mid-1990s, the question was: \"What will happen to the old building, the historic fire station?\" The idea was born to historically rework fire protection and firefighting in the building, which is worthy of preservation, but also to<\/p>","protected":false},"author":13,"featured_media":0,"parent":113,"menu_order":0,"comment_status":"closed","ping_status":"closed","template":"","meta":[],"_links":{"self":[{"href":"https:\/\/www.lausitzer-museenland.de\/en\/wp-json\/wp\/v2\/pages\/225"}],"collection":[{"href":"https:\/\/www.lausitzer-museenland.de\/en\/wp-json\/wp\/v2\/pages"}],"about":[{"href":"https:\/\/www.lausitzer-museenland.de\/en\/wp-json\/wp\/v2\/types\/page"}],"author":[{"embeddable":true,"href":"https:\/\/www.lausitzer-museenland.de\/en\/wp-json\/wp\/v2\/users\/13"}],"replies":[{"embeddable":true,"href":"https:\/\/www.lausitzer-museenland.de\/en\/wp-json\/wp\/v2\/comments?post=225"}],"version-history":[{"count":12,"href":"https:\/\/www.lausitzer-museenland.de\/en\/wp-json\/wp\/v2\/pages\/225\/revisions"}],"predecessor-version":[{"id":53932,"href":"https:\/\/www.lausitzer-museenland.de\/en\/wp-json\/wp\/v2\/pages\/225\/revisions\/53932"}],"up":[{"embeddable":true,"href":"https:\/\/www.lausitzer-museenland.de\/en\/wp-json\/wp\/v2\/pages\/113"}],"wp:attachment":[{"href":"https:\/\/www.lausitzer-museenland.de\/en\/wp-json\/wp\/v2\/media?parent=225"}],"curies":[{"name":"wp","href":"https:\/\/api.w.org\/{rel}","templated":true}]}}