{"id":239,"date":"2014-11-06T10:02:32","date_gmt":"2014-11-06T09:02:32","guid":{"rendered":"http:\/\/lausitzer-museenland.de\/?page_id=239"},"modified":"2022-05-31T07:44:48","modified_gmt":"2022-05-31T05:44:48","slug":"nossdorfer-wassermuehle","status":"publish","type":"page","link":"https:\/\/www.lausitzer-museenland.de\/en\/museums\/nossdorfer-water-mill\/","title":{"rendered":"No\u00dfdorf watermill \/ Nosyd\u0142ojski w\u00f3dny m\u0142yn"},"content":{"rendered":"<p><a href=\"#galerie_nossdorf\">Gallery<\/a> |\u00a0<a href=\"#austellung_nossdorf\">Exhibitions<\/a>\u00a0| <a href=\"#kinderangebot_nossdorf\">Offers for children<\/a><br \/>\n<img loading=\"lazy\" class=\"enigma_img_responsive alignnone wp-image-3497\" src=\"https:\/\/www.lausitzer-museenland.de\/wp-content\/uploads\/2014\/11\/156.jpg\" alt=\"1\" width=\"800\" height=\"398\" srcset=\"https:\/\/www.lausitzer-museenland.de\/wp-content\/uploads\/2014\/11\/156.jpg 402w, https:\/\/www.lausitzer-museenland.de\/wp-content\/uploads\/2014\/11\/156-300x149.jpg 300w\" sizes=\"(max-width: 800px) 100vw, 800px\" \/><\/p>\n\n<p>Mill history and traditional crafts<\/p>\n<h3>Building \/ plot situation<\/h3>\n<p>The family history of the No\u00dfdorf watermill dates back to 1624, when it was first mentioned in the Forster church register. In 1841, the mill and the weir were expanded. Count von Br\u00fchl provided the millers with the necessary timber, partly free of charge or at a cheap price. In 1864, the mill and residential house were rebuilt.<\/p>\n<p>The old water wheel stopped working in 1925 and had to make way for a turbine. This meant that the mill, with its wheel play, had lost a large part of its old magic. But the steam drive also became obsolete in the course of time, as the water power of the Malxe was sufficient.<br \/>\nThe building was listed in 1990 and opened to the public as a technical museum in 1993. Several renovations followed in the 1990s. The roof was re-roofed in its old form. The collapsed bridge over the mill race was also repaired, the coachman's house was renovated, and the half-timbering of the main mill building was restored. The old collapsed boiler house was rebuilt true to the original, which gives the old courtyard with its approx. 40 m high chimney a special appearance.<\/p>\n<h3>Characteristics<\/h3>\n<p>The No\u00dfdorf watermill was run by many families over the centuries. It was partially renovated at great expense and brought back to life in November 2007. Next to the completely renovated residential part of the mill is an exhibition of the mill's technology, which has been preserved in its original state. It was used for milling until 1975.<br \/>\nVisitors learn about the tradition and hard work of the miller's trade. The path from grain to fine flour can be experienced. At this location, the development of the miller's craft from hand milling to industrialisation can be traced in a special way.<\/p>\n<h3>Accompanying offers<a id=\"austellung_nossdorf\"><\/a><\/h3>\n<p>Annual events take place around the No\u00dfdorf watermill:<\/p>\n<ul>\n<li>Maypole erection<\/li>\n<li>Mill festival<\/li>\n<li>Lusatian Museum Night<\/li>\n<li>Christmas market<\/li>\n<\/ul>\n<p>The watermill association participates annually in festivals and anniversaries of the town of Forst. (Spring festival and autumn market). The mill association also arranges guided tours of the Protestant church in No\u00dfdorf.<\/p>\n<h3>Special exhibition \"Cockcrow and Village Chirping<\/h3>\n<p>This unique puppet show was created in cooperation with the Heimatstube No\u00dfdorf and the No\u00dfdorf alliance \"Tradition and Future\". The \"No\u00dfdorf dolls\" represent a large fund of historical clothing as well as work and official clothing. They demonstrate handicraft, household and everyday scenes with corresponding utensils.<\/p>\n<p>This special exhibition can currently be visited in Forster's city centre in Karlstra\u00dfe (former Schlecker market) by appointment.<\/p>\n<p>There is also the possibility to borrow items for different occasions and topics. Mr G\u00fcnter Andreck is responsible for this collection and the exhibition construction.<\/p>\n<h3>Offers for children - With Kobi to the museum<a id=\"kinderangebot_nossdorf\"><\/a><\/h3>\n<p align=\"left\">Kobi - the little house ghost - is at home in the museum. He lives there in a slipper under the stove. At midnight, he eavesdrops on the old museum pieces when they tell stories about the past. He tells these exciting stories to the museum staff, who then pass them on to the children - stories from the old, old days.<\/p>\n<p>Kobi offers:<\/p>\n<h5>The path from grain to flour<\/h5>\n<div data-post-id='der-weg-vom-korn-zum-mehl' class='insert-page insert-page-der-weg-vom-korn-zum-mehl'>\t\t\t\t\t<p>The No\u00dfdorf watermill, first mentioned in 1624, is a worthwhile destination for an excursion. Over the centuries, it was run by various families. In 1975, the mill ceased operation for economic reasons. In 1990, the mill was listed as a historical monument and opened to the public as a technical museum in 1993.<\/p>\n<p>The equipment in the mill is used to illustrate the path from grain to fine flour and the hard work of the miller.<br \/>\nThe offer takes place indoors and outdoors and is aimed at<br \/>\nPupils from grades 1 to 10.<br \/>\nDates: by arrangement<br \/>\nPre-registration: at least 2 weeks in advance<br \/>\nAdmission per person: \u20ac 1.00<\/p>\n<p><a title=\"Lossdorf watermill\" href=\"\/museen\/nossdorfer-wassermuehle\/\">Lossdorf watermill<\/a><\/p>\n\t\t\t\t\t<\/div>\n<h3><\/h3>\n<p>&nbsp;<\/p>\n<h3>Gallery<a id=\"galerie_nossdorf\"><\/a><\/h3>\n<p><code><div id=\"envira-gallery-wrap-239\" class=\"envira-gallery-wrap envira-gallery-theme-base envira-lightbox-theme-base\" itemscope itemtype=\"https:\/\/schema.org\/ImageGallery\"><div data-row-height=\"\" data-gallery-theme=\"\" id=\"envira-gallery-239\" class=\"envira-gallery-public  envira-gallery-3-columns envira-clear enviratope envira-gallery-css-animations\" data-envira-columns=\"3\"><div id=\"envira-gallery-item-3497\" class=\"envira-gallery-item enviratope-item envira-gallery-item-1\" style=\"padding-left: 5px; padding-bottom: 10px; padding-right: 5px;\"  itemscope itemtype=\"https:\/\/schema.org\/ImageObject\"><div class=\"envira-gallery-item-inner\"><div class=\"envira-gallery-position-overlay  envira-gallery-top-left\"><\/div><div class=\"envira-gallery-position-overlay  envira-gallery-top-right\"><\/div><div class=\"envira-gallery-position-overlay  envira-gallery-bottom-left\"><\/div><div class=\"envira-gallery-position-overlay  envira-gallery-bottom-right\"><\/div><a href=\"https:\/\/www.lausitzer-museenland.de\/wp-content\/uploads\/2014\/11\/156.jpg\" class=\"envira-gallery-239 envira-gallery-link\" rel=\"enviragallery239\" title=\"Lossdorf watermill\" data-envira-caption=\"No&szlig;dorfer Wasserm&uuml;hle\" data-envira-retina=\"\" data-thumbnail=\"\"  itemprop=\"contentUrl\"><div class=\"envira-lazy\" data-test-width=\"960\" data-test-height=\"300\" style=\"padding-bottom:31.25%;\"><img id=\"envira-gallery-image-3497\" class=\"envira-gallery-image envira-gallery-image-1\" data-envira-index=\"1\" src=\"https:\/\/www.lausitzer-museenland.de\/wp-content\/uploads\/2014\/11\/156.jpg\" data-envira-src=\"https:\/\/www.lausitzer-museenland.de\/wp-content\/uploads\/2014\/11\/156.jpg\" data-envira-gallery-id=\"239\" data-envira-item-id=\"3497\" data-envira-caption=\"No&szlig;dorfer Wasserm&uuml;hle\" alt=\"\" title=\"No&amp;szlig;dorfer Wasserm&amp;uuml;hle\"  itemprop=\"thumbnailUrl\" data-envira-srcset=\"https:\/\/www.lausitzer-museenland.de\/wp-content\/uploads\/2014\/11\/156.jpg 400w,https:\/\/www.lausitzer-museenland.de\/wp-content\/uploads\/2014\/11\/156.jpg 2x\" srcset=\"data:image\/gif;base64,R0lGODlhAQABAIAAAP\/\/\/\/\/\/\/yH5BAEKAAEALAAAAAABAAEAAAICTAEAOw==\" \/><\/div><\/a><\/div><\/div><div id=\"envira-gallery-item-3498\" class=\"envira-gallery-item enviratope-item envira-gallery-item-2\" style=\"padding-left: 5px; padding-bottom: 10px; padding-right: 5px;\"  itemscope itemtype=\"https:\/\/schema.org\/ImageObject\"><div class=\"envira-gallery-item-inner\"><div class=\"envira-gallery-position-overlay  envira-gallery-top-left\"><\/div><div class=\"envira-gallery-position-overlay  envira-gallery-top-right\"><\/div><div class=\"envira-gallery-position-overlay  envira-gallery-bottom-left\"><\/div><div class=\"envira-gallery-position-overlay  envira-gallery-bottom-right\"><\/div><a href=\"https:\/\/www.lausitzer-museenland.de\/wp-content\/uploads\/2014\/11\/223.jpg\" class=\"envira-gallery-239 envira-gallery-link\" rel=\"enviragallery239\" title=\"Lossdorf watermill\" data-envira-caption=\"No&szlig;dorfer Wasserm&uuml;hle\" data-envira-retina=\"\" data-thumbnail=\"\"  itemprop=\"contentUrl\"><div class=\"envira-lazy\" data-test-width=\"960\" data-test-height=\"300\" style=\"padding-bottom:31.25%;\"><img id=\"envira-gallery-image-3498\" class=\"envira-gallery-image envira-gallery-image-2\" data-envira-index=\"2\" src=\"https:\/\/www.lausitzer-museenland.de\/wp-content\/uploads\/2014\/11\/223.jpg\" data-envira-src=\"https:\/\/www.lausitzer-museenland.de\/wp-content\/uploads\/2014\/11\/223.jpg\" data-envira-gallery-id=\"239\" data-envira-item-id=\"3498\" data-envira-caption=\"No&szlig;dorfer Wasserm&uuml;hle\" alt=\"\" title=\"No&amp;szlig;dorfer Wasserm&amp;uuml;hle\"  itemprop=\"thumbnailUrl\" data-envira-srcset=\"https:\/\/www.lausitzer-museenland.de\/wp-content\/uploads\/2014\/11\/223.jpg 400w,https:\/\/www.lausitzer-museenland.de\/wp-content\/uploads\/2014\/11\/223.jpg 2x\" srcset=\"data:image\/gif;base64,R0lGODlhAQABAIAAAP\/\/\/\/\/\/\/yH5BAEKAAEALAAAAAABAAEAAAICTAEAOw==\" \/><\/div><\/a><\/div><\/div><div id=\"envira-gallery-item-3499\" class=\"envira-gallery-item enviratope-item envira-gallery-item-3\" style=\"padding-left: 5px; padding-bottom: 10px; padding-right: 5px;\"  itemscope itemtype=\"https:\/\/schema.org\/ImageObject\"><div class=\"envira-gallery-item-inner\"><div class=\"envira-gallery-position-overlay  envira-gallery-top-left\"><\/div><div class=\"envira-gallery-position-overlay  envira-gallery-top-right\"><\/div><div class=\"envira-gallery-position-overlay  envira-gallery-bottom-left\"><\/div><div class=\"envira-gallery-position-overlay  envira-gallery-bottom-right\"><\/div><a href=\"https:\/\/www.lausitzer-museenland.de\/wp-content\/uploads\/2014\/11\/314.jpg\" class=\"envira-gallery-239 envira-gallery-link\" rel=\"enviragallery239\" title=\"Hebekran f&uuml;r Mahlsteine\" data-envira-caption=\"Hebekran f&uuml;r Mahlsteine\" data-envira-retina=\"\" data-thumbnail=\"\"  itemprop=\"contentUrl\"><div class=\"envira-lazy\" data-test-width=\"960\" data-test-height=\"300\" style=\"padding-bottom:31.25%;\"><img id=\"envira-gallery-image-3499\" class=\"envira-gallery-image envira-gallery-image-3\" data-envira-index=\"3\" src=\"https:\/\/www.lausitzer-museenland.de\/wp-content\/uploads\/2014\/11\/314.jpg\" data-envira-src=\"https:\/\/www.lausitzer-museenland.de\/wp-content\/uploads\/2014\/11\/314.jpg\" data-envira-gallery-id=\"239\" data-envira-item-id=\"3499\" data-envira-caption=\"Hebekran f&uuml;r Mahlsteine\" alt=\"\" title=\"Hebekran f&amp;uuml;r Mahlsteine\"  itemprop=\"thumbnailUrl\" data-envira-srcset=\"https:\/\/www.lausitzer-museenland.de\/wp-content\/uploads\/2014\/11\/314.jpg 400w,https:\/\/www.lausitzer-museenland.de\/wp-content\/uploads\/2014\/11\/314.jpg 2x\" srcset=\"data:image\/gif;base64,R0lGODlhAQABAIAAAP\/\/\/\/\/\/\/yH5BAEKAAEALAAAAAABAAEAAAICTAEAOw==\" \/><\/div><\/a><\/div><\/div><div id=\"envira-gallery-item-3500\" class=\"envira-gallery-item enviratope-item envira-gallery-item-4\" style=\"padding-left: 5px; padding-bottom: 10px; padding-right: 5px;\"  itemscope itemtype=\"https:\/\/schema.org\/ImageObject\"><div class=\"envira-gallery-item-inner\"><div class=\"envira-gallery-position-overlay  envira-gallery-top-left\"><\/div><div class=\"envira-gallery-position-overlay  envira-gallery-top-right\"><\/div><div class=\"envira-gallery-position-overlay  envira-gallery-bottom-left\"><\/div><div class=\"envira-gallery-position-overlay  envira-gallery-bottom-right\"><\/div><a href=\"https:\/\/www.lausitzer-museenland.de\/wp-content\/uploads\/2014\/11\/410.jpg\" class=\"envira-gallery-239 envira-gallery-link\" rel=\"enviragallery239\" title=\"Mischschnecke\" data-envira-caption=\"Mischschnecke\" data-envira-retina=\"\" data-thumbnail=\"\"  itemprop=\"contentUrl\"><div class=\"envira-lazy\" data-test-width=\"960\" data-test-height=\"300\" style=\"padding-bottom:31.25%;\"><img id=\"envira-gallery-image-3500\" class=\"envira-gallery-image envira-gallery-image-4\" data-envira-index=\"4\" src=\"https:\/\/www.lausitzer-museenland.de\/wp-content\/uploads\/2014\/11\/410.jpg\" data-envira-src=\"https:\/\/www.lausitzer-museenland.de\/wp-content\/uploads\/2014\/11\/410.jpg\" data-envira-gallery-id=\"239\" data-envira-item-id=\"3500\" data-envira-caption=\"Mischschnecke\" alt=\"\" title=\"Mischschnecke\"  itemprop=\"thumbnailUrl\" data-envira-srcset=\"https:\/\/www.lausitzer-museenland.de\/wp-content\/uploads\/2014\/11\/410.jpg 400w,https:\/\/www.lausitzer-museenland.de\/wp-content\/uploads\/2014\/11\/410.jpg 2x\" srcset=\"data:image\/gif;base64,R0lGODlhAQABAIAAAP\/\/\/\/\/\/\/yH5BAEKAAEALAAAAAABAAEAAAICTAEAOw==\" \/><\/div><\/a><\/div><\/div><div id=\"envira-gallery-item-3501\" class=\"envira-gallery-item enviratope-item envira-gallery-item-5\" style=\"padding-left: 5px; padding-bottom: 10px; padding-right: 5px;\"  itemscope itemtype=\"https:\/\/schema.org\/ImageObject\"><div class=\"envira-gallery-item-inner\"><div class=\"envira-gallery-position-overlay  envira-gallery-top-left\"><\/div><div class=\"envira-gallery-position-overlay  envira-gallery-top-right\"><\/div><div class=\"envira-gallery-position-overlay  envira-gallery-bottom-left\"><\/div><div class=\"envira-gallery-position-overlay  envira-gallery-bottom-right\"><\/div><a href=\"https:\/\/www.lausitzer-museenland.de\/wp-content\/uploads\/2014\/11\/56.jpg\" class=\"envira-gallery-239 envira-gallery-link\" rel=\"enviragallery239\" title=\"Mehlabf&uuml;llung\" data-envira-caption=\"Mehlabf&uuml;llung\" data-envira-retina=\"\" data-thumbnail=\"\"  itemprop=\"contentUrl\"><div class=\"envira-lazy\" data-test-width=\"960\" data-test-height=\"300\" style=\"padding-bottom:31.25%;\"><img id=\"envira-gallery-image-3501\" class=\"envira-gallery-image envira-gallery-image-5\" data-envira-index=\"5\" src=\"https:\/\/www.lausitzer-museenland.de\/wp-content\/uploads\/2014\/11\/56.jpg\" data-envira-src=\"https:\/\/www.lausitzer-museenland.de\/wp-content\/uploads\/2014\/11\/56.jpg\" data-envira-gallery-id=\"239\" data-envira-item-id=\"3501\" data-envira-caption=\"Mehlabf&uuml;llung\" alt=\"\" title=\"Mehlabf&amp;uuml;llung\"  itemprop=\"thumbnailUrl\" data-envira-srcset=\"https:\/\/www.lausitzer-museenland.de\/wp-content\/uploads\/2014\/11\/56.jpg 400w,https:\/\/www.lausitzer-museenland.de\/wp-content\/uploads\/2014\/11\/56.jpg 2x\" srcset=\"data:image\/gif;base64,R0lGODlhAQABAIAAAP\/\/\/\/\/\/\/yH5BAEKAAEALAAAAAABAAEAAAICTAEAOw==\" \/><\/div><\/a><\/div><\/div><div id=\"envira-gallery-item-3502\" class=\"envira-gallery-item enviratope-item envira-gallery-item-6\" style=\"padding-left: 5px; padding-bottom: 10px; padding-right: 5px;\"  itemscope itemtype=\"https:\/\/schema.org\/ImageObject\"><div class=\"envira-gallery-item-inner\"><div class=\"envira-gallery-position-overlay  envira-gallery-top-left\"><\/div><div class=\"envira-gallery-position-overlay  envira-gallery-top-right\"><\/div><div class=\"envira-gallery-position-overlay  envira-gallery-bottom-left\"><\/div><div class=\"envira-gallery-position-overlay  envira-gallery-bottom-right\"><\/div><a href=\"https:\/\/www.lausitzer-museenland.de\/wp-content\/uploads\/2014\/11\/62.jpg\" class=\"envira-gallery-239 envira-gallery-link\" rel=\"enviragallery239\" title=\"R&uuml;ttelsieb\" data-envira-caption=\"R&uuml;ttelsieb\" data-envira-retina=\"\" data-thumbnail=\"\"  itemprop=\"contentUrl\"><div class=\"envira-lazy\" data-test-width=\"960\" data-test-height=\"300\" style=\"padding-bottom:31.25%;\"><img id=\"envira-gallery-image-3502\" class=\"envira-gallery-image envira-gallery-image-6\" data-envira-index=\"6\" src=\"https:\/\/www.lausitzer-museenland.de\/wp-content\/uploads\/2014\/11\/62.jpg\" data-envira-src=\"https:\/\/www.lausitzer-museenland.de\/wp-content\/uploads\/2014\/11\/62.jpg\" data-envira-gallery-id=\"239\" data-envira-item-id=\"3502\" data-envira-caption=\"R&uuml;ttelsieb\" alt=\"\" title=\"R&amp;uuml;ttelsieb\"  itemprop=\"thumbnailUrl\" data-envira-srcset=\"https:\/\/www.lausitzer-museenland.de\/wp-content\/uploads\/2014\/11\/62.jpg 400w,https:\/\/www.lausitzer-museenland.de\/wp-content\/uploads\/2014\/11\/62.jpg 2x\" srcset=\"data:image\/gif;base64,R0lGODlhAQABAIAAAP\/\/\/\/\/\/\/yH5BAEKAAEALAAAAAABAAEAAAICTAEAOw==\" \/><\/div><\/a><\/div><\/div><div id=\"envira-gallery-item-3503\" class=\"envira-gallery-item enviratope-item envira-gallery-item-7\" style=\"padding-left: 5px; padding-bottom: 10px; padding-right: 5px;\"  itemscope itemtype=\"https:\/\/schema.org\/ImageObject\"><div class=\"envira-gallery-item-inner\"><div class=\"envira-gallery-position-overlay  envira-gallery-top-left\"><\/div><div class=\"envira-gallery-position-overlay  envira-gallery-top-right\"><\/div><div class=\"envira-gallery-position-overlay  envira-gallery-bottom-left\"><\/div><div class=\"envira-gallery-position-overlay  envira-gallery-bottom-right\"><\/div><a href=\"https:\/\/www.lausitzer-museenland.de\/wp-content\/uploads\/2014\/11\/72.jpg\" class=\"envira-gallery-239 envira-gallery-link\" rel=\"enviragallery239\" title=\"Nossdorfer Wasserm&uuml;hle\" data-envira-caption=\"Nossdorfer Wasserm&uuml;hle\" data-envira-retina=\"\" data-thumbnail=\"\"  itemprop=\"contentUrl\"><div class=\"envira-lazy\" data-test-width=\"960\" data-test-height=\"300\" style=\"padding-bottom:31.25%;\"><img id=\"envira-gallery-image-3503\" class=\"envira-gallery-image envira-gallery-image-7\" data-envira-index=\"7\" src=\"https:\/\/www.lausitzer-museenland.de\/wp-content\/uploads\/2014\/11\/72.jpg\" data-envira-src=\"https:\/\/www.lausitzer-museenland.de\/wp-content\/uploads\/2014\/11\/72.jpg\" data-envira-gallery-id=\"239\" data-envira-item-id=\"3503\" data-envira-caption=\"Nossdorfer Wasserm&uuml;hle\" alt=\"\" title=\"Nossdorfer Wasserm&amp;uuml;hle\"  itemprop=\"thumbnailUrl\" data-envira-srcset=\"https:\/\/www.lausitzer-museenland.de\/wp-content\/uploads\/2014\/11\/72.jpg 400w,https:\/\/www.lausitzer-museenland.de\/wp-content\/uploads\/2014\/11\/72.jpg 2x\" srcset=\"data:image\/gif;base64,R0lGODlhAQABAIAAAP\/\/\/\/\/\/\/yH5BAEKAAEALAAAAAABAAEAAAICTAEAOw==\" \/><\/div><\/a><\/div><\/div><\/div><\/div><noscript><img src=\"https:\/\/www.lausitzer-museenland.de\/wp-content\/uploads\/2014\/11\/156.jpg\" alt=\"\" \/><img src=\"https:\/\/www.lausitzer-museenland.de\/wp-content\/uploads\/2014\/11\/223.jpg\" alt=\"\" \/><img src=\"https:\/\/www.lausitzer-museenland.de\/wp-content\/uploads\/2014\/11\/314.jpg\" alt=\"\" \/><img src=\"https:\/\/www.lausitzer-museenland.de\/wp-content\/uploads\/2014\/11\/410.jpg\" alt=\"\" \/><img src=\"https:\/\/www.lausitzer-museenland.de\/wp-content\/uploads\/2014\/11\/56.jpg\" alt=\"\" \/><img src=\"https:\/\/www.lausitzer-museenland.de\/wp-content\/uploads\/2014\/11\/62.jpg\" alt=\"\" \/><img src=\"https:\/\/www.lausitzer-museenland.de\/wp-content\/uploads\/2014\/11\/72.jpg\" alt=\"\" \/><\/noscript><\/code><\/p>","protected":false},"excerpt":{"rendered":"<p>Gallery | Exhibitions | Offers for children Mill history and traditional handicrafts Building \/ property situation The family history of the No\u00dfdorf watermill dates back to 1624, when it was first mentioned in the Forster church register. In 1841 the mill and the weir were extended. Count von Br\u00fchl provided the millers with the necessary timber, partly free of charge or at a price.<\/p>","protected":false},"author":13,"featured_media":0,"parent":113,"menu_order":0,"comment_status":"closed","ping_status":"closed","template":"","meta":[],"_links":{"self":[{"href":"https:\/\/www.lausitzer-museenland.de\/en\/wp-json\/wp\/v2\/pages\/239"}],"collection":[{"href":"https:\/\/www.lausitzer-museenland.de\/en\/wp-json\/wp\/v2\/pages"}],"about":[{"href":"https:\/\/www.lausitzer-museenland.de\/en\/wp-json\/wp\/v2\/types\/page"}],"author":[{"embeddable":true,"href":"https:\/\/www.lausitzer-museenland.de\/en\/wp-json\/wp\/v2\/users\/13"}],"replies":[{"embeddable":true,"href":"https:\/\/www.lausitzer-museenland.de\/en\/wp-json\/wp\/v2\/comments?post=239"}],"version-history":[{"count":16,"href":"https:\/\/www.lausitzer-museenland.de\/en\/wp-json\/wp\/v2\/pages\/239\/revisions"}],"predecessor-version":[{"id":53940,"href":"https:\/\/www.lausitzer-museenland.de\/en\/wp-json\/wp\/v2\/pages\/239\/revisions\/53940"}],"up":[{"embeddable":true,"href":"https:\/\/www.lausitzer-museenland.de\/en\/wp-json\/wp\/v2\/pages\/113"}],"wp:attachment":[{"href":"https:\/\/www.lausitzer-museenland.de\/en\/wp-json\/wp\/v2\/media?parent=239"}],"curies":[{"name":"wp","href":"https:\/\/api.w.org\/{rel}","templated":true}]}}