{"id":330,"date":"2014-11-12T11:30:24","date_gmt":"2014-11-12T10:30:24","guid":{"rendered":"http:\/\/lausitzer-museenland.de\/?page_id=330"},"modified":"2025-01-23T13:12:28","modified_gmt":"2025-01-23T12:12:28","slug":"impressum","status":"publish","type":"page","link":"https:\/\/www.lausitzer-museenland.de\/en\/imprint\/","title":{"rendered":"Imprint"},"content":{"rendered":"<p>Das Lausitzer Museenland ist ein KulturProjekt des Landkreises Spree-Nei\u00dfe\/Wokrejs Sprjewja-Nysa und eine Initiative der Museen der Lausitz.<\/p>\n<h3>Angaben gem\u00e4\u00df \u00a7 5 TMG<\/h3>\n<p>Landkreis Spree-Nei\u00dfe\/Wokrejs Sprjewja-Nysa<br \/>\nHeinrich-Heine-Stra\u00dfe 1<br \/>\n03149 Forst (Lausitz) \/ Bar\u0161\u0107 (\u0141u\u017eyca)<\/p>\n<p><strong>Vertreten durch:<\/strong><br \/>\nRomy Ruff<br \/>\nBeauftragte f\u00fcr sorbische\/wendische Angelegenheiten<br \/>\nLandkreis Spree-Nei\u00dfe\/Wokrejs Sprjewja-Nysa<br \/>\nHeinrich-Heine-Stra\u00dfe 1<br \/>\n03149 Forst (Lausitz) \/ Bar\u0161\u0107 (\u0141u\u017eyca)<\/p>\n<h3>Kontakt<\/h3>\n<p>Koordinationsstelle<br \/>\nArbeitskreis Lausitzer Museenland<br \/>\nSven Vogt<br \/>\nSlamener H\u00f6he 22<br \/>\n03130 Spremberg \/ Grodk<br \/>\nTelefon: 0 35 63 \/ 59 31 407<br \/>\nEmail: info[at]lausitzer-museenland.de<\/p>\n<h3>Streitschlichtung<\/h3>\n<p>Die Europ\u00e4ische Kommission stellt eine Plattform zur Online-Streitbeilegung (OS) bereit: <a href=\"https:\/\/ec.europa.eu\/consumers\/odr\" target=\"_blank\" rel=\"noopener noreferrer\">https:\/\/ec.europa.eu\/consumers\/odr<\/a>.<br \/>\nUnsere E-Mail-Adresse finden Sie oben im Impressum.<\/p>\n<p>Wir sind nicht bereit oder verpflichtet, an Streitbeilegungsverfahren vor einer Verbraucherschlichtungsstelle teilzunehmen.<\/p>\n<h3>Haftung f\u00fcr Inhalte<\/h3>\n<p>Als Diensteanbieter sind wir gem\u00e4\u00df \u00a7 7 Abs.1 TMG f\u00fcr eigene Inhalte auf diesen Seiten nach den allgemeinen Gesetzen verantwortlich. Nach \u00a7\u00a7 8 bis 10 TMG sind wir als Diensteanbieter jedoch nicht verpflichtet, \u00fcbermittelte oder gespeicherte fremde Informationen zu \u00fcberwachen oder nach Umst\u00e4nden zu forschen, die auf eine rechtswidrige T\u00e4tigkeit hinweisen. Verpflichtungen zur Entfernung oder Sperrung der Nutzung von Informationen nach den allgemeinen Gesetzen bleiben hiervon unber\u00fchrt. Eine diesbez\u00fcgliche Haftung ist jedoch erst ab dem Zeitpunkt der Kenntnis einer konkreten Rechtsverletzung m\u00f6glich. Bei Bekanntwerden von entsprechenden Rechtsverletzungen werden wir diese Inhalte umgehend entfernen.<\/p>\n<h3>Haftung f\u00fcr Links<\/h3>\n<p>Unser Angebot enth\u00e4lt Links zu externen Websites Dritter, auf deren Inhalte wir keinen Einfluss haben. Deshalb k\u00f6nnen wir f\u00fcr diese fremden Inhalte auch keine Gew\u00e4hr \u00fcbernehmen. F\u00fcr die Inhalte der verlinkten Seiten ist stets der jeweilige Anbieter oder Betreiber der Seiten verantwortlich. Die verlinkten Seiten wurden zum Zeitpunkt der Verlinkung auf m\u00f6gliche Rechtsverst\u00f6\u00dfe \u00fcberpr\u00fcft. Rechtswidrige Inhalte waren zum Zeitpunkt der Verlinkung nicht erkennbar. Eine permanente inhaltliche Kontrolle der verlinkten Seiten ist jedoch ohne konkrete Anhaltspunkte einer Rechtsverletzung nicht zumutbar. Bei Bekanntwerden von Rechtsverletzungen werden wir derartige Links umgehend entfernen.<\/p>\n<h3>Urheberrecht<\/h3>\n<p>Die durch die Seitenbetreiber erstellten Inhalte und Werke auf diesen Seiten unterliegen dem deutschen Urheberrecht. Die Vervielf\u00e4ltigung, Bearbeitung, Verbreitung und jede Art der Verwertung au\u00dferhalb der Grenzen des Urheberrechtes bed\u00fcrfen der schriftlichen Zustimmung des jeweiligen Autors bzw. Erstellers. Downloads und Kopien dieser Seite sind nur f\u00fcr den privaten, nicht kommerziellen Gebrauch gestattet. Soweit die Inhalte auf dieser Seite nicht vom Betreiber erstellt wurden, werden die Urheberrechte Dritter beachtet. Insbesondere werden Inhalte Dritter als solche gekennzeichnet. Sollten Sie trotzdem auf eine Urheberrechtsverletzung aufmerksam werden, bitten wir um einen entsprechenden Hinweis. Bei Bekanntwerden von Rechtsverletzungen werden wir derartige Inhalte umgehend entfernen.<\/p>\n<h3>Bildnachweis<\/h3>\n<p>Startseite, slideshow, 1.Bild:<br \/>\nRenschgro &#8222;Auf der Suche&#8230;.&#8220;<br \/>\n<img src=\"http:\/\/piqs.de\/images\/license\/by_sign.gif\" alt=\"\" border=\"0\" \/> <a href=\"http:\/\/creativecommons.org\/licenses\/by\/2.0\/de\/deed.de\">Some rights reserved<\/a>.<br \/>\nQuelle: <a href=\"http:\/\/www.piqs.de\">www.piqs.de<\/a><\/p>\n<p>Startseite, slideshow, 2. Bild:<br \/>\n&#8222;Lausitzer Museenland&#8220;,<br \/>\nQuelle: Chairlines Medienagentur<br \/>\nEmail: andreas.thormann[at]chairlines.de<\/p>\n<p>Soweit nicht anders aufgef\u00fchrt:<br \/>\nPressestelle Landkreis Spree-Nei\u00dfe\/Wokrejs Sprjewja-Nysa<br \/>\nTel. 035 62 \/ 986 100 17<br \/>\nund 035 62 \/ 986 100 06<br \/>\nFax 035 62 \/ 986 100 88<br \/>\nEmail: pressestelle[at]lkspn.de<\/p>\n<p>pixabay.com<br \/>\nund von den musealen Institutionen zur Verf\u00fcgung gestellt.<\/p>\n<h3>Gender Erkl\u00e4rung<\/h3>\n<p>Zur besseren Lesbarkeit werden auf dieser Website personenbezogene Bezeichnungen, die sich zugleich auf alle Geschlechter beziehen, weitestgehend nur in der im Deutschen \u00fcblichen m\u00e4nnlichen oder weiblichen Form angef\u00fchrt, also z.B. \u201cTeilnehmer\u201d oder \u201cTeilnehmerin\u201d statt \u201cTeilnehmerInnen\u201d oder \u201cTeilnehmer*innen\u201d.<br \/>\nDies soll jedoch keinesfalls eine Geschlechterdiskriminierung oder eine Verletzung des Gleichheitsgrundsatzes zum Ausdruck bringen.<\/p>\n<p><strong>Dieses Projekt wird gef\u00f6rdert aus Mitteln des Landkreises Spree-Nei\u00dfe\/Wokrejs Sprjewja-Nysa.<\/strong><\/p>\n","protected":false},"excerpt":{"rendered":"<p>Das Lausitzer Museenland ist ein KulturProjekt des Landkreises Spree-Nei\u00dfe\/Wokrejs Sprjewja-Nysa und eine Initiative der Museen der Lausitz. Angaben gem\u00e4\u00df \u00a7 5 TMG Landkreis Spree-Nei\u00dfe\/Wokrejs Sprjewja-Nysa Heinrich-Heine-Stra\u00dfe 1 03149 Forst (Lausitz) \/ Bar\u0161\u0107 (\u0141u\u017eyca) Vertreten durch: Romy Ruff Beauftragte f\u00fcr sorbische\/wendische Angelegenheiten Landkreis Spree-Nei\u00dfe\/Wokrejs Sprjewja-Nysa Heinrich-Heine-Stra\u00dfe 1 03149 Forst (Lausitz) \/ Bar\u0161\u0107 (\u0141u\u017eyca) Kontakt Koordinationsstelle Arbeitskreis<\/p>","protected":false},"author":13,"featured_media":0,"parent":0,"menu_order":0,"comment_status":"closed","ping_status":"closed","template":"","meta":[],"_links":{"self":[{"href":"https:\/\/www.lausitzer-museenland.de\/en\/wp-json\/wp\/v2\/pages\/330"}],"collection":[{"href":"https:\/\/www.lausitzer-museenland.de\/en\/wp-json\/wp\/v2\/pages"}],"about":[{"href":"https:\/\/www.lausitzer-museenland.de\/en\/wp-json\/wp\/v2\/types\/page"}],"author":[{"embeddable":true,"href":"https:\/\/www.lausitzer-museenland.de\/en\/wp-json\/wp\/v2\/users\/13"}],"replies":[{"embeddable":true,"href":"https:\/\/www.lausitzer-museenland.de\/en\/wp-json\/wp\/v2\/comments?post=330"}],"version-history":[{"count":30,"href":"https:\/\/www.lausitzer-museenland.de\/en\/wp-json\/wp\/v2\/pages\/330\/revisions"}],"predecessor-version":[{"id":55467,"href":"https:\/\/www.lausitzer-museenland.de\/en\/wp-json\/wp\/v2\/pages\/330\/revisions\/55467"}],"wp:attachment":[{"href":"https:\/\/www.lausitzer-museenland.de\/en\/wp-json\/wp\/v2\/media?parent=330"}],"curies":[{"name":"wp","href":"https:\/\/api.w.org\/{rel}","templated":true}]}}