{"id":4087,"date":"2015-05-20T15:20:37","date_gmt":"2015-05-20T14:20:37","guid":{"rendered":"http:\/\/lausitzer-museenland.de\/?page_id=4087"},"modified":"2024-09-19T12:24:20","modified_gmt":"2024-09-19T10:24:20","slug":"slawenburg-raddusch","status":"publish","type":"page","link":"https:\/\/www.lausitzer-museenland.de\/en\/museums\/slawenburg-raddusch\/","title":{"rendered":"Slawenburg Raddusch \/ S\u0142owja\u0144ske gro\u017ai\u0161\u0107o Radu\u0161"},"content":{"rendered":"<p><a href=\"#galerie_raddusch\">Gallery<\/a> | <a href=\"#ausstellung_raddusch\">Exhibitions<\/a> | <a href=\"#kinderangebot_raddusch\">Offers for children<\/a><br \/>\n<a href=\"https:\/\/www.lausitzer-museenland.de\/wp-content\/uploads\/2020\/10\/SlawenburgRaddusch_skaliert.png\"><img loading=\"lazy\" class=\"aligncenter size-full wp-image-53131\" src=\"https:\/\/www.lausitzer-museenland.de\/wp-content\/uploads\/2020\/10\/SlawenburgRaddusch_skaliert.png\" alt=\"\" width=\"750\" height=\"373\" srcset=\"https:\/\/www.lausitzer-museenland.de\/wp-content\/uploads\/2020\/10\/SlawenburgRaddusch_skaliert.png 750w, https:\/\/www.lausitzer-museenland.de\/wp-content\/uploads\/2020\/10\/SlawenburgRaddusch_skaliert-300x149.png 300w\" sizes=\"(max-width: 750px) 100vw, 750px\" \/><span style=\"font-size: 8pt; color: #008000;\">SlawenburgRaddusch\u00a9Oe_Grafik_sk<\/span><\/a><\/p>\n\n<p><strong>130,000 years of history in Lower Lusatia<br \/>\n<\/strong><\/p>\n<h3>Building \/ plot situation<\/h3>\n<p>Archaeological finds prove that Slavic settlements already existed here in the early Middle Ages, from the 9th century onwards. The Lusizi tribe built a large number of refuge and storage castles on the edge of the Spreewald, totalling around 30. The Raddusch ring wall had a diameter of 57 metres, a width of over 10 metres and a height of up to 9 metres.<\/p>\n<p>Today's \"Slawenburg Raddusch\" is a reminder of the culture of the Slavs in the Spreewald. It was created as an external ideal reconstruction of a Slavic castle of the 9th\/10th century. Not only were the excavation results from Raddusch itself taken into account, but also the results of investigations of other ramparts in Lower Lusatia, Saxony and Poland. The construction consists of a hollow concrete ring that accommodates all the necessary rooms from the exhibition with castle shop to the caf\u00e9 and a cladding of oak wood and clay that imitates the presumed original exterior.<\/p>\n<p>The spacious outdoor area offers plenty of room to discover and romp around. The \"Zeitsteg\" with its landscape islands leads the visitor through 12 000 years of plant life.<br \/>\nPicnic areas invite you to pause and enjoy the species-rich meadows with their many herbs and trees. A monumental wooden bull characterises the play area at the edge of the main path. The bull pulls a thick oak trunk towards the castle. The sculpture and other installations invite visitors to play and linger.<\/p>\n<h3>Characteristics<\/h3>\n<p>Inside the castle wall is one of the most modern archaeological exhibitions in Germany, spanning an arc from the earliest settlements in the Stone Age to the Slavic Middle Ages. The permanent exhibition mainly presents results and finds from the diverse archaeological excavations that took place in the Lower Lusatian open-cast mining areas before lignite mining. Important original finds - on loan from various museums and institutions in Brandenburg, Berlin and Mecklenburg-Western Pomerania - tell the story of Lower Lusatia.<\/p>\n<h3>Special exhibitions \/ accompanying offers<a id=\"ausstellung_raddusch\"><\/a><\/h3>\n<p>Child- and family-friendly but also curatorial guided tours with lots of background information as well as hands-on activities offer visitors an insight into the everyday life of the Slavs in the Middle Ages.<\/p>\n<h3>Offers for children<a id=\"kinderangebot_raddusch\"><\/a><\/h3>\n<div class=\"j-module n j-text\">\n<p>Our experience offers:<\/p>\n<ul>\n<li>History of Lower Lusatia<\/li>\n<li>The plant world of the last 12 000 years<\/li>\n<li>Children's games of the Middle Ages<\/li>\n<li>Archery like the Slavs<\/li>\n<li>Slavic quiz with great prizes<\/li>\n<li>Various events, with javelin throwing and Slavic Olympics<\/li>\n<\/ul>\n<p>Offers under: <a title=\"Museum education\" href=\"http:\/\/www.slawenburg-raddusch.de\/\" target=\"_blank\" rel=\"noopener noreferrer\">www.slawenburg-raddusch.de<\/a><\/p>\n<\/div>\n<h3>Gallery<a id=\"galerie_raddusch\"><\/a><\/h3>\n<div id=\"envira-gallery-wrap-53136\" class=\"envira-gallery-wrap envira-gallery-theme-base envira-lightbox-theme-base\" itemscope itemtype=\"https:\/\/schema.org\/ImageGallery\"><div data-row-height=\"150\" data-gallery-theme=\"normal\" id=\"envira-gallery-53136\" class=\"envira-gallery-public envira-gallery-justified-public envira-gallery-0-columns envira-clear enviratope envira-gallery-css-animations\" data-envira-columns=\"0\"><div id=\"envira-gallery-item-53137\" class=\"envira-gallery-item enviratope-item envira-gallery-item-1 envira-lazy-load\" style=\"padding-left: 5px; padding-bottom: 10px; padding-right: 5px;\"  itemscope itemtype=\"https:\/\/schema.org\/ImageObject\"><div class=\"envira-gallery-item-inner\"><div class=\"envira-gallery-position-overlay  envira-gallery-top-left\"><\/div><div class=\"envira-gallery-position-overlay  envira-gallery-top-right\"><\/div><div class=\"envira-gallery-position-overlay  envira-gallery-bottom-left\"><\/div><div class=\"envira-gallery-position-overlay  envira-gallery-bottom-right\"><\/div><a href=\"https:\/\/www.lausitzer-museenland.de\/wp-content\/uploads\/2020\/10\/Holzstier\u00a9Oe_Grafik_sk.jpg\" class=\"envira-gallery-53136 envira-gallery-link\" rel=\"enviragallery53136\" title=\"Wooden bull\u00a9Oe_Grafik_sk\" data-envira-caption=\"Holzstier&copy;Oe_Grafik_sk\" data-envira-retina=\"\" data-thumbnail=\"\"  itemprop=\"contentUrl\"><img id=\"envira-gallery-image-53137\" class=\"envira-gallery-image envira-gallery-image-1 envira-normal envira-lazy\" data-envira-index=\"1\" src=\"https:\/\/www.lausitzer-museenland.de\/wp-content\/uploads\/2020\/10\/Holzstier\u00a9Oe_Grafik_sk-1024x683.jpg\" data-envira-src=\"https:\/\/www.lausitzer-museenland.de\/wp-content\/uploads\/2020\/10\/Holzstier\u00a9Oe_Grafik_sk-1024x683.jpg\" data-envira-gallery-id=\"53136\" data-envira-item-id=\"53137\" data-envira-caption=\"Holzstier&copy;Oe_Grafik_sk\" alt=\"\" title=\"Wooden bull\u00a9Oe_Grafik_sk\"  itemprop=\"thumbnailUrl\" data-envira-srcset=\"https:\/\/www.lausitzer-museenland.de\/wp-content\/uploads\/2020\/10\/Holzstier\u00a9Oe_Grafik_sk-1024x683.jpg 400w,https:\/\/www.lausitzer-museenland.de\/wp-content\/uploads\/2020\/10\/Holzstier\u00a9Oe_Grafik_sk-1024x683.jpg 2x\" data-envira-width=\"300\" data-envira-height=\"200\" srcset=\"data:image\/gif;base64,R0lGODlhAQABAIAAAP\/\/\/\/\/\/\/yH5BAEKAAEALAAAAAABAAEAAAICTAEAOw==\" data-safe-src=\"data:image\/gif;base64,R0lGODlhAQABAIAAAP\/\/\/\/\/\/\/yH5BAEKAAEALAAAAAABAAEAAAICTAEAOw==\" \/><\/a><\/div><\/div><div id=\"envira-gallery-item-53138\" class=\"envira-gallery-item enviratope-item envira-gallery-item-2 envira-lazy-load\" style=\"padding-left: 5px; padding-bottom: 10px; padding-right: 5px;\"  itemscope itemtype=\"https:\/\/schema.org\/ImageObject\"><div class=\"envira-gallery-item-inner\"><div class=\"envira-gallery-position-overlay  envira-gallery-top-left\"><\/div><div class=\"envira-gallery-position-overlay  envira-gallery-top-right\"><\/div><div class=\"envira-gallery-position-overlay  envira-gallery-bottom-left\"><\/div><div class=\"envira-gallery-position-overlay  envira-gallery-bottom-right\"><\/div><a href=\"https:\/\/www.lausitzer-museenland.de\/wp-content\/uploads\/2020\/10\/Keramikdepot\u00a9FotoBritze.jpg\" class=\"envira-gallery-53136 envira-gallery-link\" rel=\"enviragallery53136\" title=\"Ceramic Depot\u00a9PhotoBritze\" data-envira-caption=\"Keramikdepot&copy;FotoBritze\" data-envira-retina=\"\" data-thumbnail=\"\"  itemprop=\"contentUrl\"><img id=\"envira-gallery-image-53138\" class=\"envira-gallery-image envira-gallery-image-2 envira-normal envira-lazy\" data-envira-index=\"2\" src=\"https:\/\/www.lausitzer-museenland.de\/wp-content\/uploads\/2020\/10\/Keramikdepot\u00a9FotoBritze-1024x683.jpg\" data-envira-src=\"https:\/\/www.lausitzer-museenland.de\/wp-content\/uploads\/2020\/10\/Keramikdepot\u00a9FotoBritze-1024x683.jpg\" data-envira-gallery-id=\"53136\" data-envira-item-id=\"53138\" data-envira-caption=\"Keramikdepot&copy;FotoBritze\" alt=\"\" title=\"Ceramic Depot\u00a9PhotoBritze\"  itemprop=\"thumbnailUrl\" data-envira-srcset=\"https:\/\/www.lausitzer-museenland.de\/wp-content\/uploads\/2020\/10\/Keramikdepot\u00a9FotoBritze-1024x683.jpg 400w,https:\/\/www.lausitzer-museenland.de\/wp-content\/uploads\/2020\/10\/Keramikdepot\u00a9FotoBritze-1024x683.jpg 2x\" data-envira-width=\"300\" data-envira-height=\"200\" srcset=\"data:image\/gif;base64,R0lGODlhAQABAIAAAP\/\/\/\/\/\/\/yH5BAEKAAEALAAAAAABAAEAAAICTAEAOw==\" data-safe-src=\"data:image\/gif;base64,R0lGODlhAQABAIAAAP\/\/\/\/\/\/\/yH5BAEKAAEALAAAAAABAAEAAAICTAEAOw==\" \/><\/a><\/div><\/div><div id=\"envira-gallery-item-53139\" class=\"envira-gallery-item enviratope-item envira-gallery-item-3 envira-lazy-load\" style=\"padding-left: 5px; padding-bottom: 10px; padding-right: 5px;\"  itemscope itemtype=\"https:\/\/schema.org\/ImageObject\"><div class=\"envira-gallery-item-inner\"><div class=\"envira-gallery-position-overlay  envira-gallery-top-left\"><\/div><div class=\"envira-gallery-position-overlay  envira-gallery-top-right\"><\/div><div class=\"envira-gallery-position-overlay  envira-gallery-bottom-left\"><\/div><div class=\"envira-gallery-position-overlay  envira-gallery-bottom-right\"><\/div><a href=\"https:\/\/www.lausitzer-museenland.de\/wp-content\/uploads\/2020\/10\/Vogelvitrine\u00a9FotoBritze.jpg\" class=\"envira-gallery-53136 envira-gallery-link\" rel=\"enviragallery53136\" title=\"Bird display case\u00a9FotoBritze\" data-envira-caption=\"Vogelvitrine&copy;FotoBritze\" data-envira-retina=\"\" data-thumbnail=\"\"  itemprop=\"contentUrl\"><img id=\"envira-gallery-image-53139\" class=\"envira-gallery-image envira-gallery-image-3 envira-normal envira-lazy\" data-envira-index=\"3\" src=\"https:\/\/www.lausitzer-museenland.de\/wp-content\/uploads\/2020\/10\/Vogelvitrine\u00a9FotoBritze-1024x683.jpg\" data-envira-src=\"https:\/\/www.lausitzer-museenland.de\/wp-content\/uploads\/2020\/10\/Vogelvitrine\u00a9FotoBritze-1024x683.jpg\" data-envira-gallery-id=\"53136\" data-envira-item-id=\"53139\" data-envira-caption=\"Vogelvitrine&copy;FotoBritze\" alt=\"\" title=\"Bird display case\u00a9FotoBritze\"  itemprop=\"thumbnailUrl\" data-envira-srcset=\"https:\/\/www.lausitzer-museenland.de\/wp-content\/uploads\/2020\/10\/Vogelvitrine\u00a9FotoBritze-1024x683.jpg 400w,https:\/\/www.lausitzer-museenland.de\/wp-content\/uploads\/2020\/10\/Vogelvitrine\u00a9FotoBritze-1024x683.jpg 2x\" data-envira-width=\"300\" data-envira-height=\"200\" srcset=\"data:image\/gif;base64,R0lGODlhAQABAIAAAP\/\/\/\/\/\/\/yH5BAEKAAEALAAAAAABAAEAAAICTAEAOw==\" data-safe-src=\"data:image\/gif;base64,R0lGODlhAQABAIAAAP\/\/\/\/\/\/\/yH5BAEKAAEALAAAAAABAAEAAAICTAEAOw==\" \/><\/a><\/div><\/div><\/div><\/div><noscript><img src=\"https:\/\/www.lausitzer-museenland.de\/wp-content\/uploads\/2020\/10\/Holzstier\u00a9Oe_Grafik_sk.jpg\" alt=\"\" \/><img src=\"https:\/\/www.lausitzer-museenland.de\/wp-content\/uploads\/2020\/10\/Keramikdepot\u00a9FotoBritze-e1633423869193.jpg\" alt=\"\" \/><img src=\"https:\/\/www.lausitzer-museenland.de\/wp-content\/uploads\/2020\/10\/Vogelvitrine\u00a9FotoBritze.jpg\" alt=\"\" \/><\/noscript>","protected":false},"excerpt":{"rendered":"<p>Galerie | Ausstellungen | Angebote f\u00fcr Kinder SlawenburgRaddusch\u00a9Oe_Grafik_sk 130.000 Jahre Geschichte in der Niederlausitz Geb\u00e4ude- \/ Grundst\u00fcckssituation Arch\u00e4ologische Funde belegen, dass bereits im fr\u00fchen Mittelalter, ab dem 9. Jahrhundert, slawische Siedlungen an diesem Ort existierten. Der Stamm der Lusizi errichtete am Rande des Spreewaldes eine Vielzahl von Flucht- und Speicherburgen, deren Anzahl sich auf rund<\/p>","protected":false},"author":13,"featured_media":0,"parent":113,"menu_order":0,"comment_status":"closed","ping_status":"closed","template":"","meta":[],"_links":{"self":[{"href":"https:\/\/www.lausitzer-museenland.de\/en\/wp-json\/wp\/v2\/pages\/4087"}],"collection":[{"href":"https:\/\/www.lausitzer-museenland.de\/en\/wp-json\/wp\/v2\/pages"}],"about":[{"href":"https:\/\/www.lausitzer-museenland.de\/en\/wp-json\/wp\/v2\/types\/page"}],"author":[{"embeddable":true,"href":"https:\/\/www.lausitzer-museenland.de\/en\/wp-json\/wp\/v2\/users\/13"}],"replies":[{"embeddable":true,"href":"https:\/\/www.lausitzer-museenland.de\/en\/wp-json\/wp\/v2\/comments?post=4087"}],"version-history":[{"count":41,"href":"https:\/\/www.lausitzer-museenland.de\/en\/wp-json\/wp\/v2\/pages\/4087\/revisions"}],"predecessor-version":[{"id":55326,"href":"https:\/\/www.lausitzer-museenland.de\/en\/wp-json\/wp\/v2\/pages\/4087\/revisions\/55326"}],"up":[{"embeddable":true,"href":"https:\/\/www.lausitzer-museenland.de\/en\/wp-json\/wp\/v2\/pages\/113"}],"wp:attachment":[{"href":"https:\/\/www.lausitzer-museenland.de\/en\/wp-json\/wp\/v2\/media?parent=4087"}],"curies":[{"name":"wp","href":"https:\/\/api.w.org\/{rel}","templated":true}]}}