{"id":426,"date":"2014-11-12T11:10:37","date_gmt":"2014-11-12T10:10:37","guid":{"rendered":"http:\/\/lausitzer-museenland.de\/?page_id=426"},"modified":"2014-12-17T17:54:58","modified_gmt":"2014-12-17T16:54:58","slug":"leben-frueher-und-heute","status":"publish","type":"page","link":"https:\/\/www.lausitzer-museenland.de\/en\/service\/kobi\/life-greater-and-today\/","title":{"rendered":"Life in the past and today in the Lower Lusatian Heath Museum Spremberg"},"content":{"rendered":"<p>We will compare a day as experienced by the great-grandparents with today. There will be insights into the food storage of that time, the nutrition, procurement and preservation.<\/p>\n<p>A short film shows historical crafts. History thus becomes an exciting experience.<br \/>\nAfterwards, we \"examine\" various pieces of equipment and try out some of them.<\/p>\n<p>The programme takes place indoors and outdoors and is aimed at pupils in grades 1 to 6.<br \/>\nGroup size: 5 to 20 people<br \/>\nDates: by arrangement<br \/>\nPre-registration: 5 days before at the latest<br \/>\nDuration: approx. 1.5 hours<br \/>\nAdmission per person: \u20ac 2.00<\/p>\n<p>Notes:<br \/>\nIf the class size is larger, it is necessary to divide the class.<\/p>\n<div>\n<p>Therefore, please allow 1\/2 hour more time.<\/p>\n<p><a title=\"Niederlausitzer Heidemuseum Spremberg \/ Dolno\u0142u\u017eyski g\u00f3la\u0144ski muzej Grodk\" href=\"\/museen\/niederlausitzer-heidemuseum-spremberg\/\">Lower Lusatian Heath Museum Spremberg<\/a><\/p>\n<\/div>","protected":false},"excerpt":{"rendered":"<p>We will compare a day as experienced by the great-grandparents with today. There will be insights into how food was stored in those days, how it was fed, procured and preserved. A short film shows historical crafts. History thus becomes an exciting experience. Afterwards, we will \"examine\" various tools and try out some of them. The programme takes place indoors and<\/p>","protected":false},"author":13,"featured_media":0,"parent":380,"menu_order":0,"comment_status":"closed","ping_status":"closed","template":"","meta":[],"_links":{"self":[{"href":"https:\/\/www.lausitzer-museenland.de\/en\/wp-json\/wp\/v2\/pages\/426"}],"collection":[{"href":"https:\/\/www.lausitzer-museenland.de\/en\/wp-json\/wp\/v2\/pages"}],"about":[{"href":"https:\/\/www.lausitzer-museenland.de\/en\/wp-json\/wp\/v2\/types\/page"}],"author":[{"embeddable":true,"href":"https:\/\/www.lausitzer-museenland.de\/en\/wp-json\/wp\/v2\/users\/13"}],"replies":[{"embeddable":true,"href":"https:\/\/www.lausitzer-museenland.de\/en\/wp-json\/wp\/v2\/comments?post=426"}],"version-history":[{"count":6,"href":"https:\/\/www.lausitzer-museenland.de\/en\/wp-json\/wp\/v2\/pages\/426\/revisions"}],"predecessor-version":[{"id":3661,"href":"https:\/\/www.lausitzer-museenland.de\/en\/wp-json\/wp\/v2\/pages\/426\/revisions\/3661"}],"up":[{"embeddable":true,"href":"https:\/\/www.lausitzer-museenland.de\/en\/wp-json\/wp\/v2\/pages\/380"}],"wp:attachment":[{"href":"https:\/\/www.lausitzer-museenland.de\/en\/wp-json\/wp\/v2\/media?parent=426"}],"curies":[{"name":"wp","href":"https:\/\/api.w.org\/{rel}","templated":true}]}}