{"id":428,"date":"2014-11-12T11:11:51","date_gmt":"2014-11-12T10:11:51","guid":{"rendered":"http:\/\/lausitzer-museenland.de\/?page_id=428"},"modified":"2014-12-17T17:56:48","modified_gmt":"2014-12-17T16:56:48","slug":"schlossspiel","status":"publish","type":"page","link":"https:\/\/www.lausitzer-museenland.de\/en\/service\/kobi\/castle-play\/","title":{"rendered":"Castle Play in the Lower Lusatian Heath Museum Spremberg"},"content":{"rendered":"<p>The castle game is a search and orientation game of the museum. Dressed up in medieval costumes, we go in search of previously photographed exhibits. If all of them are found, including an old key, then we can use it to open the treasure chest. There is brief information about the objects found. In this way, all areas of the house are illuminated and the purpose of a museum is explained.<\/p>\n<p>Different tasks have to be solved according to the age of the participants.<\/p>\n<p>The offer takes place indoors and is aimed at pupils in grades 1 to 7.<br \/>\nGroup size: 5 to 20 people<br \/>\nDates: by arrangement<br \/>\nPre-registration: 5 days before at the latest<br \/>\nDuration: approx. 1.5 hours<br \/>\nAdmission per person: \u20ac 2.00<\/p>\n<p>Notes:<br \/>\nIn case of a larger class size, it is necessary to divide the class. Therefore, please allow 1\/2 hour more time.<\/p>\n<p><a title=\"Niederlausitzer Heidemuseum Spremberg \/ Dolno\u0142u\u017eyski g\u00f3la\u0144ski muzej Grodk\" href=\"\/museen\/niederlausitzer-heidemuseum-spremberg\/\">Lower Lusatian Heath Museum Spremberg<\/a><\/p>","protected":false},"excerpt":{"rendered":"<p>The castle game is a search and orientation game of the museum. Dressed up in medieval costumes, we go in search of previously photographed exhibits. If all of them, including an old key, are found, we can use them to open the treasure chest. There is brief information about the objects found. In this way, all areas of the house are illuminated and the meaning of a museum is explained.<\/p>","protected":false},"author":13,"featured_media":0,"parent":380,"menu_order":0,"comment_status":"closed","ping_status":"closed","template":"","meta":[],"_links":{"self":[{"href":"https:\/\/www.lausitzer-museenland.de\/en\/wp-json\/wp\/v2\/pages\/428"}],"collection":[{"href":"https:\/\/www.lausitzer-museenland.de\/en\/wp-json\/wp\/v2\/pages"}],"about":[{"href":"https:\/\/www.lausitzer-museenland.de\/en\/wp-json\/wp\/v2\/types\/page"}],"author":[{"embeddable":true,"href":"https:\/\/www.lausitzer-museenland.de\/en\/wp-json\/wp\/v2\/users\/13"}],"replies":[{"embeddable":true,"href":"https:\/\/www.lausitzer-museenland.de\/en\/wp-json\/wp\/v2\/comments?post=428"}],"version-history":[{"count":6,"href":"https:\/\/www.lausitzer-museenland.de\/en\/wp-json\/wp\/v2\/pages\/428\/revisions"}],"predecessor-version":[{"id":3664,"href":"https:\/\/www.lausitzer-museenland.de\/en\/wp-json\/wp\/v2\/pages\/428\/revisions\/3664"}],"up":[{"embeddable":true,"href":"https:\/\/www.lausitzer-museenland.de\/en\/wp-json\/wp\/v2\/pages\/380"}],"wp:attachment":[{"href":"https:\/\/www.lausitzer-museenland.de\/en\/wp-json\/wp\/v2\/media?parent=428"}],"curies":[{"name":"wp","href":"https:\/\/api.w.org\/{rel}","templated":true}]}}