{"id":430,"date":"2014-11-12T11:12:49","date_gmt":"2014-11-12T10:12:49","guid":{"rendered":"http:\/\/lausitzer-museenland.de\/?page_id=430"},"modified":"2014-12-17T17:58:17","modified_gmt":"2014-12-17T16:58:17","slug":"geheime-kraeuterkunde","status":"publish","type":"page","link":"https:\/\/www.lausitzer-museenland.de\/en\/service\/kobi\/secret-herbology\/","title":{"rendered":"Secret Herbology in the Lower Lusatian Heath Museum Spremberg"},"content":{"rendered":"<p>The knowledge about the cultivation and use of herbs is thousands of years old. It is fun to sniff the herbs, to identify them or to snack on them. But be careful! Not all of them are edible and need to be refined. Afterwards, you can enjoy a snack with homemade butter and herbal salt. A guided tour of the herb garden with colleagues from the Turmapotheke Spremberg is available on request.<\/p>\n<p>The programme takes place indoors and outdoors and is aimed at pupils in grades 1 to 7.<br \/>\nGroup size: 5 to 20 people<br \/>\nDates: by arrangement<br \/>\nPre-registration: 5 days before at the latest<br \/>\nDuration: approx. 1.5 hours<br \/>\nAdmission per person: \u20ac 2.00<\/p>\n<p>Notes:<br \/>\nIn case of a larger class size, it is necessary to divide the class. Therefore, please allow 1\/2 hour more time.<\/p>\n<p><a title=\"Niederlausitzer Heidemuseum Spremberg \/ Dolno\u0142u\u017eyski g\u00f3la\u0144ski muzej Grodk\" href=\"\/museen\/niederlausitzer-heidemuseum-spremberg\/\">Lower Lusatian Heath Museum Spremberg<\/a><\/p>","protected":false},"excerpt":{"rendered":"<p>The knowledge about the cultivation and use of herbs is thousands of years old. It is fun to sniff the herbs, to identify them or to snack on them. But be careful! Not all of them are edible and need to be refined. Afterwards you can enjoy a snack with homemade butter and herbal salt. On request<\/p>","protected":false},"author":13,"featured_media":0,"parent":380,"menu_order":0,"comment_status":"closed","ping_status":"closed","template":"","meta":[],"_links":{"self":[{"href":"https:\/\/www.lausitzer-museenland.de\/en\/wp-json\/wp\/v2\/pages\/430"}],"collection":[{"href":"https:\/\/www.lausitzer-museenland.de\/en\/wp-json\/wp\/v2\/pages"}],"about":[{"href":"https:\/\/www.lausitzer-museenland.de\/en\/wp-json\/wp\/v2\/types\/page"}],"author":[{"embeddable":true,"href":"https:\/\/www.lausitzer-museenland.de\/en\/wp-json\/wp\/v2\/users\/13"}],"replies":[{"embeddable":true,"href":"https:\/\/www.lausitzer-museenland.de\/en\/wp-json\/wp\/v2\/comments?post=430"}],"version-history":[{"count":7,"href":"https:\/\/www.lausitzer-museenland.de\/en\/wp-json\/wp\/v2\/pages\/430\/revisions"}],"predecessor-version":[{"id":3666,"href":"https:\/\/www.lausitzer-museenland.de\/en\/wp-json\/wp\/v2\/pages\/430\/revisions\/3666"}],"up":[{"embeddable":true,"href":"https:\/\/www.lausitzer-museenland.de\/en\/wp-json\/wp\/v2\/pages\/380"}],"wp:attachment":[{"href":"https:\/\/www.lausitzer-museenland.de\/en\/wp-json\/wp\/v2\/media?parent=430"}],"curies":[{"name":"wp","href":"https:\/\/api.w.org\/{rel}","templated":true}]}}