{"id":454,"date":"2014-11-12T11:26:19","date_gmt":"2014-11-12T10:26:19","guid":{"rendered":"http:\/\/lausitzer-museenland.de\/?page_id=454"},"modified":"2014-12-17T18:08:38","modified_gmt":"2014-12-17T17:08:38","slug":"aus-alter-zeit-heimatsagen-und-spukgeschichten","status":"publish","type":"page","link":"https:\/\/www.lausitzer-museenland.de\/en\/service\/kobi\/old-time-homeland-saga-and-spook-stories\/","title":{"rendered":"From the olden days - local legends and ghost stories in the Gro\u00df K\u00f6lzig local history room"},"content":{"rendered":"<p>Around Gro\u00df K\u00f6lzig, as in all of Lower Lusatia, legends and stories have always been told. Some places still bear witness to this today and can be explored by the pupils.<\/p>\n<p>The programme takes place indoors and outdoors and is aimed at pupils in grades 1 to 7.<br \/>\nDates: by arrangement<br \/>\nPre-registration: 5 days before at the latest<br \/>\nGroup size: 5 to 30 people<br \/>\nAdmission per person: by arrangement<\/p>\n<p><a title=\"Heimatstube Gro\u00df K\u00f6lzig \/ Domowniska \u015bpa Wjeliki K\u00f3lsk\" href=\"\/museen\/heimatstube-gross-koelzig\/\">Local history room Gro\u00df K\u00f6lzig<\/a><\/p>","protected":false},"excerpt":{"rendered":"<p>Around Gro\u00df K\u00f6lzig, as in all of Lower Lusatia, legends and stories have always been told. Some places still bear witness to this today and can be explored by the pupils. The programme takes place indoors and outdoors and is aimed at pupils in classes 1 to 7. Dates: by arrangement Pre-registration: at least 5 days in advance Group size:<\/p>","protected":false},"author":13,"featured_media":0,"parent":380,"menu_order":0,"comment_status":"closed","ping_status":"closed","template":"","meta":[],"_links":{"self":[{"href":"https:\/\/www.lausitzer-museenland.de\/en\/wp-json\/wp\/v2\/pages\/454"}],"collection":[{"href":"https:\/\/www.lausitzer-museenland.de\/en\/wp-json\/wp\/v2\/pages"}],"about":[{"href":"https:\/\/www.lausitzer-museenland.de\/en\/wp-json\/wp\/v2\/types\/page"}],"author":[{"embeddable":true,"href":"https:\/\/www.lausitzer-museenland.de\/en\/wp-json\/wp\/v2\/users\/13"}],"replies":[{"embeddable":true,"href":"https:\/\/www.lausitzer-museenland.de\/en\/wp-json\/wp\/v2\/comments?post=454"}],"version-history":[{"count":7,"href":"https:\/\/www.lausitzer-museenland.de\/en\/wp-json\/wp\/v2\/pages\/454\/revisions"}],"predecessor-version":[{"id":3677,"href":"https:\/\/www.lausitzer-museenland.de\/en\/wp-json\/wp\/v2\/pages\/454\/revisions\/3677"}],"up":[{"embeddable":true,"href":"https:\/\/www.lausitzer-museenland.de\/en\/wp-json\/wp\/v2\/pages\/380"}],"wp:attachment":[{"href":"https:\/\/www.lausitzer-museenland.de\/en\/wp-json\/wp\/v2\/media?parent=454"}],"curies":[{"name":"wp","href":"https:\/\/api.w.org\/{rel}","templated":true}]}}