{"id":471,"date":"2014-11-12T11:40:51","date_gmt":"2014-11-12T10:40:51","guid":{"rendered":"http:\/\/lausitzer-museenland.de\/?page_id=471"},"modified":"2020-02-06T14:35:47","modified_gmt":"2020-02-06T13:35:47","slug":"auf-den-spuren-lausitzer-ziegel-und-feldbahnen","status":"publish","type":"page","link":"https:\/\/www.lausitzer-museenland.de\/en\/service\/kobi\/on-the-tracks-lausitz-brick-and-field-railways\/","title":{"rendered":"On the trail of Lusatian bricks and light railways in the \"Old Brickworks\" Klein K\u00f6lzig"},"content":{"rendered":"<p>The tradition of brick firing in Klein K\u00f6lzig goes back far into the 19th century. After the first small private brickworks had been established since 1840, the public limited company Gro\u00dfer Kurf\u00fcrst Berlin built a brickworks in Klein K\u00f6lzig in 1892\/94, the centrepiece of which was a ring kiln with 18 firing chambers. In 1920, a light railway was put into operation for the transport of clay, which had a length of 4.5 km. Visitors can expect to see the only brickworks with a completely preserved ring kiln in the region. During the guided tour of the object, insights are given into the production processes marked by heavy manual labour and, among other things, the secret is revealed as to why the building survived the difficult period after production ceased. Finally, there is a ride on the light railway on the circular route.<\/p>\n<p>The programme takes place indoors and outdoors and is aimed at students in grades 4 to 12.<br \/>\nDates: Monday to Sunday by arrangement<br \/>\nPre-registration: 1 week before at the latest<br \/>\nDuration: approx. 1.5 hours<br \/>\nGroup size: 10 to 25 people<br \/>\nAdmission per person: \u20ac 3.50<br \/>\nGroup prices on individual request<br \/>\nRide on the brickyard railway:<br \/>\nper child: \u20ac 1.50, per adult: \u20ac 3.00<\/p>\n<p><a href=\"http:\/\/www.ziegeleibahn-klein-koelzig.de\" target=\"_blank\" rel=\"noopener noreferrer\">Local history room Klein K\u00f6lzig<\/a><\/p>","protected":false},"excerpt":{"rendered":"<p>The tradition of brick firing in Klein K\u00f6lzig goes back far into the 19th century. After the first small private brickworks had been established since 1840, the public limited company Gro\u00dfer Kurf\u00fcrst Berlin built a brickworks in Klein K\u00f6lzig in 1892\/94, the centrepiece of which was a ring kiln with 18 firing chambers. In 1920, a light railway was put into operation for the transport of clay, which was a<\/p>","protected":false},"author":13,"featured_media":0,"parent":380,"menu_order":0,"comment_status":"closed","ping_status":"closed","template":"","meta":[],"_links":{"self":[{"href":"https:\/\/www.lausitzer-museenland.de\/en\/wp-json\/wp\/v2\/pages\/471"}],"collection":[{"href":"https:\/\/www.lausitzer-museenland.de\/en\/wp-json\/wp\/v2\/pages"}],"about":[{"href":"https:\/\/www.lausitzer-museenland.de\/en\/wp-json\/wp\/v2\/types\/page"}],"author":[{"embeddable":true,"href":"https:\/\/www.lausitzer-museenland.de\/en\/wp-json\/wp\/v2\/users\/13"}],"replies":[{"embeddable":true,"href":"https:\/\/www.lausitzer-museenland.de\/en\/wp-json\/wp\/v2\/comments?post=471"}],"version-history":[{"count":10,"href":"https:\/\/www.lausitzer-museenland.de\/en\/wp-json\/wp\/v2\/pages\/471\/revisions"}],"predecessor-version":[{"id":52777,"href":"https:\/\/www.lausitzer-museenland.de\/en\/wp-json\/wp\/v2\/pages\/471\/revisions\/52777"}],"up":[{"embeddable":true,"href":"https:\/\/www.lausitzer-museenland.de\/en\/wp-json\/wp\/v2\/pages\/380"}],"wp:attachment":[{"href":"https:\/\/www.lausitzer-museenland.de\/en\/wp-json\/wp\/v2\/media?parent=471"}],"curies":[{"name":"wp","href":"https:\/\/api.w.org\/{rel}","templated":true}]}}