{"id":53669,"date":"2022-01-28T15:47:21","date_gmt":"2022-01-28T14:47:21","guid":{"rendered":"https:\/\/www.lausitzer-museenland.de\/?page_id=53669"},"modified":"2022-02-03T11:49:06","modified_gmt":"2022-02-03T10:49:06","slug":"evangelische-kirche-st-martin-hornow-ewangelska-cerkwja-st-martin-lesce","status":"publish","type":"page","link":"https:\/\/www.lausitzer-museenland.de\/en\/museums\/evangelical-church-st-martin-hornow-ewangelska-cerkwja-st-martin-lesce\/","title":{"rendered":"Evangelical Church St. Martin Hornow \/ Ewangelska cerkwja St. Martin L\u011b\u0161\u0107e"},"content":{"rendered":"<p><a href=\"https:\/\/www.lausitzer-museenland.de\/wp-content\/uploads\/2022\/02\/kirche_hornow.png\"><img loading=\"lazy\" class=\"aligncenter size-full wp-image-53698\" src=\"https:\/\/www.lausitzer-museenland.de\/wp-content\/uploads\/2022\/02\/kirche_hornow.png\" alt=\"\" width=\"232\" height=\"350\" srcset=\"https:\/\/www.lausitzer-museenland.de\/wp-content\/uploads\/2022\/02\/kirche_hornow.png 232w, https:\/\/www.lausitzer-museenland.de\/wp-content\/uploads\/2022\/02\/kirche_hornow-199x300.png 199w\" sizes=\"(max-width: 232px) 100vw, 232px\" \/><\/a><br \/>\n<strong>Choir window in the rare luce floreo technique<\/strong><\/p>\n<h3>Building \/ plot situation<\/h3>\n<p>A first church building in Hornow was already mentioned in the Meissen bishopric articles from 1346. The present village church of St. Martin was built at the beginning of the 15th century as a rectangular hall with mixed masonry of fieldstone and brick. The rectangular church tower was added in 1902. To the north of the church building is a sacristy with a baroque-style lodge.<br \/>\nThe oak tree on the north side of the church next to the burial house of a former landowning family is about 800 years old. With a trunk circumference of 7.50 m, it is not only one of the oldest, but also one of the mightiest trees in Lower Lusatia.<br \/>\nThere is also a restored 17th century bakehouse and a military cemetery on the grounds.<\/p>\n<h3>Characteristics<\/h3>\n<p>The content focuses on the history of the church, the church tower and the church furnishings. The altar is an architectural structure with ironwork decoration and lateral columns from 1588. Three paintings of the Last Supper, the crucifixion of Jesus and his resurrection are arranged on top of each other on the altar. In the side niches are paintings of the Annunciation and the Nativity. Halved eagles serve as altar cheeks. They are similar to those in the Kreuzkirche in Spremberg.<br \/>\nThe baroque wooden baptismal font comes from the village church of Wolkenberg, which was razed to the ground. The wooden baptismal angel from 1736 is a listed building. It was reworked in 2007.<br \/>\nOn the north and south sides of the church there is an 18th century gallery. The organ builder Wilhelm Sauer from Frankfurt (Oder) made the organ in 1883.<br \/>\nOf particular importance are the choir windows, which were made in the rare luce floreo technique.<\/p>\n<h3>Gallery<\/h3>\n<div id=\"envira-gallery-wrap-53690\" class=\"envira-gallery-wrap envira-gallery-theme-base envira-lightbox-theme-base\" itemscope itemtype=\"https:\/\/schema.org\/ImageGallery\"><div data-row-height=\"150\" data-gallery-theme=\"normal\" id=\"envira-gallery-53690\" class=\"envira-gallery-public envira-gallery-justified-public envira-gallery-0-columns envira-clear enviratope envira-gallery-css-animations\" data-envira-columns=\"0\"><div id=\"envira-gallery-item-53691\" class=\"envira-gallery-item enviratope-item envira-gallery-item-1 envira-lazy-load\" style=\"padding-left: 5px; padding-bottom: 10px; padding-right: 5px;\"  itemscope itemtype=\"https:\/\/schema.org\/ImageObject\"><div class=\"envira-gallery-item-inner\"><div class=\"envira-gallery-position-overlay  envira-gallery-top-left\"><\/div><div class=\"envira-gallery-position-overlay  envira-gallery-top-right\"><\/div><div class=\"envira-gallery-position-overlay  envira-gallery-bottom-left\"><\/div><div class=\"envira-gallery-position-overlay  envira-gallery-bottom-right\"><\/div><a href=\"https:\/\/www.lausitzer-museenland.de\/wp-content\/uploads\/2022\/02\/0071.jpg\" class=\"envira-gallery-53690 envira-gallery-link\" rel=\"enviragallery53690\" title=\"Hornow Church Altar\" data-envira-caption=\"Kirche Hornow Altar\" data-envira-retina=\"\" data-thumbnail=\"\"  itemprop=\"contentUrl\"><img id=\"envira-gallery-image-53691\" class=\"envira-gallery-image envira-gallery-image-1 envira-normal envira-lazy\" data-envira-index=\"1\" src=\"https:\/\/www.lausitzer-museenland.de\/wp-content\/uploads\/2022\/02\/0071-681x1024.jpg\" data-envira-src=\"https:\/\/www.lausitzer-museenland.de\/wp-content\/uploads\/2022\/02\/0071-681x1024.jpg\" data-envira-gallery-id=\"53690\" data-envira-item-id=\"53691\" data-envira-caption=\"Kirche Hornow Altar\" alt=\"\" title=\"Hornow Church Altar\"  itemprop=\"thumbnailUrl\" data-envira-srcset=\"https:\/\/www.lausitzer-museenland.de\/wp-content\/uploads\/2022\/02\/0071-681x1024.jpg 400w,https:\/\/www.lausitzer-museenland.de\/wp-content\/uploads\/2022\/02\/0071-681x1024.jpg 2x\" data-envira-width=\"199\" data-envira-height=\"300\" srcset=\"data:image\/gif;base64,R0lGODlhAQABAIAAAP\/\/\/\/\/\/\/yH5BAEKAAEALAAAAAABAAEAAAICTAEAOw==\" data-safe-src=\"data:image\/gif;base64,R0lGODlhAQABAIAAAP\/\/\/\/\/\/\/yH5BAEKAAEALAAAAAABAAEAAAICTAEAOw==\" \/><\/a><\/div><\/div><div id=\"envira-gallery-item-53692\" class=\"envira-gallery-item enviratope-item envira-gallery-item-2 envira-lazy-load\" style=\"padding-left: 5px; padding-bottom: 10px; padding-right: 5px;\"  itemscope itemtype=\"https:\/\/schema.org\/ImageObject\"><div class=\"envira-gallery-item-inner\"><div class=\"envira-gallery-position-overlay  envira-gallery-top-left\"><\/div><div class=\"envira-gallery-position-overlay  envira-gallery-top-right\"><\/div><div class=\"envira-gallery-position-overlay  envira-gallery-bottom-left\"><\/div><div class=\"envira-gallery-position-overlay  envira-gallery-bottom-right\"><\/div><a href=\"https:\/\/www.lausitzer-museenland.de\/wp-content\/uploads\/2022\/02\/DSC00204.jpg\" class=\"envira-gallery-53690 envira-gallery-link\" rel=\"enviragallery53690\" title=\"Hornow Church Entrance\" data-envira-caption=\"Kirche Hornow Eingang\" data-envira-retina=\"\" data-thumbnail=\"\"  itemprop=\"contentUrl\"><img id=\"envira-gallery-image-53692\" class=\"envira-gallery-image envira-gallery-image-2 envira-normal envira-lazy\" data-envira-index=\"2\" src=\"https:\/\/www.lausitzer-museenland.de\/wp-content\/uploads\/2022\/02\/DSC00204-768x1024.jpg\" data-envira-src=\"https:\/\/www.lausitzer-museenland.de\/wp-content\/uploads\/2022\/02\/DSC00204-768x1024.jpg\" data-envira-gallery-id=\"53690\" data-envira-item-id=\"53692\" data-envira-caption=\"Kirche Hornow Eingang\" alt=\"\" title=\"Hornow Church Entrance\"  itemprop=\"thumbnailUrl\" data-envira-srcset=\"https:\/\/www.lausitzer-museenland.de\/wp-content\/uploads\/2022\/02\/DSC00204-768x1024.jpg 400w,https:\/\/www.lausitzer-museenland.de\/wp-content\/uploads\/2022\/02\/DSC00204-768x1024.jpg 2x\" data-envira-width=\"225\" data-envira-height=\"300\" srcset=\"data:image\/gif;base64,R0lGODlhAQABAIAAAP\/\/\/\/\/\/\/yH5BAEKAAEALAAAAAABAAEAAAICTAEAOw==\" data-safe-src=\"data:image\/gif;base64,R0lGODlhAQABAIAAAP\/\/\/\/\/\/\/yH5BAEKAAEALAAAAAABAAEAAAICTAEAOw==\" \/><\/a><\/div><\/div><div id=\"envira-gallery-item-53693\" class=\"envira-gallery-item enviratope-item envira-gallery-item-3 envira-lazy-load\" style=\"padding-left: 5px; padding-bottom: 10px; padding-right: 5px;\"  itemscope itemtype=\"https:\/\/schema.org\/ImageObject\"><div class=\"envira-gallery-item-inner\"><div class=\"envira-gallery-position-overlay  envira-gallery-top-left\"><\/div><div class=\"envira-gallery-position-overlay  envira-gallery-top-right\"><\/div><div class=\"envira-gallery-position-overlay  envira-gallery-bottom-left\"><\/div><div class=\"envira-gallery-position-overlay  envira-gallery-bottom-right\"><\/div><a href=\"https:\/\/www.lausitzer-museenland.de\/wp-content\/uploads\/2022\/02\/P1470933.jpg\" class=\"envira-gallery-53690 envira-gallery-link\" rel=\"enviragallery53690\" title=\"Church Hornow new bell\" data-envira-caption=\"Kirche Hornow neue Glocke\" data-envira-retina=\"\" data-thumbnail=\"\"  itemprop=\"contentUrl\"><img id=\"envira-gallery-image-53693\" class=\"envira-gallery-image envira-gallery-image-3 envira-normal envira-lazy\" data-envira-index=\"3\" src=\"https:\/\/www.lausitzer-museenland.de\/wp-content\/uploads\/2022\/02\/P1470933-1024x768.jpg\" data-envira-src=\"https:\/\/www.lausitzer-museenland.de\/wp-content\/uploads\/2022\/02\/P1470933-1024x768.jpg\" data-envira-gallery-id=\"53690\" data-envira-item-id=\"53693\" data-envira-caption=\"Kirche Hornow neue Glocke\" alt=\"\" title=\"Church Hornow new bell\"  itemprop=\"thumbnailUrl\" data-envira-srcset=\"https:\/\/www.lausitzer-museenland.de\/wp-content\/uploads\/2022\/02\/P1470933-1024x768.jpg 400w,https:\/\/www.lausitzer-museenland.de\/wp-content\/uploads\/2022\/02\/P1470933-1024x768.jpg 2x\" data-envira-width=\"300\" data-envira-height=\"225\" srcset=\"data:image\/gif;base64,R0lGODlhAQABAIAAAP\/\/\/\/\/\/\/yH5BAEKAAEALAAAAAABAAEAAAICTAEAOw==\" data-safe-src=\"data:image\/gif;base64,R0lGODlhAQABAIAAAP\/\/\/\/\/\/\/yH5BAEKAAEALAAAAAABAAEAAAICTAEAOw==\" \/><\/a><\/div><\/div><div id=\"envira-gallery-item-53694\" class=\"envira-gallery-item enviratope-item envira-gallery-item-4 envira-lazy-load\" style=\"padding-left: 5px; padding-bottom: 10px; padding-right: 5px;\"  itemscope itemtype=\"https:\/\/schema.org\/ImageObject\"><div class=\"envira-gallery-item-inner\"><div class=\"envira-gallery-position-overlay  envira-gallery-top-left\"><\/div><div class=\"envira-gallery-position-overlay  envira-gallery-top-right\"><\/div><div class=\"envira-gallery-position-overlay  envira-gallery-bottom-left\"><\/div><div class=\"envira-gallery-position-overlay  envira-gallery-bottom-right\"><\/div><a href=\"https:\/\/www.lausitzer-museenland.de\/wp-content\/uploads\/2022\/02\/P1470985.jpg\" class=\"envira-gallery-53690 envira-gallery-link\" rel=\"enviragallery53690\" title=\"Hornow Church\" data-envira-caption=\"Kirche Hornow\" data-envira-retina=\"\" data-thumbnail=\"\"  itemprop=\"contentUrl\"><img id=\"envira-gallery-image-53694\" class=\"envira-gallery-image envira-gallery-image-4 envira-normal envira-lazy\" data-envira-index=\"4\" src=\"https:\/\/www.lausitzer-museenland.de\/wp-content\/uploads\/2022\/02\/P1470985-1024x768.jpg\" data-envira-src=\"https:\/\/www.lausitzer-museenland.de\/wp-content\/uploads\/2022\/02\/P1470985-1024x768.jpg\" data-envira-gallery-id=\"53690\" data-envira-item-id=\"53694\" data-envira-caption=\"Kirche Hornow\" alt=\"\" title=\"Hornow Church\"  itemprop=\"thumbnailUrl\" data-envira-srcset=\"https:\/\/www.lausitzer-museenland.de\/wp-content\/uploads\/2022\/02\/P1470985-1024x768.jpg 400w,https:\/\/www.lausitzer-museenland.de\/wp-content\/uploads\/2022\/02\/P1470985-1024x768.jpg 2x\" data-envira-width=\"300\" data-envira-height=\"225\" srcset=\"data:image\/gif;base64,R0lGODlhAQABAIAAAP\/\/\/\/\/\/\/yH5BAEKAAEALAAAAAABAAEAAAICTAEAOw==\" data-safe-src=\"data:image\/gif;base64,R0lGODlhAQABAIAAAP\/\/\/\/\/\/\/yH5BAEKAAEALAAAAAABAAEAAAICTAEAOw==\" \/><\/a><\/div><\/div><\/div><\/div><noscript><img src=\"https:\/\/www.lausitzer-museenland.de\/wp-content\/uploads\/2022\/02\/0071.jpg\" alt=\"\" \/><img src=\"https:\/\/www.lausitzer-museenland.de\/wp-content\/uploads\/2022\/02\/DSC00204.jpg\" alt=\"\" \/><img src=\"https:\/\/www.lausitzer-museenland.de\/wp-content\/uploads\/2022\/02\/P1470933.jpg\" alt=\"\" \/><img src=\"https:\/\/www.lausitzer-museenland.de\/wp-content\/uploads\/2022\/02\/P1470985.jpg\" alt=\"\" \/><\/noscript>","protected":false},"excerpt":{"rendered":"<p>Choir window in the rare luce floreo technique Building \/ site situation A first church building in Hornow was already mentioned in the Meissen bishopric articles from 1346. The present village church of St. Martin was built at the beginning of the 15th century as a rectangular hall with mixed masonry of fieldstone and brick. The rectangular church tower was added in 1902. North of the church building<\/p>","protected":false},"author":13,"featured_media":0,"parent":113,"menu_order":0,"comment_status":"closed","ping_status":"closed","template":"","meta":[],"_links":{"self":[{"href":"https:\/\/www.lausitzer-museenland.de\/en\/wp-json\/wp\/v2\/pages\/53669"}],"collection":[{"href":"https:\/\/www.lausitzer-museenland.de\/en\/wp-json\/wp\/v2\/pages"}],"about":[{"href":"https:\/\/www.lausitzer-museenland.de\/en\/wp-json\/wp\/v2\/types\/page"}],"author":[{"embeddable":true,"href":"https:\/\/www.lausitzer-museenland.de\/en\/wp-json\/wp\/v2\/users\/13"}],"replies":[{"embeddable":true,"href":"https:\/\/www.lausitzer-museenland.de\/en\/wp-json\/wp\/v2\/comments?post=53669"}],"version-history":[{"count":9,"href":"https:\/\/www.lausitzer-museenland.de\/en\/wp-json\/wp\/v2\/pages\/53669\/revisions"}],"predecessor-version":[{"id":53709,"href":"https:\/\/www.lausitzer-museenland.de\/en\/wp-json\/wp\/v2\/pages\/53669\/revisions\/53709"}],"up":[{"embeddable":true,"href":"https:\/\/www.lausitzer-museenland.de\/en\/wp-json\/wp\/v2\/pages\/113"}],"wp:attachment":[{"href":"https:\/\/www.lausitzer-museenland.de\/en\/wp-json\/wp\/v2\/media?parent=53669"}],"curies":[{"name":"wp","href":"https:\/\/api.w.org\/{rel}","templated":true}]}}