{"id":546,"date":"2014-11-14T15:27:10","date_gmt":"2014-11-14T14:27:10","guid":{"rendered":"http:\/\/lausitzer-museenland.de\/?page_id=546"},"modified":"2014-12-17T16:33:16","modified_gmt":"2014-12-17T15:33:16","slug":"projekttag-im-stadt-und-industriemuseum-guben","status":"publish","type":"page","link":"https:\/\/www.lausitzer-museenland.de\/en\/service\/kobi\/project-day-at-the-city-and-industrial-museum-guben\/","title":{"rendered":"Certificate award ceremony at the Guben City and Industry Museum"},"content":{"rendered":"<p>The pupils are welcomed by a member of the museum staff and briefly introduced. Afterwards, the class teacher takes over the class and hands out the certificates. Afterwards, the pupils can try out the various hats and headgear at the \"Real Hat Try-On Station\" (photography by the accompanying persons is possible).<\/p>\n<p>Other\/supplementary offers can be taken up on request.<\/p>\n<p>The offer takes place indoors and is aimed at schoolchildren.<br \/>\nof classes 1 to 10.<br \/>\nDates: by arrangement on the day the report is handed out<br \/>\nPre-registration: at least 2 months in advance<br \/>\nDuration: approx. 45 minutes<br \/>\nGroup size: up to 30 people<br \/>\nAdmission per person: \u20ac 1.50 (Guben schools have free admission)<\/p>\n<p><a title=\"Guben City and Industrial Museum \/ M\u011bs\u0107a\u0144ski a industrijowy muzej Gubin\" href=\"\/museen\/stadt-und-industriemuseum-guben\/\">Guben City and Industrial Museum<\/a><\/p>","protected":false},"excerpt":{"rendered":"<p>The pupils are welcomed by a member of the museum staff and briefly introduced. Afterwards, the class teacher takes over the class and hands out the certificates. Afterwards, the pupils can try out the various hats and headgear at the \"Real Hat Try-On Station\" (photography by the accompanying persons is possible). Other\/supplementary activities are available on request. The offer takes place indoors<\/p>","protected":false},"author":13,"featured_media":0,"parent":380,"menu_order":0,"comment_status":"closed","ping_status":"closed","template":"","meta":[],"_links":{"self":[{"href":"https:\/\/www.lausitzer-museenland.de\/en\/wp-json\/wp\/v2\/pages\/546"}],"collection":[{"href":"https:\/\/www.lausitzer-museenland.de\/en\/wp-json\/wp\/v2\/pages"}],"about":[{"href":"https:\/\/www.lausitzer-museenland.de\/en\/wp-json\/wp\/v2\/types\/page"}],"author":[{"embeddable":true,"href":"https:\/\/www.lausitzer-museenland.de\/en\/wp-json\/wp\/v2\/users\/13"}],"replies":[{"embeddable":true,"href":"https:\/\/www.lausitzer-museenland.de\/en\/wp-json\/wp\/v2\/comments?post=546"}],"version-history":[{"count":7,"href":"https:\/\/www.lausitzer-museenland.de\/en\/wp-json\/wp\/v2\/pages\/546\/revisions"}],"predecessor-version":[{"id":3581,"href":"https:\/\/www.lausitzer-museenland.de\/en\/wp-json\/wp\/v2\/pages\/546\/revisions\/3581"}],"up":[{"embeddable":true,"href":"https:\/\/www.lausitzer-museenland.de\/en\/wp-json\/wp\/v2\/pages\/380"}],"wp:attachment":[{"href":"https:\/\/www.lausitzer-museenland.de\/en\/wp-json\/wp\/v2\/media?parent=546"}],"curies":[{"name":"wp","href":"https:\/\/api.w.org\/{rel}","templated":true}]}}