{"id":55257,"date":"2024-09-06T11:43:29","date_gmt":"2024-09-06T09:43:29","guid":{"rendered":"https:\/\/www.lausitzer-museenland.de\/?page_id=55257"},"modified":"2024-09-06T11:43:29","modified_gmt":"2024-09-06T09:43:29","slug":"erkundungen-im-schloss-hornow","status":"publish","type":"page","link":"https:\/\/www.lausitzer-museenland.de\/en\/service\/kobi\/explorations-at-castle-hornow\/","title":{"rendered":"Exploring Hornow Castle"},"content":{"rendered":"<p>At Hornow Castle, children can go on a voyage of discovery and explore the hidden treasures and secrets of the castle.<br \/>\nFor children aged 5 to 9, there is a short scavenger hunt that is not only entertaining but also educational, as it brings the history of the castle and its inhabitants closer.<br \/>\nFor children and young people aged 10 and over, the aim is to find the solution to the castle crossword puzzle.<br \/>\nAt the end, everyone receives a certificate and a little surprise!<br \/>\nThe programme takes place indoors and can also be used by school classes.<br \/>\nDates: by arrangement<br \/>\nPre-booking: 2 weeks in advance<br \/>\nDuration<br \/>\nScavenger hunt: approx. 25 to 30 minutes (depending on how quickly the children solve the game)<br \/>\nCastle crossword puzzle: approx. 35 to 50 minutes (depending on how quickly the children and young people solve the puzzle)<br \/>\nGroup size<br \/>\nScavenger hunt: up to 5 people<br \/>\nCastle crossword puzzle: up to 20 people<br \/>\nCosts: The programme is free of charge. However, the organisation is happy to receive donations.<\/p>\n<p><a title=\"Hornow Castle \/ grod L\u011b\u0161\u0107e\" href=\"\/museen\/schloss-hornow-grod-lesce\/\">Hornow Castle<\/a><\/p>","protected":false},"excerpt":{"rendered":"<p>At Hornow Castle, children can go on a journey of discovery and explore the hidden treasures and secrets of the castle. For children aged 5 to 9, there is a short scavenger hunt that is not only entertaining but also educational, as it brings the history of the castle and its inhabitants closer. For children and young people aged 10 and over<\/p>","protected":false},"author":13,"featured_media":0,"parent":380,"menu_order":0,"comment_status":"closed","ping_status":"closed","template":"","meta":[],"_links":{"self":[{"href":"https:\/\/www.lausitzer-museenland.de\/en\/wp-json\/wp\/v2\/pages\/55257"}],"collection":[{"href":"https:\/\/www.lausitzer-museenland.de\/en\/wp-json\/wp\/v2\/pages"}],"about":[{"href":"https:\/\/www.lausitzer-museenland.de\/en\/wp-json\/wp\/v2\/types\/page"}],"author":[{"embeddable":true,"href":"https:\/\/www.lausitzer-museenland.de\/en\/wp-json\/wp\/v2\/users\/13"}],"replies":[{"embeddable":true,"href":"https:\/\/www.lausitzer-museenland.de\/en\/wp-json\/wp\/v2\/comments?post=55257"}],"version-history":[{"count":2,"href":"https:\/\/www.lausitzer-museenland.de\/en\/wp-json\/wp\/v2\/pages\/55257\/revisions"}],"predecessor-version":[{"id":55259,"href":"https:\/\/www.lausitzer-museenland.de\/en\/wp-json\/wp\/v2\/pages\/55257\/revisions\/55259"}],"up":[{"embeddable":true,"href":"https:\/\/www.lausitzer-museenland.de\/en\/wp-json\/wp\/v2\/pages\/380"}],"wp:attachment":[{"href":"https:\/\/www.lausitzer-museenland.de\/en\/wp-json\/wp\/v2\/media?parent=55257"}],"curies":[{"name":"wp","href":"https:\/\/api.w.org\/{rel}","templated":true}]}}