{"id":583,"date":"2014-11-14T16:56:48","date_gmt":"2014-11-14T15:56:48","guid":{"rendered":"http:\/\/lausitzer-museenland.de\/?page_id=583"},"modified":"2014-12-17T17:08:50","modified_gmt":"2014-12-17T16:08:50","slug":"wie-ein-hut-entsteht","status":"publish","type":"page","link":"https:\/\/www.lausitzer-museenland.de\/en\/service\/kobi\/how-a-hat-emerges\/","title":{"rendered":"\"How a hat is made\" - film screening on the making of a hat in the Guben City and Industry Museum"},"content":{"rendered":"<p>As part of a visit to the museum, children and young people are shown a film (DVD) about the production of hats in the former VEB Hutwerke Guben. The film complements the exhibition by illustrating the hard work involved in hat production (film duration approx. 20 minutes).<\/p>\n<p>The offer takes place indoors and is aimed at<br \/>\nPre-school children and pupils up to grade 10.<br \/>\nDates: by arrangement<br \/>\nPre-registration: at least 2 days in advance<br \/>\nDuration: 1 to 2.5 hours<br \/>\nGroup size: 5 to 30 people<br \/>\nAdmission per person: \u20ac 1.50 (Guben schools and day-care centres have free admission)<br \/>\nA contribution towards expenses of \u20ac 15.00 will be charged for the film screening.<\/p>\n<p><a title=\"Guben City and Industrial Museum \/ M\u011bs\u0107a\u0144ski a industrijowy muzej Gubin\" href=\"\/museen\/stadt-und-industriemuseum-guben\/\">Guben City and Industrial Museum<\/a><\/p>","protected":false},"excerpt":{"rendered":"<p>As part of a visit to the museum, children and young people are shown a film (DVD) about the production of hats in the former VEB Hutwerke Guben. In addition to the exhibition, the film illustrates the hard work involved in hat production (duration approx. 20 minutes). The film is shown indoors and is aimed at pre-school children and pupils up to grade 10.<\/p>","protected":false},"author":13,"featured_media":0,"parent":380,"menu_order":0,"comment_status":"closed","ping_status":"closed","template":"","meta":[],"_links":{"self":[{"href":"https:\/\/www.lausitzer-museenland.de\/en\/wp-json\/wp\/v2\/pages\/583"}],"collection":[{"href":"https:\/\/www.lausitzer-museenland.de\/en\/wp-json\/wp\/v2\/pages"}],"about":[{"href":"https:\/\/www.lausitzer-museenland.de\/en\/wp-json\/wp\/v2\/types\/page"}],"author":[{"embeddable":true,"href":"https:\/\/www.lausitzer-museenland.de\/en\/wp-json\/wp\/v2\/users\/13"}],"replies":[{"embeddable":true,"href":"https:\/\/www.lausitzer-museenland.de\/en\/wp-json\/wp\/v2\/comments?post=583"}],"version-history":[{"count":3,"href":"https:\/\/www.lausitzer-museenland.de\/en\/wp-json\/wp\/v2\/pages\/583\/revisions"}],"predecessor-version":[{"id":3599,"href":"https:\/\/www.lausitzer-museenland.de\/en\/wp-json\/wp\/v2\/pages\/583\/revisions\/3599"}],"up":[{"embeddable":true,"href":"https:\/\/www.lausitzer-museenland.de\/en\/wp-json\/wp\/v2\/pages\/380"}],"wp:attachment":[{"href":"https:\/\/www.lausitzer-museenland.de\/en\/wp-json\/wp\/v2\/media?parent=583"}],"curies":[{"name":"wp","href":"https:\/\/api.w.org\/{rel}","templated":true}]}}