{"id":585,"date":"2014-11-14T16:59:35","date_gmt":"2014-11-14T15:59:35","guid":{"rendered":"http:\/\/lausitzer-museenland.de\/?page_id=585"},"modified":"2014-12-17T17:09:38","modified_gmt":"2014-12-17T16:09:38","slug":"filzen","status":"publish","type":"page","link":"https:\/\/www.lausitzer-museenland.de\/en\/service\/kobi\/felting\/","title":{"rendered":"Felting in the Guben City and Industry Museum"},"content":{"rendered":"<p>With wool felt, special felting needles, cookie cutters (possibly self-made cardboard shapes), bubble wrap and polystyrene, the pupils can make a wide variety of felt figures under supervision. The finished figures are also suitable for further processing as key rings, Christmas and\/or Easter decorations and for the decorative embellishment of hats. The students should already have some experience with needles.<\/p>\n<p>The offer takes place indoors and is aimed at schoolchildren.<br \/>\nof classes 1 to 7.<br \/>\nDates: by arrangement<br \/>\nPre-registration: at least 2 weeks in advance<br \/>\nDuration: approx. 1 hour<br \/>\nGroup size: up to 25 people<br \/>\nAdmission per person: \u20ac 1.50 (Guben schools have free admission)<br \/>\nContribution towards costs for materials per person: \u20ac 1.00 to \u20ac 2.00<\/p>\n<p>Other notes on the offer:<br \/>\nThe work with the sharp needles should be supervised by the caregivers<br \/>\nThe material can be provided by the museum. In that case, the contribution towards expenses must be paid.<\/p>\n<p><a title=\"Guben City and Industrial Museum \/ M\u011bs\u0107a\u0144ski a industrijowy muzej Gubin\" href=\"\/museen\/stadt-und-industriemuseum-guben\/\">Guben City and Industrial Museum<\/a><\/p>","protected":false},"excerpt":{"rendered":"<p>With wool felt, special felting needles, cookie cutters (possibly self-made cardboard shapes), bubble wrap and polystyrene, the pupils can make a wide variety of felt figures under supervision. The finished figures are also suitable for further processing as key rings, Christmas and\/or Easter decorations and for the decorative embellishment of hats. Students should already have some experience with needles. The course takes place indoors and<\/p>","protected":false},"author":13,"featured_media":0,"parent":380,"menu_order":0,"comment_status":"closed","ping_status":"closed","template":"","meta":[],"_links":{"self":[{"href":"https:\/\/www.lausitzer-museenland.de\/en\/wp-json\/wp\/v2\/pages\/585"}],"collection":[{"href":"https:\/\/www.lausitzer-museenland.de\/en\/wp-json\/wp\/v2\/pages"}],"about":[{"href":"https:\/\/www.lausitzer-museenland.de\/en\/wp-json\/wp\/v2\/types\/page"}],"author":[{"embeddable":true,"href":"https:\/\/www.lausitzer-museenland.de\/en\/wp-json\/wp\/v2\/users\/13"}],"replies":[{"embeddable":true,"href":"https:\/\/www.lausitzer-museenland.de\/en\/wp-json\/wp\/v2\/comments?post=585"}],"version-history":[{"count":3,"href":"https:\/\/www.lausitzer-museenland.de\/en\/wp-json\/wp\/v2\/pages\/585\/revisions"}],"predecessor-version":[{"id":3600,"href":"https:\/\/www.lausitzer-museenland.de\/en\/wp-json\/wp\/v2\/pages\/585\/revisions\/3600"}],"up":[{"embeddable":true,"href":"https:\/\/www.lausitzer-museenland.de\/en\/wp-json\/wp\/v2\/pages\/380"}],"wp:attachment":[{"href":"https:\/\/www.lausitzer-museenland.de\/en\/wp-json\/wp\/v2\/media?parent=585"}],"curies":[{"name":"wp","href":"https:\/\/api.w.org\/{rel}","templated":true}]}}