{"id":587,"date":"2014-11-14T17:01:39","date_gmt":"2014-11-14T16:01:39","guid":{"rendered":"http:\/\/lausitzer-museenland.de\/?page_id=587"},"modified":"2014-12-17T17:10:05","modified_gmt":"2014-12-17T16:10:05","slug":"echten-hutprobierstation","status":"publish","type":"page","link":"https:\/\/www.lausitzer-museenland.de\/en\/service\/kobi\/real-hat-tasting-station\/","title":{"rendered":"Photo action at the \"Real Hat Tasting Station\" in the Guben City and Industry Museum"},"content":{"rendered":"<p>The class is briefly instructed and the students choose hats and headgear from the wide range on offer at the hat-trying station and pose for the \"amateur photographer\". The photos can be saved on a stick that they bring with them and later taken to be developed themselves or sent by e-mail.<\/p>\n<p>The offer takes place indoors and is aimed at schoolchildren.<br \/>\nof classes 1 to 10.<br \/>\nDates: by arrangement<br \/>\nPre-registration: at least 2 days in advance<br \/>\nDuration: 1 to 1.5 hours<br \/>\nGroup size: up to 30 people<br \/>\nAdmission per person: \u20ac 1.50 (Guben schools have free admission)<\/p>\n<p><a title=\"Guben City and Industrial Museum \/ M\u011bs\u0107a\u0144ski a industrijowy muzej Gubin\" href=\"\/museen\/stadt-und-industriemuseum-guben\/\">Guben City and Industrial Museum<\/a><\/p>","protected":false},"excerpt":{"rendered":"<p>The class is briefly instructed and the pupils choose hats and headwear from the wide range on offer at the hat-trying station and pose for the \"amateur photographer\". The photos can be saved on a stick that they bring with them and can later be developed themselves or sent by e-mail. The offer takes place indoors and is aimed at pupils of the following classes<\/p>","protected":false},"author":13,"featured_media":0,"parent":380,"menu_order":0,"comment_status":"closed","ping_status":"closed","template":"","meta":[],"_links":{"self":[{"href":"https:\/\/www.lausitzer-museenland.de\/en\/wp-json\/wp\/v2\/pages\/587"}],"collection":[{"href":"https:\/\/www.lausitzer-museenland.de\/en\/wp-json\/wp\/v2\/pages"}],"about":[{"href":"https:\/\/www.lausitzer-museenland.de\/en\/wp-json\/wp\/v2\/types\/page"}],"author":[{"embeddable":true,"href":"https:\/\/www.lausitzer-museenland.de\/en\/wp-json\/wp\/v2\/users\/13"}],"replies":[{"embeddable":true,"href":"https:\/\/www.lausitzer-museenland.de\/en\/wp-json\/wp\/v2\/comments?post=587"}],"version-history":[{"count":3,"href":"https:\/\/www.lausitzer-museenland.de\/en\/wp-json\/wp\/v2\/pages\/587\/revisions"}],"predecessor-version":[{"id":3601,"href":"https:\/\/www.lausitzer-museenland.de\/en\/wp-json\/wp\/v2\/pages\/587\/revisions\/3601"}],"up":[{"embeddable":true,"href":"https:\/\/www.lausitzer-museenland.de\/en\/wp-json\/wp\/v2\/pages\/380"}],"wp:attachment":[{"href":"https:\/\/www.lausitzer-museenland.de\/en\/wp-json\/wp\/v2\/media?parent=587"}],"curies":[{"name":"wp","href":"https:\/\/api.w.org\/{rel}","templated":true}]}}