{"id":589,"date":"2014-11-14T17:03:38","date_gmt":"2014-11-14T16:03:38","guid":{"rendered":"http:\/\/lausitzer-museenland.de\/?page_id=589"},"modified":"2014-12-17T17:10:31","modified_gmt":"2014-12-17T16:10:31","slug":"hutherstellung","status":"publish","type":"page","link":"https:\/\/www.lausitzer-museenland.de\/en\/service\/kobi\/hat-production\/","title":{"rendered":"Hat making in the Guben City and Industry Museum"},"content":{"rendered":"<p>With scissors, glue, ruler, pencil, cardboard and cardboard for the templates, hats are made under supervision. The materials needed can be brought along or they will be provided by the museum. Students should be able to handle scissors and glue.<\/p>\n<p>The offer takes place indoors and is aimed at schoolchildren.<br \/>\nof classes 1 to 7.<br \/>\nDates: by arrangement<br \/>\nPre-registration: at least 2 weeks in advance<br \/>\nDuration: approx. 1 hour<br \/>\nGroup size: up to 25 people<br \/>\nAdmission per person: \u20ac 1.50 (Guben schools have free admission)<br \/>\nContribution towards costs for material per person: \u20ac 2.00<\/p>\n<p><em>Other notes on the offer:<\/em><br \/>\nAccording to the fee schedule, we charge \u20ac 15.00 for the film screening; Guben schools have free admission. By arrangement, the necessary working materials can be provided by the museum, in which case the cost is \u20ac 2.00 per person.<\/p>\n<p><a title=\"Guben City and Industrial Museum \/ M\u011bs\u0107a\u0144ski a industrijowy muzej Gubin\" href=\"\/museen\/stadt-und-industriemuseum-guben\/\">Guben City and Industrial Museum<\/a><\/p>","protected":false},"excerpt":{"rendered":"<p>With scissors, glue, ruler, pencil, cardboard and cardboard for the templates, hats are made under supervision. The materials needed can be brought along or they will be provided by the museum. Pupils should be able to handle a scraper and glue. The offer takes place indoors and is aimed at pupils in classes 1, 2 and 3.<\/p>","protected":false},"author":13,"featured_media":0,"parent":380,"menu_order":0,"comment_status":"closed","ping_status":"closed","template":"","meta":[],"_links":{"self":[{"href":"https:\/\/www.lausitzer-museenland.de\/en\/wp-json\/wp\/v2\/pages\/589"}],"collection":[{"href":"https:\/\/www.lausitzer-museenland.de\/en\/wp-json\/wp\/v2\/pages"}],"about":[{"href":"https:\/\/www.lausitzer-museenland.de\/en\/wp-json\/wp\/v2\/types\/page"}],"author":[{"embeddable":true,"href":"https:\/\/www.lausitzer-museenland.de\/en\/wp-json\/wp\/v2\/users\/13"}],"replies":[{"embeddable":true,"href":"https:\/\/www.lausitzer-museenland.de\/en\/wp-json\/wp\/v2\/comments?post=589"}],"version-history":[{"count":5,"href":"https:\/\/www.lausitzer-museenland.de\/en\/wp-json\/wp\/v2\/pages\/589\/revisions"}],"predecessor-version":[{"id":3602,"href":"https:\/\/www.lausitzer-museenland.de\/en\/wp-json\/wp\/v2\/pages\/589\/revisions\/3602"}],"up":[{"embeddable":true,"href":"https:\/\/www.lausitzer-museenland.de\/en\/wp-json\/wp\/v2\/pages\/380"}],"wp:attachment":[{"href":"https:\/\/www.lausitzer-museenland.de\/en\/wp-json\/wp\/v2\/media?parent=589"}],"curies":[{"name":"wp","href":"https:\/\/api.w.org\/{rel}","templated":true}]}}