{"id":596,"date":"2014-11-14T17:07:25","date_gmt":"2014-11-14T16:07:25","guid":{"rendered":"http:\/\/lausitzer-museenland.de\/?page_id=596"},"modified":"2014-12-17T17:10:54","modified_gmt":"2014-12-17T16:10:54","slug":"echte-hutprobierstation","status":"publish","type":"page","link":"https:\/\/www.lausitzer-museenland.de\/en\/service\/kobi\/real-hat-tasting-station-2\/","title":{"rendered":"Real hat tasting station at the Guben City and Industry Museum"},"content":{"rendered":"<p>The class will be briefed briefly, after which the pupils can choose hats and headgear from the extensive range on offer at the hat-trying station. Photography by the accompanying persons is possible.<\/p>\n<p>The offer takes place indoors and is aimed at pre-school children and pupils up to grade 10.<br \/>\nDates: by arrangement<br \/>\nPre-registration: at least 2 days in advance<br \/>\nDuration: 1 to 1.5 hours<br \/>\nGroup size: 5 to 30 people<br \/>\nAdmission per person: \u20ac 1.50 (Guben schools and day-care centres have free admission)<\/p>\n<p><a title=\"Guben City and Industrial Museum \/ M\u011bs\u0107a\u0144ski a industrijowy muzej Gubin\" href=\"\/museen\/stadt-und-industriemuseum-guben\/\">Guben City and Industrial Museum<\/a><\/p>","protected":false},"excerpt":{"rendered":"<p>The class will be briefed briefly, after which the pupils can choose hats and headgear from the extensive range on offer at the hat-trying station. Photographs can be taken by the accompanying persons. The offer takes place indoors and is aimed at pre-school children and pupils up to grade 10. Dates: by arrangement Pre-registration: at least 2 days in advance Duration: 1 to 1,5<\/p>","protected":false},"author":13,"featured_media":0,"parent":380,"menu_order":0,"comment_status":"closed","ping_status":"closed","template":"","meta":[],"_links":{"self":[{"href":"https:\/\/www.lausitzer-museenland.de\/en\/wp-json\/wp\/v2\/pages\/596"}],"collection":[{"href":"https:\/\/www.lausitzer-museenland.de\/en\/wp-json\/wp\/v2\/pages"}],"about":[{"href":"https:\/\/www.lausitzer-museenland.de\/en\/wp-json\/wp\/v2\/types\/page"}],"author":[{"embeddable":true,"href":"https:\/\/www.lausitzer-museenland.de\/en\/wp-json\/wp\/v2\/users\/13"}],"replies":[{"embeddable":true,"href":"https:\/\/www.lausitzer-museenland.de\/en\/wp-json\/wp\/v2\/comments?post=596"}],"version-history":[{"count":3,"href":"https:\/\/www.lausitzer-museenland.de\/en\/wp-json\/wp\/v2\/pages\/596\/revisions"}],"predecessor-version":[{"id":3603,"href":"https:\/\/www.lausitzer-museenland.de\/en\/wp-json\/wp\/v2\/pages\/596\/revisions\/3603"}],"up":[{"embeddable":true,"href":"https:\/\/www.lausitzer-museenland.de\/en\/wp-json\/wp\/v2\/pages\/380"}],"wp:attachment":[{"href":"https:\/\/www.lausitzer-museenland.de\/en\/wp-json\/wp\/v2\/media?parent=596"}],"curies":[{"name":"wp","href":"https:\/\/api.w.org\/{rel}","templated":true}]}}