{"id":601,"date":"2014-11-14T17:08:58","date_gmt":"2014-11-14T16:08:58","guid":{"rendered":"http:\/\/lausitzer-museenland.de\/?page_id=601"},"modified":"2017-04-05T12:39:21","modified_gmt":"2017-04-05T11:39:21","slug":"serviettentechnik","status":"publish","type":"page","link":"https:\/\/www.lausitzer-museenland.de\/en\/service\/kobi\/napkin-technology\/","title":{"rendered":"Napkin Technique in the Brandenburg Textile Museum Forst"},"content":{"rendered":"<p>The pupils are given a guided tour of the clothmaker's workshop on the topic \"From wool to cloth\". They learn a lot of interesting facts about the historical machines that are necessary to process the wool in order to make a cloth.<\/p>\n<p>The offer takes place indoors and is aimed at schoolchildren.<br \/>\nof classes 3 to 6.<br \/>\nDates: by arrangement<br \/>\nPre-registration at least 1 week in advance<br \/>\nDuration: approx. 1 to 1.5 hours<br \/>\nGroup size: 5 to 30 people<br \/>\nAdmission per person: \u20ac 3.50<\/p>\n<p><a title=\"Brandenburg Textile Museum Forst (Lausitz) \/ Bramborski tekstilny muzej Bar\u0161\u0107 (\u0141u\u017eyca)\" href=\"\/museen\/brandenburgisches-textilmuseum-forst\/\">Brandenburg Textile Museum Forst<\/a><\/p>","protected":false},"excerpt":{"rendered":"<p>The pupils are given a guided tour of the clothmaker's workshop on the topic \"From wool to cloth\". They learn a lot of interesting facts about the historical machines that are needed to process the wool and make a cloth. The offer takes place indoors and is aimed at pupils in classes 3 to 6. Dates: by arrangement Pre-booking<\/p>","protected":false},"author":13,"featured_media":0,"parent":380,"menu_order":0,"comment_status":"closed","ping_status":"closed","template":"","meta":[],"_links":{"self":[{"href":"https:\/\/www.lausitzer-museenland.de\/en\/wp-json\/wp\/v2\/pages\/601"}],"collection":[{"href":"https:\/\/www.lausitzer-museenland.de\/en\/wp-json\/wp\/v2\/pages"}],"about":[{"href":"https:\/\/www.lausitzer-museenland.de\/en\/wp-json\/wp\/v2\/types\/page"}],"author":[{"embeddable":true,"href":"https:\/\/www.lausitzer-museenland.de\/en\/wp-json\/wp\/v2\/users\/13"}],"replies":[{"embeddable":true,"href":"https:\/\/www.lausitzer-museenland.de\/en\/wp-json\/wp\/v2\/comments?post=601"}],"version-history":[{"count":4,"href":"https:\/\/www.lausitzer-museenland.de\/en\/wp-json\/wp\/v2\/pages\/601\/revisions"}],"predecessor-version":[{"id":7873,"href":"https:\/\/www.lausitzer-museenland.de\/en\/wp-json\/wp\/v2\/pages\/601\/revisions\/7873"}],"up":[{"embeddable":true,"href":"https:\/\/www.lausitzer-museenland.de\/en\/wp-json\/wp\/v2\/pages\/380"}],"wp:attachment":[{"href":"https:\/\/www.lausitzer-museenland.de\/en\/wp-json\/wp\/v2\/media?parent=601"}],"curies":[{"name":"wp","href":"https:\/\/api.w.org\/{rel}","templated":true}]}}