{"id":603,"date":"2014-11-14T17:10:15","date_gmt":"2014-11-14T16:10:15","guid":{"rendered":"http:\/\/lausitzer-museenland.de\/?page_id=603"},"modified":"2017-04-05T12:43:18","modified_gmt":"2017-04-05T11:43:18","slug":"stadtfuehrung-und-stadtrallye","status":"publish","type":"page","link":"https:\/\/www.lausitzer-museenland.de\/en\/service\/kobi\/city-tour-and-city-rally\/","title":{"rendered":"City tour and city rally at the Brandenburg Textile Museum Forst"},"content":{"rendered":"<p>For once, the children experience our home town of Forst (Lausitz) very attentively, walk through old streets and learn a lot about the history of the once so vibrant textile town. Why do some streets still have small railway tracks today? The children have the opportunity to go on a search for clues. They are given interesting clues to specific buildings or facilities they are looking for. With this information, they can find the building they are looking for - and to finally solve the riddle, they take a photo of it.<\/p>\n<p>In addition, we can organise the crypt (\u20ac1.00) and\/or an ascent to the tower (\u20ac2.50) in the Stadtkirche. These costs are then payable to the Stadtkirche.<\/p>\n<p>The offer takes place indoors and outdoors and is aimed at schoolchildren.<br \/>\nof classes 3 to 6.<br \/>\nDates: by arrangement<br \/>\nAdvance booking: at least 1 week in advance<br \/>\nDuration: approx. 2 to 2.5 hours<br \/>\nGroup size: 5 to 30 people<br \/>\nAdmission per person: \u20ac 3.50<\/p>\n<p><a title=\"Brandenburg Textile Museum Forst (Lausitz) \/ Bramborski tekstilny muzej Bar\u0161\u0107 (\u0141u\u017eyca)\" href=\"\/museen\/brandenburgisches-textilmuseum-forst\/\">Brandenburg Textile Museum Forst<\/a><\/p>","protected":false},"excerpt":{"rendered":"<p>For once, the children experience our home town of Forst (Lausitz) very attentively, walk through old streets and learn a lot about the history of the once so vibrant textile town. Why do some streets still have small railway tracks today? The children have the opportunity to go on a search for clues. They are given interesting clues to specific buildings or facilities they are looking for.<\/p>","protected":false},"author":13,"featured_media":0,"parent":380,"menu_order":0,"comment_status":"closed","ping_status":"closed","template":"","meta":[],"_links":{"self":[{"href":"https:\/\/www.lausitzer-museenland.de\/en\/wp-json\/wp\/v2\/pages\/603"}],"collection":[{"href":"https:\/\/www.lausitzer-museenland.de\/en\/wp-json\/wp\/v2\/pages"}],"about":[{"href":"https:\/\/www.lausitzer-museenland.de\/en\/wp-json\/wp\/v2\/types\/page"}],"author":[{"embeddable":true,"href":"https:\/\/www.lausitzer-museenland.de\/en\/wp-json\/wp\/v2\/users\/13"}],"replies":[{"embeddable":true,"href":"https:\/\/www.lausitzer-museenland.de\/en\/wp-json\/wp\/v2\/comments?post=603"}],"version-history":[{"count":5,"href":"https:\/\/www.lausitzer-museenland.de\/en\/wp-json\/wp\/v2\/pages\/603\/revisions"}],"predecessor-version":[{"id":8203,"href":"https:\/\/www.lausitzer-museenland.de\/en\/wp-json\/wp\/v2\/pages\/603\/revisions\/8203"}],"up":[{"embeddable":true,"href":"https:\/\/www.lausitzer-museenland.de\/en\/wp-json\/wp\/v2\/pages\/380"}],"wp:attachment":[{"href":"https:\/\/www.lausitzer-museenland.de\/en\/wp-json\/wp\/v2\/media?parent=603"}],"curies":[{"name":"wp","href":"https:\/\/api.w.org\/{rel}","templated":true}]}}