{"id":605,"date":"2014-11-14T17:11:28","date_gmt":"2014-11-14T16:11:28","guid":{"rendered":"http:\/\/lausitzer-museenland.de\/?page_id=605"},"modified":"2017-04-05T12:48:18","modified_gmt":"2017-04-05T11:48:18","slug":"weben-auf-dem-handwebrahmen","status":"publish","type":"page","link":"https:\/\/www.lausitzer-museenland.de\/en\/service\/kobi\/weaving-on-the-handloom\/","title":{"rendered":"Weaving on the handloom frame at the Brandenburg Textile Museum Forst"},"content":{"rendered":"<p>In the clothmaker's workshop, visitors learn how cloth is made. They see and hear how work was done on the historical hand tools and machines. In particular, visitors can follow the technical development from the hand loom to the mechanical loom. In the subsequent practical activity, the pupils practise weaving on the handloom frame. The richly coloured yarns and various effect yarns used as weft create unique artistic pieces.<\/p>\n<p>The offer takes place indoors and is aimed at schoolchildren.<br \/>\nof classes 3 to 7.<br \/>\nDates: by arrangement<br \/>\nPre-registration: at least 1 week in advance<br \/>\nDuration: approx. 2 to 2.5 hours<br \/>\nGroup size: 5 to 30 people<br \/>\nAdmission per person: \u20ac 3.50<\/p>\n<p><a title=\"Brandenburg Textile Museum Forst (Lausitz) \/ Bramborski tekstilny muzej Bar\u0161\u0107 (\u0141u\u017eyca)\" href=\"\/museen\/brandenburgisches-textilmuseum-forst\/\">Brandenburg Textile Museum Forst<\/a><\/p>","protected":false},"excerpt":{"rendered":"<p>In the clothmaker's workshop, visitors learn how cloth is made. They see and hear how work was done on the historical hand tools and machines. In particular, visitors can follow the technical development from the hand loom to the mechanical loom. In the subsequent practical activity, the pupils practise weaving on the handloom frame.<\/p>","protected":false},"author":13,"featured_media":0,"parent":380,"menu_order":0,"comment_status":"closed","ping_status":"closed","template":"","meta":[],"_links":{"self":[{"href":"https:\/\/www.lausitzer-museenland.de\/en\/wp-json\/wp\/v2\/pages\/605"}],"collection":[{"href":"https:\/\/www.lausitzer-museenland.de\/en\/wp-json\/wp\/v2\/pages"}],"about":[{"href":"https:\/\/www.lausitzer-museenland.de\/en\/wp-json\/wp\/v2\/types\/page"}],"author":[{"embeddable":true,"href":"https:\/\/www.lausitzer-museenland.de\/en\/wp-json\/wp\/v2\/users\/13"}],"replies":[{"embeddable":true,"href":"https:\/\/www.lausitzer-museenland.de\/en\/wp-json\/wp\/v2\/comments?post=605"}],"version-history":[{"count":4,"href":"https:\/\/www.lausitzer-museenland.de\/en\/wp-json\/wp\/v2\/pages\/605\/revisions"}],"predecessor-version":[{"id":8532,"href":"https:\/\/www.lausitzer-museenland.de\/en\/wp-json\/wp\/v2\/pages\/605\/revisions\/8532"}],"up":[{"embeddable":true,"href":"https:\/\/www.lausitzer-museenland.de\/en\/wp-json\/wp\/v2\/pages\/380"}],"wp:attachment":[{"href":"https:\/\/www.lausitzer-museenland.de\/en\/wp-json\/wp\/v2\/media?parent=605"}],"curies":[{"name":"wp","href":"https:\/\/api.w.org\/{rel}","templated":true}]}}