{"id":607,"date":"2014-11-14T17:12:55","date_gmt":"2014-11-14T16:12:55","guid":{"rendered":"http:\/\/lausitzer-museenland.de\/?page_id=607"},"modified":"2017-04-05T12:49:27","modified_gmt":"2017-04-05T11:49:27","slug":"wie-der-maulwurf-zu-einer-hose-kam","status":"publish","type":"page","link":"https:\/\/www.lausitzer-museenland.de\/en\/service\/kobi\/how-the-mole-came-to-pants\/","title":{"rendered":"How the mole got a pair of trousers at the Brandenburg Textile Museum Forst"},"content":{"rendered":"<p>The picture book story about Pauli the mole, who wants a pair of trousers with big pockets, is read. The children hear and see many different animals in the story. Each animal masters a different craft. For example, the spiders, they spin the threads for Paul the mole to weave the trousers. The industrious ants hammer, saw and carpenter the loom. The cloth is woven on the loom. Pauli the mole and many animals manage to make the trousers with the big pockets by working together. In the clothmaker's show workshop, the children experience the making of a cloth during a demonstration of the machines.<\/p>\n<p>Action: Dressing the mole figure<\/p>\n<p>The offer takes place indoors and is aimed at schoolchildren.<br \/>\nof classes 1 to 2.<br \/>\nDates: by arrangement<br \/>\nPre-registration: at least 1 week in advance<br \/>\nDuration: approx. 1.5 hours<br \/>\nGroup size: 5 to 30 people<br \/>\nAdmission per person: \u20ac 3.50<\/p>\n<p><a title=\"Brandenburg Textile Museum Forst (Lausitz) \/ Bramborski tekstilny muzej Bar\u0161\u0107 (\u0141u\u017eyca)\" href=\"\/museen\/brandenburgisches-textilmuseum-forst\/\">Brandenburg Textile Museum Forst<\/a><\/p>","protected":false},"excerpt":{"rendered":"<p>The picture book story about Pauli the mole, who wants a pair of trousers with big pockets, is read. The children hear and see many different animals in the story. Each animal masters a different craft. For example, the spiders, they spin the threads for Paul the mole to weave the trousers. The industrious ants hammer, saw and carpenter the<\/p>","protected":false},"author":13,"featured_media":0,"parent":380,"menu_order":0,"comment_status":"closed","ping_status":"closed","template":"","meta":[],"_links":{"self":[{"href":"https:\/\/www.lausitzer-museenland.de\/en\/wp-json\/wp\/v2\/pages\/607"}],"collection":[{"href":"https:\/\/www.lausitzer-museenland.de\/en\/wp-json\/wp\/v2\/pages"}],"about":[{"href":"https:\/\/www.lausitzer-museenland.de\/en\/wp-json\/wp\/v2\/types\/page"}],"author":[{"embeddable":true,"href":"https:\/\/www.lausitzer-museenland.de\/en\/wp-json\/wp\/v2\/users\/13"}],"replies":[{"embeddable":true,"href":"https:\/\/www.lausitzer-museenland.de\/en\/wp-json\/wp\/v2\/comments?post=607"}],"version-history":[{"count":4,"href":"https:\/\/www.lausitzer-museenland.de\/en\/wp-json\/wp\/v2\/pages\/607\/revisions"}],"predecessor-version":[{"id":8697,"href":"https:\/\/www.lausitzer-museenland.de\/en\/wp-json\/wp\/v2\/pages\/607\/revisions\/8697"}],"up":[{"embeddable":true,"href":"https:\/\/www.lausitzer-museenland.de\/en\/wp-json\/wp\/v2\/pages\/380"}],"wp:attachment":[{"href":"https:\/\/www.lausitzer-museenland.de\/en\/wp-json\/wp\/v2\/media?parent=607"}],"curies":[{"name":"wp","href":"https:\/\/api.w.org\/{rel}","templated":true}]}}