{"id":611,"date":"2014-11-14T17:16:21","date_gmt":"2014-11-14T16:16:21","guid":{"rendered":"http:\/\/lausitzer-museenland.de\/?page_id=611"},"modified":"2017-04-05T12:52:09","modified_gmt":"2017-04-05T11:52:09","slug":"wie-wurde-frueher-gewaschen","status":"publish","type":"page","link":"https:\/\/www.lausitzer-museenland.de\/en\/service\/kobi\/how-was-washed-earlier\/","title":{"rendered":"How was washing done in the past? at the Brandenburg Textile Museum Forst"},"content":{"rendered":"<p>In the museum courtyard, the pupils visit the open-air exhibition on the subject of \"Washing clothes\". Afterwards, they can try out for themselves how laborious washing was for women in the past. The focus is on washing on the washboard, hanging up laundry and rolling laundry with a hand roller.<\/p>\n<p><em>Hint:<\/em><br \/>\nLaundry items, such as your own socks and tea towels, are particularly good for working with.<\/p>\n<p>The programme takes place indoors and outdoors and is aimed at pupils in grades 2 to 6.<br \/>\nDates: by arrangement<br \/>\nPre-registration: at least 1 week in advance<br \/>\nDuration: approx. 2.5 to 3 hours<br \/>\nGroup size: 10 to 30 people<br \/>\nAdmission per person: \u20ac 3.50<\/p>\n<p><a title=\"Brandenburg Textile Museum Forst (Lausitz) \/ Bramborski tekstilny muzej Bar\u0161\u0107 (\u0141u\u017eyca)\" href=\"\/museen\/brandenburgisches-textilmuseum-forst\/\">Brandenburg Textile Museum Forst<\/a><\/p>","protected":false},"excerpt":{"rendered":"<p>In the museum courtyard, the pupils visit the open-air exhibition on the subject of \"Washing clothes\". Afterwards, they can try out for themselves how laborious washing was for women in the past. The focus is on washing on the washboard, hanging up laundry and rolling laundry with a hand roller. Note: Items of laundry, such as your own socks and tea towels, can be used particularly well for washing.<\/p>","protected":false},"author":13,"featured_media":0,"parent":380,"menu_order":0,"comment_status":"closed","ping_status":"closed","template":"","meta":[],"_links":{"self":[{"href":"https:\/\/www.lausitzer-museenland.de\/en\/wp-json\/wp\/v2\/pages\/611"}],"collection":[{"href":"https:\/\/www.lausitzer-museenland.de\/en\/wp-json\/wp\/v2\/pages"}],"about":[{"href":"https:\/\/www.lausitzer-museenland.de\/en\/wp-json\/wp\/v2\/types\/page"}],"author":[{"embeddable":true,"href":"https:\/\/www.lausitzer-museenland.de\/en\/wp-json\/wp\/v2\/users\/13"}],"replies":[{"embeddable":true,"href":"https:\/\/www.lausitzer-museenland.de\/en\/wp-json\/wp\/v2\/comments?post=611"}],"version-history":[{"count":4,"href":"https:\/\/www.lausitzer-museenland.de\/en\/wp-json\/wp\/v2\/pages\/611\/revisions"}],"predecessor-version":[{"id":9027,"href":"https:\/\/www.lausitzer-museenland.de\/en\/wp-json\/wp\/v2\/pages\/611\/revisions\/9027"}],"up":[{"embeddable":true,"href":"https:\/\/www.lausitzer-museenland.de\/en\/wp-json\/wp\/v2\/pages\/380"}],"wp:attachment":[{"href":"https:\/\/www.lausitzer-museenland.de\/en\/wp-json\/wp\/v2\/media?parent=611"}],"curies":[{"name":"wp","href":"https:\/\/api.w.org\/{rel}","templated":true}]}}