{"id":613,"date":"2014-11-14T17:19:06","date_gmt":"2014-11-14T16:19:06","guid":{"rendered":"http:\/\/lausitzer-museenland.de\/?page_id=613"},"modified":"2017-04-05T12:53:16","modified_gmt":"2017-04-05T11:53:16","slug":"wir-stellen-selbst-papier-her","status":"publish","type":"page","link":"https:\/\/www.lausitzer-museenland.de\/en\/service\/kobi\/we-employ-ourself-paper-her\/","title":{"rendered":"We make paper ourselves - at the Brandenburg Textile Museum in Forst"},"content":{"rendered":"<p>People have been leaving messages or making records for a long time. Early humans painted the walls of their caves, the Egyptians wrote their hieroglyphics on papyrus, the Romans on wax tablets, and in the Middle Ages monks used parchment made from animal skin. The pupils learn a lot of interesting facts about the history and production of paper and how they can make it themselves.<\/p>\n<p>Action: Making paper<\/p>\n<p>The offer takes place indoors and is aimed at schoolchildren.<br \/>\nof classes 3 to 8.<br \/>\nDates: by arrangement<br \/>\nPre-registration: at least 1 week in advance<br \/>\nDuration: approx. 2 to 2.5 hours<br \/>\nGroup size: 10 to 30 people<br \/>\nAdmission per person: \u20ac 3.50<\/p>\n<p><a title=\"Brandenburg Textile Museum Forst (Lausitz) \/ Bramborski tekstilny muzej Bar\u0161\u0107 (\u0141u\u017eyca)\" href=\"\/museen\/brandenburgisches-textilmuseum-forst\/\">Brandenburg Textile Museum Forst<\/a><\/p>","protected":false},"excerpt":{"rendered":"<p>People have been leaving messages or making records for a long time. Early humans painted the walls of their caves, the Egyptians wrote their hieroglyphics on papyrus, the Romans on wax tablets, and in the Middle Ages monks used parchment made from animal skin. The pupils learn a lot of interesting facts about the history and production of paper and how they can make it themselves.<\/p>","protected":false},"author":13,"featured_media":0,"parent":380,"menu_order":0,"comment_status":"closed","ping_status":"closed","template":"","meta":[],"_links":{"self":[{"href":"https:\/\/www.lausitzer-museenland.de\/en\/wp-json\/wp\/v2\/pages\/613"}],"collection":[{"href":"https:\/\/www.lausitzer-museenland.de\/en\/wp-json\/wp\/v2\/pages"}],"about":[{"href":"https:\/\/www.lausitzer-museenland.de\/en\/wp-json\/wp\/v2\/types\/page"}],"author":[{"embeddable":true,"href":"https:\/\/www.lausitzer-museenland.de\/en\/wp-json\/wp\/v2\/users\/13"}],"replies":[{"embeddable":true,"href":"https:\/\/www.lausitzer-museenland.de\/en\/wp-json\/wp\/v2\/comments?post=613"}],"version-history":[{"count":4,"href":"https:\/\/www.lausitzer-museenland.de\/en\/wp-json\/wp\/v2\/pages\/613\/revisions"}],"predecessor-version":[{"id":9192,"href":"https:\/\/www.lausitzer-museenland.de\/en\/wp-json\/wp\/v2\/pages\/613\/revisions\/9192"}],"up":[{"embeddable":true,"href":"https:\/\/www.lausitzer-museenland.de\/en\/wp-json\/wp\/v2\/pages\/380"}],"wp:attachment":[{"href":"https:\/\/www.lausitzer-museenland.de\/en\/wp-json\/wp\/v2\/media?parent=613"}],"curies":[{"name":"wp","href":"https:\/\/api.w.org\/{rel}","templated":true}]}}