{"id":617,"date":"2014-11-14T17:24:35","date_gmt":"2014-11-14T16:24:35","guid":{"rendered":"http:\/\/lausitzer-museenland.de\/?page_id=617"},"modified":"2014-12-17T17:17:31","modified_gmt":"2014-12-17T16:17:31","slug":"auf-den-spuren-erwin-strittmatters-in-bohsdorf","status":"publish","type":"page","link":"https:\/\/www.lausitzer-museenland.de\/en\/service\/kobi\/on-the-tracks-of-erwin-strittmatters-in-bohsdorf\/","title":{"rendered":"On the trail of Erwin Strittmatter in Bohsdorf"},"content":{"rendered":"<p>Children and young people are to be familiarised with the life and work of the poet Erwin Strittmatter at authentic locations in Bohsdorf, receive their first ideas about the beauty of his language and be encouraged to read his works.<\/p>\n<ul>\n<li>Guided tour of the shop<\/li>\n<li>Documentaries on the life and work of the writer Erwin Strittmatter<\/li>\n<li>Quiz with prizes<\/li>\n<li>Painting\/drawing in the courtyard or in the \"Unter Eechen\" meeting place<\/li>\n<\/ul>\n<p>The programme takes place indoors and outdoors and is aimed at students in grades 5 to 12.<br \/>\nDates: by arrangement<br \/>\nPre-registration: at least 2 weeks in advance<\/p>\n<p>Duration:<\/p>\n<ul>\n<li>Guided tour of the shop approx. 45 minutes<\/li>\n<li>Documentaries on the life and work of the writer Erwin Strittmatter approx. 1 hour<\/li>\n<li>Painting\/drawing in the courtyard or in the meeting place \"Unter Eechen\".<\/li>\n<li>approx. 2 to 3 hours<\/li>\n<\/ul>\n<p>Group size: up to 30 people<br \/>\nAdmission per person: \u20ac 2.50<br \/>\nChildren and teenagers: 0,50 \u20ac<\/p>\n<p><strong>Note<\/strong>The offer also comes to the school on request.<br \/>\nPrerequisite: DVD player should be available<\/p>\n<p><a title=\"Erwin Strittmatter Memorial &quot;The Shop&quot; Bohsdorf \/ Wopomni\u0161\u0107o Erwina Strittmattera &quot;Loda&quot; B\u00f3\u0161ojc\" href=\"\/museen\/erwin-strittmatter-gedenkstaette-der-laden-bohsdorf\/\">Erwin Strittmatter Memorial Bohsdorf<\/a><\/p>","protected":false},"excerpt":{"rendered":"<p>Children and young people are to be familiarised with the life and work of the poet Erwin Strittmatter at authentic locations in Bohsdorf, given their first ideas about the beauty of his language and encouraged to read his works. Guided tour of the shop Documentaries on the life and work of the writer Erwin Strittmatter Quiz with prizes Painting\/drawing at the<\/p>","protected":false},"author":13,"featured_media":0,"parent":380,"menu_order":0,"comment_status":"closed","ping_status":"closed","template":"","meta":[],"_links":{"self":[{"href":"https:\/\/www.lausitzer-museenland.de\/en\/wp-json\/wp\/v2\/pages\/617"}],"collection":[{"href":"https:\/\/www.lausitzer-museenland.de\/en\/wp-json\/wp\/v2\/pages"}],"about":[{"href":"https:\/\/www.lausitzer-museenland.de\/en\/wp-json\/wp\/v2\/types\/page"}],"author":[{"embeddable":true,"href":"https:\/\/www.lausitzer-museenland.de\/en\/wp-json\/wp\/v2\/users\/13"}],"replies":[{"embeddable":true,"href":"https:\/\/www.lausitzer-museenland.de\/en\/wp-json\/wp\/v2\/comments?post=617"}],"version-history":[{"count":4,"href":"https:\/\/www.lausitzer-museenland.de\/en\/wp-json\/wp\/v2\/pages\/617\/revisions"}],"predecessor-version":[{"id":3613,"href":"https:\/\/www.lausitzer-museenland.de\/en\/wp-json\/wp\/v2\/pages\/617\/revisions\/3613"}],"up":[{"embeddable":true,"href":"https:\/\/www.lausitzer-museenland.de\/en\/wp-json\/wp\/v2\/pages\/380"}],"wp:attachment":[{"href":"https:\/\/www.lausitzer-museenland.de\/en\/wp-json\/wp\/v2\/media?parent=617"}],"curies":[{"name":"wp","href":"https:\/\/api.w.org\/{rel}","templated":true}]}}