{"id":624,"date":"2014-11-14T17:29:43","date_gmt":"2014-11-14T16:29:43","guid":{"rendered":"http:\/\/lausitzer-museenland.de\/?page_id=624"},"modified":"2017-03-07T10:18:54","modified_gmt":"2017-03-07T09:18:54","slug":"luftfahrtgeschichte-des-flugplatzes","status":"publish","type":"page","link":"https:\/\/www.lausitzer-museenland.de\/en\/service\/kobi\/aviation-history-of-the-airfield\/","title":{"rendered":"Aviation history of Cottbus airfield"},"content":{"rendered":"<p>The exhibition on the history of Cottbus airfield is divided into three chronological sections (the years 1916 to 1945, 1945 to 1990 and from 1990 to the present). The airfield was used for military purposes from 1933 to 1990. In addition, the pupils learn interesting facts about the aviation history of Lusatia.<\/p>\n<p>The offer takes place indoors and outdoors and is aimed at schoolchildren.<br \/>\nof classes 1 to 10.<br \/>\nDates: by arrangement<br \/>\nPre-registration: at least 2 weeks in advance<\/p>\n<p><a title=\"Cottbus Airfield Museum \/ L\u011btani\u0161\u0107owy muzej Ch\u00f3\u015bebuz\" href=\"\/museen\/flugplatzmuseum-Cottbus\/\">Cottbus Airfield Museum<\/a><\/p>","protected":false},"excerpt":{"rendered":"<p>The exhibition on the history of Cottbus airfield is divided into three chronological sections (the years 1916 to 1945, 1945 to 1990 and from 1990 to the present). The airfield was used for military purposes from 1933 to 1990. In addition, the pupils learn interesting facts about the aviation history of Lusatia. The programme takes place indoors and<\/p>","protected":false},"author":13,"featured_media":0,"parent":380,"menu_order":0,"comment_status":"closed","ping_status":"closed","template":"","meta":[],"_links":{"self":[{"href":"https:\/\/www.lausitzer-museenland.de\/en\/wp-json\/wp\/v2\/pages\/624"}],"collection":[{"href":"https:\/\/www.lausitzer-museenland.de\/en\/wp-json\/wp\/v2\/pages"}],"about":[{"href":"https:\/\/www.lausitzer-museenland.de\/en\/wp-json\/wp\/v2\/types\/page"}],"author":[{"embeddable":true,"href":"https:\/\/www.lausitzer-museenland.de\/en\/wp-json\/wp\/v2\/users\/13"}],"replies":[{"embeddable":true,"href":"https:\/\/www.lausitzer-museenland.de\/en\/wp-json\/wp\/v2\/comments?post=624"}],"version-history":[{"count":6,"href":"https:\/\/www.lausitzer-museenland.de\/en\/wp-json\/wp\/v2\/pages\/624\/revisions"}],"predecessor-version":[{"id":6338,"href":"https:\/\/www.lausitzer-museenland.de\/en\/wp-json\/wp\/v2\/pages\/624\/revisions\/6338"}],"up":[{"embeddable":true,"href":"https:\/\/www.lausitzer-museenland.de\/en\/wp-json\/wp\/v2\/pages\/380"}],"wp:attachment":[{"href":"https:\/\/www.lausitzer-museenland.de\/en\/wp-json\/wp\/v2\/media?parent=624"}],"curies":[{"name":"wp","href":"https:\/\/api.w.org\/{rel}","templated":true}]}}