{"id":631,"date":"2014-11-14T17:34:22","date_gmt":"2014-11-14T16:34:22","guid":{"rendered":"http:\/\/lausitzer-museenland.de\/?page_id=631"},"modified":"2023-11-14T11:34:06","modified_gmt":"2023-11-14T10:34:06","slug":"vom-korn-zum-brot","status":"publish","type":"page","link":"https:\/\/www.lausitzer-museenland.de\/en\/service\/kobi\/from-grain-to-bread\/","title":{"rendered":"From grain to bread in the Bloischdorf museum barn"},"content":{"rendered":"<p>To show the children how laborious bread baking was in the past, they mould loaves of bread themselves from pre-made dough, which are then baked in the museum oven.<br \/>\nAn educational lesson provides lots of interesting facts about cereals. The children can also make butter from cream. Afterwards, herbs are collected from the museum's own herb garden and made into herb butter and herb quark. The bread is taken out of the oven and cooled. Meanwhile, the pupils solve a quiz or a crossword puzzle. Finally, the children eat the bread with herb quark and herb butter.<\/p>\n<p>The programme takes place indoors and outdoors and is aimed at daycare centres and schoolchildren<br \/>\nof classes 1 to 8.<br \/>\nDates: by arrangement<br \/>\nPre-registration: at least 3 weeks in advance<br \/>\nDuration: approx. 3 hours<br \/>\nGroup size: 10 to 30 people<br \/>\nContribution towards expenses per person: \u20ac 7.00<br \/>\n2 carers of the group have free admission<br \/>\n<a title=\"Lower Lusatian Sorbian Village Museum Bloischdorf\/ B\u0142obo\u0161ojce\" href=\"\/museen\/niederlausitzer-sorbisches-dorfmuseum-bloischdorf\/\">Bloischdorf Museum Barn<\/a><\/p>","protected":false},"excerpt":{"rendered":"<p>Um den Kindern zu zeigen, wie m\u00fchsam das Brotbacken fr\u00fcher war, formen sie aus vorgefertigtem Teig selbst Brotlaibe, die anschlie\u00dfend im Museumsbackofen gebacken werden. In einer Lehrstunde wird viel Wissenswertes \u00fcber Getreide vermittelt. Au\u00dferdem k\u00f6nnen die Kinder aus Sahne Butter herstellen. Anschlie\u00dfend werden Kr\u00e4uter aus dem museumseigenen Kr\u00e4utergarten gesammelt und zu Kr\u00e4uterbutter und Kr\u00e4uterquark verarbeitet.<\/p>","protected":false},"author":13,"featured_media":0,"parent":380,"menu_order":0,"comment_status":"closed","ping_status":"closed","template":"","meta":[],"_links":{"self":[{"href":"https:\/\/www.lausitzer-museenland.de\/en\/wp-json\/wp\/v2\/pages\/631"}],"collection":[{"href":"https:\/\/www.lausitzer-museenland.de\/en\/wp-json\/wp\/v2\/pages"}],"about":[{"href":"https:\/\/www.lausitzer-museenland.de\/en\/wp-json\/wp\/v2\/types\/page"}],"author":[{"embeddable":true,"href":"https:\/\/www.lausitzer-museenland.de\/en\/wp-json\/wp\/v2\/users\/13"}],"replies":[{"embeddable":true,"href":"https:\/\/www.lausitzer-museenland.de\/en\/wp-json\/wp\/v2\/comments?post=631"}],"version-history":[{"count":7,"href":"https:\/\/www.lausitzer-museenland.de\/en\/wp-json\/wp\/v2\/pages\/631\/revisions"}],"predecessor-version":[{"id":54886,"href":"https:\/\/www.lausitzer-museenland.de\/en\/wp-json\/wp\/v2\/pages\/631\/revisions\/54886"}],"up":[{"embeddable":true,"href":"https:\/\/www.lausitzer-museenland.de\/en\/wp-json\/wp\/v2\/pages\/380"}],"wp:attachment":[{"href":"https:\/\/www.lausitzer-museenland.de\/en\/wp-json\/wp\/v2\/media?parent=631"}],"curies":[{"name":"wp","href":"https:\/\/api.w.org\/{rel}","templated":true}]}}