{"id":644,"date":"2014-11-14T17:42:34","date_gmt":"2014-11-14T16:42:34","guid":{"rendered":"http:\/\/lausitzer-museenland.de\/?page_id=644"},"modified":"2017-04-05T12:57:59","modified_gmt":"2017-04-05T11:57:59","slug":"forster-wasserturm","status":"publish","type":"page","link":"https:\/\/www.lausitzer-museenland.de\/en\/service\/kobi\/forster-water-tower\/","title":{"rendered":"\"The Fat One\" - Forst Water Tower - in the Brandenburg Textile Museum Forst"},"content":{"rendered":"<p>The visitors learn a lot of interesting facts about the history and functioning of the Forster water tower. The water supply in former times and today is shown in short forays. A tour of the water tower can be arranged on request.<\/p>\n<p>Action: Re-creation of the water tower on the handloom frame.<\/p>\n<p>The programme takes place indoors and outdoors and is aimed at pupils in grades 1 to 6.<br \/>\nDates: by arrangement<br \/>\nPre-registration at least 1 week in advance<br \/>\nDuration: approx. 3 to 4 hours<br \/>\nGroup size: 5 to 20 people<br \/>\nAdmission per person: \u20ac 3.50<\/p>\n<p><a title=\"Brandenburg Textile Museum Forst (Lausitz) \/ Bramborski tekstilny muzej Bar\u0161\u0107 (\u0141u\u017eyca)\" href=\"\/museen\/brandenburgisches-textilmuseum-forst\/\">Brandenburg Textile Museum Forst<\/a><\/p>","protected":false},"excerpt":{"rendered":"<p>The visitors learn a lot of interesting facts about the history and functioning of the Forster water tower. The water supply systems of the past and present are shown in short rambles, and a tour of the water tower can be arranged on request. Activity: recreation of the water tower on the handloom frame. The offer takes place indoors and outdoors and is aimed at pupils in classes 1 to<\/p>","protected":false},"author":13,"featured_media":0,"parent":380,"menu_order":0,"comment_status":"closed","ping_status":"closed","template":"","meta":[],"_links":{"self":[{"href":"https:\/\/www.lausitzer-museenland.de\/en\/wp-json\/wp\/v2\/pages\/644"}],"collection":[{"href":"https:\/\/www.lausitzer-museenland.de\/en\/wp-json\/wp\/v2\/pages"}],"about":[{"href":"https:\/\/www.lausitzer-museenland.de\/en\/wp-json\/wp\/v2\/types\/page"}],"author":[{"embeddable":true,"href":"https:\/\/www.lausitzer-museenland.de\/en\/wp-json\/wp\/v2\/users\/13"}],"replies":[{"embeddable":true,"href":"https:\/\/www.lausitzer-museenland.de\/en\/wp-json\/wp\/v2\/comments?post=644"}],"version-history":[{"count":6,"href":"https:\/\/www.lausitzer-museenland.de\/en\/wp-json\/wp\/v2\/pages\/644\/revisions"}],"predecessor-version":[{"id":9687,"href":"https:\/\/www.lausitzer-museenland.de\/en\/wp-json\/wp\/v2\/pages\/644\/revisions\/9687"}],"up":[{"embeddable":true,"href":"https:\/\/www.lausitzer-museenland.de\/en\/wp-json\/wp\/v2\/pages\/380"}],"wp:attachment":[{"href":"https:\/\/www.lausitzer-museenland.de\/en\/wp-json\/wp\/v2\/media?parent=644"}],"curies":[{"name":"wp","href":"https:\/\/api.w.org\/{rel}","templated":true}]}}