{"id":647,"date":"2014-11-14T17:44:10","date_gmt":"2014-11-14T16:44:10","guid":{"rendered":"http:\/\/lausitzer-museenland.de\/?page_id=647"},"modified":"2017-04-05T12:58:58","modified_gmt":"2017-04-05T11:58:58","slug":"patchworkkissen-selbst-naehen","status":"publish","type":"page","link":"https:\/\/www.lausitzer-museenland.de\/en\/service\/kobi\/patchwork-cushion-self-sewing\/","title":{"rendered":"Sew a cosy patchwork cushion yourself at the Brandenburg Textile Museum in Forst"},"content":{"rendered":"<p>Patchwork - this artistically appealing textile work literally means \"patchwork\". This creative technique was first used in ancient Egypt, more than 2000 years ago. For thousands of years, people all over the world have puzzled pieces of fabric together out of necessity or for fun and then sewn them together to make a \"new fabric\" again. Ingenuity, different materials and cultural differences have resulted in a multitude of different patterns and patchwork techniques.<\/p>\n<p>Action: Sewing a patchwork cushion<\/p>\n<p>The offer takes place indoors and is aimed at schoolchildren.<br \/>\nof classes 6 to 10.<br \/>\nDates: by arrangement<br \/>\nPre-registration: at least 1 week in advance<br \/>\nDuration: approx. 1 to 1.5 hours<br \/>\nGroup size: 5 to 30 people<br \/>\nAdmission per person: \u20ac 3.50<\/p>\n<p><a title=\"Brandenburg Textile Museum Forst (Lausitz) \/ Bramborski tekstilny muzej Bar\u0161\u0107 (\u0141u\u017eyca)\" href=\"\/museen\/brandenburgisches-textilmuseum-forst\/\">Brandenburg Textile Museum Forst<\/a><\/p>","protected":false},"excerpt":{"rendered":"<p>Patchwork - this artistically appealing textile work literally means \"patchwork\". This creative technique was first used in ancient Egypt, more than 2000 years ago. For thousands of years, people all over the world have puzzled pieces of fabric together out of necessity or for fun and then sewn them together to make a \"new fabric\" again. Through ingenuity, different materials and cultural differences<\/p>","protected":false},"author":13,"featured_media":0,"parent":380,"menu_order":0,"comment_status":"closed","ping_status":"closed","template":"","meta":[],"_links":{"self":[{"href":"https:\/\/www.lausitzer-museenland.de\/en\/wp-json\/wp\/v2\/pages\/647"}],"collection":[{"href":"https:\/\/www.lausitzer-museenland.de\/en\/wp-json\/wp\/v2\/pages"}],"about":[{"href":"https:\/\/www.lausitzer-museenland.de\/en\/wp-json\/wp\/v2\/types\/page"}],"author":[{"embeddable":true,"href":"https:\/\/www.lausitzer-museenland.de\/en\/wp-json\/wp\/v2\/users\/13"}],"replies":[{"embeddable":true,"href":"https:\/\/www.lausitzer-museenland.de\/en\/wp-json\/wp\/v2\/comments?post=647"}],"version-history":[{"count":4,"href":"https:\/\/www.lausitzer-museenland.de\/en\/wp-json\/wp\/v2\/pages\/647\/revisions"}],"predecessor-version":[{"id":9852,"href":"https:\/\/www.lausitzer-museenland.de\/en\/wp-json\/wp\/v2\/pages\/647\/revisions\/9852"}],"up":[{"embeddable":true,"href":"https:\/\/www.lausitzer-museenland.de\/en\/wp-json\/wp\/v2\/pages\/380"}],"wp:attachment":[{"href":"https:\/\/www.lausitzer-museenland.de\/en\/wp-json\/wp\/v2\/media?parent=647"}],"curies":[{"name":"wp","href":"https:\/\/api.w.org\/{rel}","templated":true}]}}