{"id":650,"date":"2014-11-14T17:45:50","date_gmt":"2014-11-14T16:45:50","guid":{"rendered":"http:\/\/lausitzer-museenland.de\/?page_id=650"},"modified":"2017-04-05T13:00:42","modified_gmt":"2017-04-05T12:00:42","slug":"fadenbilder","status":"publish","type":"page","link":"https:\/\/www.lausitzer-museenland.de\/en\/service\/kobi\/thread-pictures\/","title":{"rendered":"Thread Pictures in the Brandenburg Textile Museum Forst"},"content":{"rendered":"<p>In the clothmaker's show workshop, the pupils experience the work steps that are necessary to produce a thread. The demonstrations are shown on the historical hand tools and the machines from the 20th century. The hand-operated and machine processes are demonstrated on the spinning wheel, winding wheel, sample carding machine, selfactor and ring spinning machine and explained by the specialist staff. In a subsequent practical activity, the visitors make a work of thread art from many colourful threads on a stenter frame.<\/p>\n<p>The offer takes place indoors and is aimed at schoolchildren.<br \/>\nof classes 3 to 6.<br \/>\nDates: by arrangement<br \/>\nPre-registration: at least 1 week in advance<br \/>\nDuration: approx. 1.5 hours<br \/>\nGroup size: 5 to 30 people<br \/>\nAdmission per person: \u20ac 3.50<\/p>\n<p><a title=\"Brandenburg Textile Museum Forst (Lausitz) \/ Bramborski tekstilny muzej Bar\u0161\u0107 (\u0141u\u017eyca)\" href=\"\/museen\/brandenburgisches-textilmuseum-forst\/\">Brandenburg Textile Museum Forst<\/a><\/p>","protected":false},"excerpt":{"rendered":"<p>In the clothmaker's show workshop, the pupils experience the work steps that are necessary to produce a thread. The demonstrations are shown on the historical hand tools and the machines from the 20th century. The hand-operated and machine processes are demonstrated on the spinning wheel, winding wheel, sample carding machine, selfactor and ring spinning machine and explained by the specialist staff. In a subsequent practical work<\/p>","protected":false},"author":13,"featured_media":0,"parent":380,"menu_order":0,"comment_status":"closed","ping_status":"closed","template":"","meta":[],"_links":{"self":[{"href":"https:\/\/www.lausitzer-museenland.de\/en\/wp-json\/wp\/v2\/pages\/650"}],"collection":[{"href":"https:\/\/www.lausitzer-museenland.de\/en\/wp-json\/wp\/v2\/pages"}],"about":[{"href":"https:\/\/www.lausitzer-museenland.de\/en\/wp-json\/wp\/v2\/types\/page"}],"author":[{"embeddable":true,"href":"https:\/\/www.lausitzer-museenland.de\/en\/wp-json\/wp\/v2\/users\/13"}],"replies":[{"embeddable":true,"href":"https:\/\/www.lausitzer-museenland.de\/en\/wp-json\/wp\/v2\/comments?post=650"}],"version-history":[{"count":4,"href":"https:\/\/www.lausitzer-museenland.de\/en\/wp-json\/wp\/v2\/pages\/650\/revisions"}],"predecessor-version":[{"id":10017,"href":"https:\/\/www.lausitzer-museenland.de\/en\/wp-json\/wp\/v2\/pages\/650\/revisions\/10017"}],"up":[{"embeddable":true,"href":"https:\/\/www.lausitzer-museenland.de\/en\/wp-json\/wp\/v2\/pages\/380"}],"wp:attachment":[{"href":"https:\/\/www.lausitzer-museenland.de\/en\/wp-json\/wp\/v2\/media?parent=650"}],"curies":[{"name":"wp","href":"https:\/\/api.w.org\/{rel}","templated":true}]}}