{"id":652,"date":"2014-11-14T17:47:01","date_gmt":"2014-11-14T16:47:01","guid":{"rendered":"http:\/\/lausitzer-museenland.de\/?page_id=652"},"modified":"2017-04-05T13:01:58","modified_gmt":"2017-04-05T12:01:58","slug":"filzen-mit-schafwolle","status":"publish","type":"page","link":"https:\/\/www.lausitzer-museenland.de\/en\/service\/kobi\/felting-with-sheep-wool\/","title":{"rendered":"Felting with sheep's wool at the Brandenburg Textile Museum Forst"},"content":{"rendered":"<p>On a tour of the clothmaker's workshop, pupils learn how sheep's wool is processed. Pupils can try out wet or dry felting and make their own accessories for the home.<\/p>\n<p>The offer takes place indoors and is aimed at schoolchildren.<br \/>\nof classes 3 to 6.<br \/>\nDates: by arrangement<br \/>\nPre-registration: at least 1 week in advance<br \/>\nDuration: approx. 2 hours<br \/>\nGroup size: 5 to 30 people<br \/>\nAdmission per person: \u20ac 3.50<\/p>\n<p><a title=\"Brandenburg Textile Museum Forst (Lausitz) \/ Bramborski tekstilny muzej Bar\u0161\u0107 (\u0141u\u017eyca)\" href=\"\/museen\/brandenburgisches-textilmuseum-forst\/\">Brandenburg Textile Museum Forst<\/a><\/p>","protected":false},"excerpt":{"rendered":"<p>On a tour of the clothmaker's workshop, pupils learn how sheep's wool is processed. The pupils can try out wet or dry felting and make their own accessories for the home. The offer takes place indoors and is aimed at pupils in classes 3 to 6. Dates: by arrangement Pre-registration: at least 1 week in advance Duration: approx.<\/p>","protected":false},"author":13,"featured_media":0,"parent":380,"menu_order":0,"comment_status":"closed","ping_status":"closed","template":"","meta":[],"_links":{"self":[{"href":"https:\/\/www.lausitzer-museenland.de\/en\/wp-json\/wp\/v2\/pages\/652"}],"collection":[{"href":"https:\/\/www.lausitzer-museenland.de\/en\/wp-json\/wp\/v2\/pages"}],"about":[{"href":"https:\/\/www.lausitzer-museenland.de\/en\/wp-json\/wp\/v2\/types\/page"}],"author":[{"embeddable":true,"href":"https:\/\/www.lausitzer-museenland.de\/en\/wp-json\/wp\/v2\/users\/13"}],"replies":[{"embeddable":true,"href":"https:\/\/www.lausitzer-museenland.de\/en\/wp-json\/wp\/v2\/comments?post=652"}],"version-history":[{"count":4,"href":"https:\/\/www.lausitzer-museenland.de\/en\/wp-json\/wp\/v2\/pages\/652\/revisions"}],"predecessor-version":[{"id":10182,"href":"https:\/\/www.lausitzer-museenland.de\/en\/wp-json\/wp\/v2\/pages\/652\/revisions\/10182"}],"up":[{"embeddable":true,"href":"https:\/\/www.lausitzer-museenland.de\/en\/wp-json\/wp\/v2\/pages\/380"}],"wp:attachment":[{"href":"https:\/\/www.lausitzer-museenland.de\/en\/wp-json\/wp\/v2\/media?parent=652"}],"curies":[{"name":"wp","href":"https:\/\/api.w.org\/{rel}","templated":true}]}}