{"id":654,"date":"2014-11-14T17:48:10","date_gmt":"2014-11-14T16:48:10","guid":{"rendered":"http:\/\/lausitzer-museenland.de\/?page_id=654"},"modified":"2017-04-05T13:13:27","modified_gmt":"2017-04-05T12:13:27","slug":"herzen-aus-stoff","status":"publish","type":"page","link":"https:\/\/www.lausitzer-museenland.de\/en\/service\/kobi\/hearts-of-fabric\/","title":{"rendered":"Hearts made of fabric at the Brandenburg Textile Museum in Forst"},"content":{"rendered":"<p>In the clothmaker's workshop, the pupils learn how cloth is made. They see and hear how work was done on the historical hand tools and machines. In particular, they can follow the technical development from the hand loom to the mechanical loom. Furthermore, the visitors learn a lot of interesting facts about the historical development of the handicraft technique \"patchwork\" in a short introduction. Patchwork\" means \"patchwork\" in translation. The pupils work in the simple patchwork gluing technique. They put the differently coloured patterned pieces of fabric together and join them by gluing and sewing.<\/p>\n<p>The offer takes place indoors and is aimed at schoolchildren.<br \/>\nof classes 3 to 6.<br \/>\nDates: by arrangement<br \/>\nPre-registration: at least 1 week in advance<br \/>\nDuration: approx. 2 hours<br \/>\nGroup size: 5 to 30 people<br \/>\nAdmission per person: \u20ac 3.50<\/p>\n<p><a title=\"Brandenburg Textile Museum Forst (Lausitz) \/ Bramborski tekstilny muzej Bar\u0161\u0107 (\u0141u\u017eyca)\" href=\"\/museen\/brandenburgisches-textilmuseum-forst\/\">Brandenburg Textile Museum Forst<\/a><\/p>","protected":false},"excerpt":{"rendered":"<p>In the clothmaker's workshop, the pupils learn how cloth is made. They see and hear how work was done on the historical hand tools and machines. In particular, they can follow the technical development from the hand loom to the mechanical loom. Furthermore, the visitors learn a lot of interesting facts about the historical development of the handicraft technique \"patchwork\" in a short introduction. A \"patchwork<\/p>","protected":false},"author":13,"featured_media":0,"parent":380,"menu_order":0,"comment_status":"closed","ping_status":"closed","template":"","meta":[],"_links":{"self":[{"href":"https:\/\/www.lausitzer-museenland.de\/en\/wp-json\/wp\/v2\/pages\/654"}],"collection":[{"href":"https:\/\/www.lausitzer-museenland.de\/en\/wp-json\/wp\/v2\/pages"}],"about":[{"href":"https:\/\/www.lausitzer-museenland.de\/en\/wp-json\/wp\/v2\/types\/page"}],"author":[{"embeddable":true,"href":"https:\/\/www.lausitzer-museenland.de\/en\/wp-json\/wp\/v2\/users\/13"}],"replies":[{"embeddable":true,"href":"https:\/\/www.lausitzer-museenland.de\/en\/wp-json\/wp\/v2\/comments?post=654"}],"version-history":[{"count":4,"href":"https:\/\/www.lausitzer-museenland.de\/en\/wp-json\/wp\/v2\/pages\/654\/revisions"}],"predecessor-version":[{"id":11337,"href":"https:\/\/www.lausitzer-museenland.de\/en\/wp-json\/wp\/v2\/pages\/654\/revisions\/11337"}],"up":[{"embeddable":true,"href":"https:\/\/www.lausitzer-museenland.de\/en\/wp-json\/wp\/v2\/pages\/380"}],"wp:attachment":[{"href":"https:\/\/www.lausitzer-museenland.de\/en\/wp-json\/wp\/v2\/media?parent=654"}],"curies":[{"name":"wp","href":"https:\/\/api.w.org\/{rel}","templated":true}]}}